{"id":3415,"date":"2021-08-26T15:35:33","date_gmt":"2021-08-26T12:35:33","guid":{"rendered":"https:\/\/peysanexport.com\/?page_id=3415"},"modified":"2023-09-19T18:15:30","modified_gmt":"2023-09-19T15:15:30","slug":"e-catalog","status":"publish","type":"page","link":"https:\/\/peysanexport.com\/az\/e-catalog\/","title":{"rendered":"e-Kataloq"},"content":{"rendered":"<p>[vc_section][vc_row][vc_column][tm_spacer size=&#8221;lg:48&#8243;][\/vc_column][\/vc_row][vc_row full_width=&#8221;stretch_row&#8221;][vc_column width=&#8221;5\/6&#8243;][tm_heading style=&#8221;left-line&#8221; tag=&#8221;h4&#8243; custom_google_font=&#8221;&#8221; text_color=&#8221;secondary&#8221;]Peysan\/Taciro\u011flu M\u0259hsullar\u0131 Kataloqu (2023)[\/tm_heading][tm_spacer size=&#8221;lg:16&#8243;][tm_heading style=&#8221;modern&#8221; tag=&#8221;p&#8221; custom_google_font=&#8221;&#8221;]Buradan \u015firk\u0259timiz haqq\u0131nda m\u0259lumat, m\u0259hsul qruplar\u0131m\u0131z\u0131n, m\u0259hsullar\u0131m\u0131z\u0131n qabla\u015fd\u0131rma v\u0259 saxlama  \u015f\u0259raiti haqq\u0131nda  \u0259trafl\u0131 m\u0259lumat\u0131n oldu\u011fu e-Kataloq fayl\u0131n\u0131 y\u00fckl\u0259y\u0259 bil\u0259rsiniz.[\/tm_heading][tm_spacer size=&#8221;lg:16&#8243;][\/vc_column][vc_column width=&#8221;1\/6&#8243;][tm_spacer size=&#8221;lg:16&#8243;][tm_image action=&#8221;custom_link&#8221; align=&#8221;center&#8221; animation=&#8221;move-right&#8221; image=&#8221;3416&#8243; rounded=&#8221;5&#8243; custom_link=&#8221;url:https%3A%2F%2Fpeysanexport.com%2Fwp-content%2Fuploads%2F2023%2F08%2Fpeysan-taciroglu-product-catalog-EN-AR-2023.pdf|title:Peysan%2FTaciro%C4%9Flu%20e-Catalog|target:_blank&#8221;][tm_spacer size=&#8221;lg:16&#8243;][tm_button button=&#8221;url:https%3A%2F%2Fpeysanexport.com%2Fwp-content%2Fuploads%2F2023%2F09%2Fpeysan-taciroglu-product-catalog-TR-2023.pdf|title:Y%C3%BCkl%C9%99|target:_blank&#8221; icon_align=&#8221;left&#8221; hover_animation=&#8221;icon-move&#8221; align=&#8221;center&#8221; animation=&#8221;move-up&#8221; icon_type=&#8221;fontawesome5&#8243; icon_fontawesome5=&#8221;far fa-file-pdf&#8221;][tm_spacer size=&#8221;lg:16&#8243;][\/vc_column][\/vc_row][\/vc_section]<\/p>\n","protected":false},"excerpt":{"rendered":"<p>[vc_section][vc_row][vc_column][tm_spacer size=&#8221;lg:48&#8243;][\/vc_column][\/vc_row][vc_row full_width=&#8221;stretch_row&#8221;][vc_column width=&#8221;5\/6&#8243;][tm_heading style=&#8221;left-line&#8221; tag=&#8221;h4&#8243; custom_google_font=&#8221;&#8221; text_color=&#8221;secondary&#8221;]Peysan\/Taciro\u011flu M\u0259hsullar\u0131 Kataloqu (2023)[\/tm_heading][tm_spacer size=&#8221;lg:16&#8243;][tm_heading style=&#8221;modern&#8221; tag=&#8221;p&#8221; custom_google_font=&#8221;&#8221;]Buradan \u015firk\u0259timiz haqq\u0131nda m\u0259lumat, m\u0259hsul qruplar\u0131m\u0131z\u0131n, m\u0259hsullar\u0131m\u0131z\u0131n qabla\u015fd\u0131rma v\u0259 saxlama \u015f\u0259raiti haqq\u0131nda \u0259trafl\u0131 m\u0259lumat\u0131n oldu\u011fu e-Kataloq fayl\u0131n\u0131 y\u00fckl\u0259y\u0259 bil\u0259rsiniz.[\/tm_heading][tm_spacer size=&#8221;lg:16&#8243;][\/vc_column][vc_column width=&#8221;1\/6&#8243;][tm_spacer size=&#8221;lg:16&#8243;][tm_image action=&#8221;custom_link&#8221; align=&#8221;center&#8221; animation=&#8221;move-right&#8221; image=&#8221;3416&#8243; rounded=&#8221;5&#8243; custom_link=&#8221;url:https%3A%2F%2Fpeysanexport.com%2Fwp-content%2Fuploads%2F2023%2F08%2Fpeysan-taciroglu-product-catalog-EN-AR-2023.pdf|title:Peysan%2FTaciro%C4%9Flu%20e-Catalog|target:_blank&#8221;][tm_spacer size=&#8221;lg:16&#8243;][tm_button button=&#8221;url:https%3A%2F%2Fpeysanexport.com%2Fwp-content%2Fuploads%2F2023%2F09%2Fpeysan-taciroglu-product-catalog-TR-2023.pdf|title:Y%C3%BCkl%C9%99|target:_blank&#8221; icon_align=&#8221;left&#8221; hover_animation=&#8221;icon-move&#8221; align=&#8221;center&#8221; animation=&#8221;move-up&#8221; icon_type=&#8221;fontawesome5&#8243; icon_fontawesome5=&#8221;far fa-file-pdf&#8221;][tm_spacer size=&#8221;lg:16&#8243;][\/vc_column][\/vc_row][\/vc_section]<\/p>\n","protected":false},"author":1,"featured_media":0,"parent":0,"menu_order":0,"comment_status":"closed","ping_status":"closed","template":"","meta":[],"_links":{"self":[{"href":"https:\/\/peysanexport.com\/az\/wp-json\/wp\/v2\/pages\/3415"}],"collection":[{"href":"https:\/\/peysanexport.com\/az\/wp-json\/wp\/v2\/pages"}],"about":[{"href":"https:\/\/peysanexport.com\/az\/wp-json\/wp\/v2\/types\/page"}],"author":[{"embeddable":true,"href":"https:\/\/peysanexport.com\/az\/wp-json\/wp\/v2\/users\/1"}],"replies":[{"embeddable":true,"href":"https:\/\/peysanexport.com\/az\/wp-json\/wp\/v2\/comments?post=3415"}],"version-history":[{"count":32,"href":"https:\/\/peysanexport.com\/az\/wp-json\/wp\/v2\/pages\/3415\/revisions"}],"predecessor-version":[{"id":7776,"href":"https:\/\/peysanexport.com\/az\/wp-json\/wp\/v2\/pages\/3415\/revisions\/7776"}],"wp:attachment":[{"href":"https:\/\/peysanexport.com\/az\/wp-json\/wp\/v2\/media?parent=3415"}],"curies":[{"name":"wp","href":"https:\/\/api.w.org\/{rel}","templated":true}]}}