{"id":3497,"date":"2021-08-30T12:38:07","date_gmt":"2021-08-30T09:38:07","guid":{"rendered":"https:\/\/peysanexport.com\/?post_type=product&#038;p=3497"},"modified":"2023-02-04T17:48:09","modified_gmt":"2023-02-04T14:48:09","slug":"peysan-full-fat-spreadable-soft-cheese-150-g","status":"publish","type":"product","link":"https:\/\/peysanexport.com\/az\/product\/peysan-full-fat-spreadable-soft-cheese-150-g\/","title":{"rendered":"Peysan Tam Ya\u011fl\u0131 \u018fritilmi\u015f T\u0259z\u0259 Pendir 150 qr"},"content":{"rendered":"<p>T\u0259z\u0259 s\u00fcd v\u0259 h\u0259qiqi s\u00fcd xamas\u0131n\u0131n Peysan t\u0259cr\u00fcb\u0259sil\u0259 istehsal edildiyi h\u0259qiqi tam ya\u011fl\u0131 t\u0259z\u0259 \u0259ritilmi\u015f pendir<\/p>\n","protected":false},"excerpt":{"rendered":"<p>T\u0259z\u0259 s\u00fcd v\u0259 h\u0259qiqi s\u00fcd xamas\u0131n\u0131n Peysan t\u0259cr\u00fcb\u0259sil\u0259 istehsal edildiyi h\u0259qiqi tam ya\u011fl\u0131 t\u0259z\u0259 \u0259ritilmi\u015f pendir<\/p>\n","protected":false},"featured_media":3477,"template":"","meta":[],"product_cat":[153],"product_tag":[],"_links":{"self":[{"href":"https:\/\/peysanexport.com\/az\/wp-json\/wp\/v2\/product\/3497"}],"collection":[{"href":"https:\/\/peysanexport.com\/az\/wp-json\/wp\/v2\/product"}],"about":[{"href":"https:\/\/peysanexport.com\/az\/wp-json\/wp\/v2\/types\/product"}],"wp:featuredmedia":[{"embeddable":true,"href":"https:\/\/peysanexport.com\/az\/wp-json\/wp\/v2\/media\/3477"}],"wp:attachment":[{"href":"https:\/\/peysanexport.com\/az\/wp-json\/wp\/v2\/media?parent=3497"}],"wp:term":[{"taxonomy":"product_cat","embeddable":true,"href":"https:\/\/peysanexport.com\/az\/wp-json\/wp\/v2\/product_cat?post=3497"},{"taxonomy":"product_tag","embeddable":true,"href":"https:\/\/peysanexport.com\/az\/wp-json\/wp\/v2\/product_tag?post=3497"}],"curies":[{"name":"wp","href":"https:\/\/api.w.org\/{rel}","templated":true}]}}