{"id":3502,"date":"2021-08-30T13:23:42","date_gmt":"2021-08-30T10:23:42","guid":{"rendered":"https:\/\/peysanexport.com\/?post_type=product&#038;p=3502"},"modified":"2023-02-04T17:59:31","modified_gmt":"2023-02-04T14:59:31","slug":"taciroglu-aged-kashar-250-g","status":"publish","type":"product","link":"https:\/\/peysanexport.com\/az\/product\/taciroglu-aged-kashar-250-g\/","title":{"rendered":"Taciro\u011flu K\u00f6hn\u0259 Ka\u015far 250 qr"},"content":{"rendered":"<p>\u018fn\u0259n\u0259vi \u00fcsullarla Trakya b\u00f6lg\u0259sin\u0259 m\u0259xsus in\u0259k, qoyun v\u0259 ke\u00e7i s\u00fcd\u00fcnd\u0259n istehsal edilmi\u015f, 12 ay saxlan\u0131lm\u0131\u015f Taciro\u011flu tam ya\u011fl\u0131  k\u00f6hne ka\u015far pendiri<\/p>\n","protected":false},"excerpt":{"rendered":"<p>\u018fn\u0259n\u0259vi \u00fcsullarla Trakya b\u00f6lg\u0259sin\u0259 m\u0259xsus in\u0259k, qoyun v\u0259 ke\u00e7i s\u00fcd\u00fcnd\u0259n istehsal edilmi\u015f, 12 ay saxlan\u0131lm\u0131\u015f Taciro\u011flu tam ya\u011fl\u0131  k\u00f6hne ka\u015far pendiri<\/p>\n","protected":false},"featured_media":3487,"template":"","meta":[],"product_cat":[152],"product_tag":[],"_links":{"self":[{"href":"https:\/\/peysanexport.com\/az\/wp-json\/wp\/v2\/product\/3502"}],"collection":[{"href":"https:\/\/peysanexport.com\/az\/wp-json\/wp\/v2\/product"}],"about":[{"href":"https:\/\/peysanexport.com\/az\/wp-json\/wp\/v2\/types\/product"}],"wp:featuredmedia":[{"embeddable":true,"href":"https:\/\/peysanexport.com\/az\/wp-json\/wp\/v2\/media\/3487"}],"wp:attachment":[{"href":"https:\/\/peysanexport.com\/az\/wp-json\/wp\/v2\/media?parent=3502"}],"wp:term":[{"taxonomy":"product_cat","embeddable":true,"href":"https:\/\/peysanexport.com\/az\/wp-json\/wp\/v2\/product_cat?post=3502"},{"taxonomy":"product_tag","embeddable":true,"href":"https:\/\/peysanexport.com\/az\/wp-json\/wp\/v2\/product_tag?post=3502"}],"curies":[{"name":"wp","href":"https:\/\/api.w.org\/{rel}","templated":true}]}}