{"id":3505,"date":"2021-08-30T13:36:36","date_gmt":"2021-08-30T10:36:36","guid":{"rendered":"https:\/\/peysanexport.com\/?post_type=product&#038;p=3505"},"modified":"2023-02-04T17:49:12","modified_gmt":"2023-02-04T14:49:12","slug":"peysan-full-fat-spreadable-creamy-cheese-with-pepper-200-g","status":"publish","type":"product","link":"https:\/\/peysanexport.com\/az\/product\/peysan-full-fat-spreadable-creamy-cheese-with-pepper-200-g\/","title":{"rendered":"Peysan Qaymaql\u0131 Bib\u0259rli Tam Ya\u011fl\u0131 \u018fritilmi\u015f T\u0259z\u0259 Pendir 200 qr"},"content":{"rendered":"<p>S\u0259h\u0259r yem\u0259yinizi z\u0259nginl\u0259\u015fdirm\u0259k \u00fc\u00e7\u00fcn tamam\u0259n Peysan resepti il\u0259 haz\u0131rlanan t\u0259z\u0259 pendir v\u0259 qayma\u011f\u0131n m\u00fck\u0259mm\u0259l ah\u0259ngi<\/p>\n","protected":false},"excerpt":{"rendered":"<p>S\u0259h\u0259r yem\u0259yinizi z\u0259nginl\u0259\u015fdirm\u0259k \u00fc\u00e7\u00fcn tamam\u0259n Peysan resepti il\u0259 haz\u0131rlanan t\u0259z\u0259 pendir v\u0259 qayma\u011f\u0131n m\u00fck\u0259mm\u0259l ah\u0259ngi<\/p>\n","protected":false},"featured_media":3458,"template":"","meta":[],"product_cat":[153],"product_tag":[],"_links":{"self":[{"href":"https:\/\/peysanexport.com\/az\/wp-json\/wp\/v2\/product\/3505"}],"collection":[{"href":"https:\/\/peysanexport.com\/az\/wp-json\/wp\/v2\/product"}],"about":[{"href":"https:\/\/peysanexport.com\/az\/wp-json\/wp\/v2\/types\/product"}],"wp:featuredmedia":[{"embeddable":true,"href":"https:\/\/peysanexport.com\/az\/wp-json\/wp\/v2\/media\/3458"}],"wp:attachment":[{"href":"https:\/\/peysanexport.com\/az\/wp-json\/wp\/v2\/media?parent=3505"}],"wp:term":[{"taxonomy":"product_cat","embeddable":true,"href":"https:\/\/peysanexport.com\/az\/wp-json\/wp\/v2\/product_cat?post=3505"},{"taxonomy":"product_tag","embeddable":true,"href":"https:\/\/peysanexport.com\/az\/wp-json\/wp\/v2\/product_tag?post=3505"}],"curies":[{"name":"wp","href":"https:\/\/api.w.org\/{rel}","templated":true}]}}