{"id":3507,"date":"2021-08-30T13:43:14","date_gmt":"2021-08-30T10:43:14","guid":{"rendered":"https:\/\/peysanexport.com\/?post_type=product&#038;p=3507"},"modified":"2023-02-04T17:39:33","modified_gmt":"2023-02-04T14:39:33","slug":"peysan-kashkaval-cheese-600-g","status":"publish","type":"product","link":"https:\/\/peysanexport.com\/az\/product\/peysan-kashkaval-cheese-600-g\/","title":{"rendered":"Peysan Ka\u015fkaval Pendiri 600 qr"},"content":{"rendered":"<p>Balkanlara m\u0259xsus \u00fcsullarla in\u0259k s\u00fcd\u00fcnd\u0259n istehsal edilmi\u015f, x\u00fcsusi l\u0259zz\u0259t yaratmaq m\u0259qs\u0259dil\u0259 yar\u0131 dinl\u0259ndirilm\u0131\u015f Peysan\u0131n tam ya\u011fl\u0131 ka\u015fkaval pendiri<\/p>\n","protected":false},"excerpt":{"rendered":"<p>Balkanlara m\u0259xsus \u00fcsullarla in\u0259k s\u00fcd\u00fcnd\u0259n istehsal edilmi\u015f, x\u00fcsusi l\u0259zz\u0259t yaratmaq m\u0259qs\u0259dil\u0259 yar\u0131 dinl\u0259ndirilm\u0131\u015f Peysan\u0131n tam ya\u011fl\u0131 ka\u015fkaval pendiri<\/p>\n","protected":false},"featured_media":4263,"template":"","meta":[],"product_cat":[151],"product_tag":[],"_links":{"self":[{"href":"https:\/\/peysanexport.com\/az\/wp-json\/wp\/v2\/product\/3507"}],"collection":[{"href":"https:\/\/peysanexport.com\/az\/wp-json\/wp\/v2\/product"}],"about":[{"href":"https:\/\/peysanexport.com\/az\/wp-json\/wp\/v2\/types\/product"}],"wp:featuredmedia":[{"embeddable":true,"href":"https:\/\/peysanexport.com\/az\/wp-json\/wp\/v2\/media\/4263"}],"wp:attachment":[{"href":"https:\/\/peysanexport.com\/az\/wp-json\/wp\/v2\/media?parent=3507"}],"wp:term":[{"taxonomy":"product_cat","embeddable":true,"href":"https:\/\/peysanexport.com\/az\/wp-json\/wp\/v2\/product_cat?post=3507"},{"taxonomy":"product_tag","embeddable":true,"href":"https:\/\/peysanexport.com\/az\/wp-json\/wp\/v2\/product_tag?post=3507"}],"curies":[{"name":"wp","href":"https:\/\/api.w.org\/{rel}","templated":true}]}}