{"id":3511,"date":"2021-08-30T13:49:50","date_gmt":"2021-08-30T10:49:50","guid":{"rendered":"https:\/\/peysanexport.com\/?post_type=product&#038;p=3511"},"modified":"2023-02-04T17:58:19","modified_gmt":"2023-02-04T14:58:19","slug":"taciroglu-white-cheese-sheep-450-g","status":"publish","type":"product","link":"https:\/\/peysanexport.com\/az\/product\/taciroglu-white-cheese-sheep-450-g\/","title":{"rendered":"Taciro\u011flu B\u0259yaz Pendir Qutu (Qoyun) 450 qr"},"content":{"rendered":"<p>T\u00fcrkiy\u0259y\u0259 m\u0259xsus \u0259n\u0259n\u0259vi  \u00fcsullarla in\u0259k v\u0259 qoyun s\u00fcd\u00fcnd\u0259n istehsal edilmi\u015f, 12 ay saxlan\u0131lm\u0131\u0131\u015f, Taciro\u011flu tam ya\u011fl\u0131 b\u0259yaz pendir<\/p>\n","protected":false},"excerpt":{"rendered":"<p>T\u00fcrkiy\u0259y\u0259 m\u0259xsus \u0259n\u0259n\u0259vi  \u00fcsullarla in\u0259k v\u0259 qoyun s\u00fcd\u00fcnd\u0259n istehsal edilmi\u015f, 12 ay saxlan\u0131lm\u0131\u0131\u015f, Taciro\u011flu tam ya\u011fl\u0131 b\u0259yaz pendir<\/p>\n","protected":false},"featured_media":3486,"template":"","meta":[],"product_cat":[152],"product_tag":[],"_links":{"self":[{"href":"https:\/\/peysanexport.com\/az\/wp-json\/wp\/v2\/product\/3511"}],"collection":[{"href":"https:\/\/peysanexport.com\/az\/wp-json\/wp\/v2\/product"}],"about":[{"href":"https:\/\/peysanexport.com\/az\/wp-json\/wp\/v2\/types\/product"}],"wp:featuredmedia":[{"embeddable":true,"href":"https:\/\/peysanexport.com\/az\/wp-json\/wp\/v2\/media\/3486"}],"wp:attachment":[{"href":"https:\/\/peysanexport.com\/az\/wp-json\/wp\/v2\/media?parent=3511"}],"wp:term":[{"taxonomy":"product_cat","embeddable":true,"href":"https:\/\/peysanexport.com\/az\/wp-json\/wp\/v2\/product_cat?post=3511"},{"taxonomy":"product_tag","embeddable":true,"href":"https:\/\/peysanexport.com\/az\/wp-json\/wp\/v2\/product_tag?post=3511"}],"curies":[{"name":"wp","href":"https:\/\/api.w.org\/{rel}","templated":true}]}}