{"id":3528,"date":"2021-08-30T14:31:32","date_gmt":"2021-08-30T11:31:32","guid":{"rendered":"https:\/\/peysanexport.com\/?post_type=product&#038;p=3528"},"modified":"2023-02-04T18:01:11","modified_gmt":"2023-02-04T15:01:11","slug":"taciroglu-kashkaval-cheese-plain-5000-g","status":"publish","type":"product","link":"https:\/\/peysanexport.com\/az\/product\/taciroglu-kashkaval-cheese-plain-5000-g\/","title":{"rendered":"Taciro\u011flu Ka\u015fkaval Pendiri Sad\u0259 5000 qr"},"content":{"rendered":"<p>Balkanlara m\u0259xsus \u00fcsullarla in\u0259k v\u0259 qoyun s\u00fcd\u00fcnd\u0259n istehsal edilmi\u015f, l\u0259zz\u0259tl\u0259ndirm\u0259k m\u0259qs\u0259dil\u0259 3 ay saxlan\u0131lm\u0131\u015f, Taciro\u011flu tam ya\u011fl\u0131 ka\u015fkaval pendiri<\/p>\n","protected":false},"excerpt":{"rendered":"<p>Balkanlara m\u0259xsus \u00fcsullarla in\u0259k v\u0259 qoyun s\u00fcd\u00fcnd\u0259n istehsal edilmi\u015f, l\u0259zz\u0259tl\u0259ndirm\u0259k m\u0259qs\u0259dil\u0259 3 ay saxlan\u0131lm\u0131\u015f, Taciro\u011flu tam ya\u011fl\u0131 ka\u015fkaval pendiri<\/p>\n","protected":false},"featured_media":3490,"template":"","meta":[],"product_cat":[152],"product_tag":[],"_links":{"self":[{"href":"https:\/\/peysanexport.com\/az\/wp-json\/wp\/v2\/product\/3528"}],"collection":[{"href":"https:\/\/peysanexport.com\/az\/wp-json\/wp\/v2\/product"}],"about":[{"href":"https:\/\/peysanexport.com\/az\/wp-json\/wp\/v2\/types\/product"}],"wp:featuredmedia":[{"embeddable":true,"href":"https:\/\/peysanexport.com\/az\/wp-json\/wp\/v2\/media\/3490"}],"wp:attachment":[{"href":"https:\/\/peysanexport.com\/az\/wp-json\/wp\/v2\/media?parent=3528"}],"wp:term":[{"taxonomy":"product_cat","embeddable":true,"href":"https:\/\/peysanexport.com\/az\/wp-json\/wp\/v2\/product_cat?post=3528"},{"taxonomy":"product_tag","embeddable":true,"href":"https:\/\/peysanexport.com\/az\/wp-json\/wp\/v2\/product_tag?post=3528"}],"curies":[{"name":"wp","href":"https:\/\/api.w.org\/{rel}","templated":true}]}}