{"id":3692,"date":"2021-09-23T17:27:54","date_gmt":"2021-09-23T14:27:54","guid":{"rendered":"https:\/\/peysanexport.com\/?post_type=product&#038;p=3692"},"modified":"2023-02-04T17:57:21","modified_gmt":"2023-02-04T14:57:21","slug":"taciroglu-full-fat-french-type-goat-cheese-with-thyme-200-g","status":"publish","type":"product","link":"https:\/\/peysanexport.com\/az\/product\/taciroglu-full-fat-french-type-goat-cheese-with-thyme-200-g\/","title":{"rendered":"Taciro\u011flu K\u0259klikotlu \u018fritilmi\u015f Ke\u00e7i Pendiri 200 qr"},"content":{"rendered":"<p>X\u00fcsusi yollarla istehsal edil\u0259n, hava alan  paketl\u0259rd\u0259 bir m\u00fcdd\u0259t saxlan\u0131l\u0131b, Taciro\u011flu  t\u0259cr\u00fcb\u0259si il\u0259 se\u00e7ilmi\u015f \u0259dviyyatlarla l\u0259zz\u0259tl\u0259ndiril\u0259n Taciro\u011flu tam ya\u011fl\u0131 t\u0259z\u0259 ke\u00e7i pendiri<\/p>\n","protected":false},"excerpt":{"rendered":"<p>X\u00fcsusi yollarla istehsal edil\u0259n, hava alan  paketl\u0259rd\u0259 bir m\u00fcdd\u0259t saxlan\u0131l\u0131b, Taciro\u011flu  t\u0259cr\u00fcb\u0259si il\u0259 se\u00e7ilmi\u015f \u0259dviyyatlarla l\u0259zz\u0259tl\u0259ndiril\u0259n Taciro\u011flu tam ya\u011fl\u0131 t\u0259z\u0259 ke\u00e7i pendiri<\/p>\n","protected":false},"featured_media":3696,"template":"","meta":[],"product_cat":[153],"product_tag":[],"_links":{"self":[{"href":"https:\/\/peysanexport.com\/az\/wp-json\/wp\/v2\/product\/3692"}],"collection":[{"href":"https:\/\/peysanexport.com\/az\/wp-json\/wp\/v2\/product"}],"about":[{"href":"https:\/\/peysanexport.com\/az\/wp-json\/wp\/v2\/types\/product"}],"wp:featuredmedia":[{"embeddable":true,"href":"https:\/\/peysanexport.com\/az\/wp-json\/wp\/v2\/media\/3696"}],"wp:attachment":[{"href":"https:\/\/peysanexport.com\/az\/wp-json\/wp\/v2\/media?parent=3692"}],"wp:term":[{"taxonomy":"product_cat","embeddable":true,"href":"https:\/\/peysanexport.com\/az\/wp-json\/wp\/v2\/product_cat?post=3692"},{"taxonomy":"product_tag","embeddable":true,"href":"https:\/\/peysanexport.com\/az\/wp-json\/wp\/v2\/product_tag?post=3692"}],"curies":[{"name":"wp","href":"https:\/\/api.w.org\/{rel}","templated":true}]}}