{"id":3698,"date":"2021-09-24T14:07:56","date_gmt":"2021-09-24T11:07:56","guid":{"rendered":"https:\/\/peysanexport.com\/?post_type=product&#038;p=3698"},"modified":"2023-02-04T18:02:36","modified_gmt":"2023-02-04T15:02:36","slug":"peysan-milk-jam-150-g","status":"publish","type":"product","link":"https:\/\/peysanexport.com\/az\/product\/peysan-milk-jam-150-g\/","title":{"rendered":"Peysan Qat\u0131la\u015fd\u0131r\u0131lm\u0131\u015f S\u00fcd\u00fc 150 qr"},"content":{"rendered":"<p>Konsentrasiya edilmi\u015f s\u00fcd\u00fcn, Peysan t\u0259cr\u00fcb\u0259sil\u0259 inki\u015faf etdirilmi\u015f, sabah yem\u0259yinin v\u0259 tortlar\u0131n  \u00f6n\u0259mli m\u0259hsulu Peysan qat\u0131la\u015fd\u0131r\u0131lm\u0131\u015f s\u00fcd\u00fc<\/p>\n","protected":false},"excerpt":{"rendered":"<p>Konsentrasiya edilmi\u015f s\u00fcd\u00fcn, Peysan t\u0259cr\u00fcb\u0259sil\u0259 inki\u015faf etdirilmi\u015f, sabah yem\u0259yinin v\u0259 tortlar\u0131n  \u00f6n\u0259mli m\u0259hsulu Peysan qat\u0131la\u015fd\u0131r\u0131lm\u0131\u015f s\u00fcd\u00fc<\/p>\n","protected":false},"featured_media":3695,"template":"","meta":[],"product_cat":[154],"product_tag":[],"_links":{"self":[{"href":"https:\/\/peysanexport.com\/az\/wp-json\/wp\/v2\/product\/3698"}],"collection":[{"href":"https:\/\/peysanexport.com\/az\/wp-json\/wp\/v2\/product"}],"about":[{"href":"https:\/\/peysanexport.com\/az\/wp-json\/wp\/v2\/types\/product"}],"wp:featuredmedia":[{"embeddable":true,"href":"https:\/\/peysanexport.com\/az\/wp-json\/wp\/v2\/media\/3695"}],"wp:attachment":[{"href":"https:\/\/peysanexport.com\/az\/wp-json\/wp\/v2\/media?parent=3698"}],"wp:term":[{"taxonomy":"product_cat","embeddable":true,"href":"https:\/\/peysanexport.com\/az\/wp-json\/wp\/v2\/product_cat?post=3698"},{"taxonomy":"product_tag","embeddable":true,"href":"https:\/\/peysanexport.com\/az\/wp-json\/wp\/v2\/product_tag?post=3698"}],"curies":[{"name":"wp","href":"https:\/\/api.w.org\/{rel}","templated":true}]}}