{"id":3717,"date":"2021-09-25T00:50:02","date_gmt":"2021-09-24T21:50:02","guid":{"rendered":"https:\/\/peysanexport.com\/?post_type=product&#038;p=3717"},"modified":"2023-02-04T17:36:48","modified_gmt":"2023-02-04T14:36:48","slug":"peysan-block-mozzarella-600-g","status":"publish","type":"product","link":"https:\/\/peysanexport.com\/az\/product\/peysan-block-mozzarella-600-g\/","title":{"rendered":"Peysan Blok Mozzarella 600 qr"},"content":{"rendered":"<p>\u0130taliyan \u00fcsulu resept il\u0259 isti suyla qaynatma yolu il\u0259 istehsal edilmi\u015f, pizzalar\u0131n olmazsa olmaz\u0131 Peysan\u0131n t\u0259z\u0259 r\u0259nd\u0259l\u0259nmi\u015f Mozarella pendiri<\/p>\n","protected":false},"excerpt":{"rendered":"<p>\u0130taliyan \u00fcsulu resept il\u0259 isti suyla qaynatma yolu il\u0259 istehsal edilmi\u015f, pizzalar\u0131n olmazsa olmaz\u0131 Peysan\u0131n t\u0259z\u0259 r\u0259nd\u0259l\u0259nmi\u015f Mozarella pendiri<\/p>\n","protected":false},"featured_media":4039,"template":"","meta":[],"product_cat":[151],"product_tag":[],"_links":{"self":[{"href":"https:\/\/peysanexport.com\/az\/wp-json\/wp\/v2\/product\/3717"}],"collection":[{"href":"https:\/\/peysanexport.com\/az\/wp-json\/wp\/v2\/product"}],"about":[{"href":"https:\/\/peysanexport.com\/az\/wp-json\/wp\/v2\/types\/product"}],"wp:featuredmedia":[{"embeddable":true,"href":"https:\/\/peysanexport.com\/az\/wp-json\/wp\/v2\/media\/4039"}],"wp:attachment":[{"href":"https:\/\/peysanexport.com\/az\/wp-json\/wp\/v2\/media?parent=3717"}],"wp:term":[{"taxonomy":"product_cat","embeddable":true,"href":"https:\/\/peysanexport.com\/az\/wp-json\/wp\/v2\/product_cat?post=3717"},{"taxonomy":"product_tag","embeddable":true,"href":"https:\/\/peysanexport.com\/az\/wp-json\/wp\/v2\/product_tag?post=3717"}],"curies":[{"name":"wp","href":"https:\/\/api.w.org\/{rel}","templated":true}]}}