{"id":4043,"date":"2022-01-05T17:17:28","date_gmt":"2022-01-05T14:17:28","guid":{"rendered":"https:\/\/peysanexport.com\/tr\/?post_type=product&#038;p=4043"},"modified":"2023-02-04T17:49:38","modified_gmt":"2023-02-04T14:49:38","slug":"peysan-triangle-tulum-cheese-plain-300-g","status":"publish","type":"product","link":"https:\/\/peysanexport.com\/az\/product\/peysan-triangle-tulum-cheese-plain-300-g\/","title":{"rendered":"Peysan \u00dc\u00e7bucaq \u015f\u0259klind\u0259 Motal Pendiri Sad\u0259 300 qr"},"content":{"rendered":"<p>X\u00fcsusi yollarla istehsal edilmi\u015f, i\u015fl\u0259m g\u00f6rm\u00fc\u015f Peysan tam ya\u011fl\u0131 motal pendiri<\/p>\n","protected":false},"excerpt":{"rendered":"<p>X\u00fcsusi yollarla istehsal edilmi\u015f, i\u015fl\u0259m g\u00f6rm\u00fc\u015f Peysan tam ya\u011fl\u0131 motal pendiri<\/p>\n","protected":false},"featured_media":4044,"template":"","meta":[],"product_cat":[153],"product_tag":[],"_links":{"self":[{"href":"https:\/\/peysanexport.com\/az\/wp-json\/wp\/v2\/product\/4043"}],"collection":[{"href":"https:\/\/peysanexport.com\/az\/wp-json\/wp\/v2\/product"}],"about":[{"href":"https:\/\/peysanexport.com\/az\/wp-json\/wp\/v2\/types\/product"}],"wp:featuredmedia":[{"embeddable":true,"href":"https:\/\/peysanexport.com\/az\/wp-json\/wp\/v2\/media\/4044"}],"wp:attachment":[{"href":"https:\/\/peysanexport.com\/az\/wp-json\/wp\/v2\/media?parent=4043"}],"wp:term":[{"taxonomy":"product_cat","embeddable":true,"href":"https:\/\/peysanexport.com\/az\/wp-json\/wp\/v2\/product_cat?post=4043"},{"taxonomy":"product_tag","embeddable":true,"href":"https:\/\/peysanexport.com\/az\/wp-json\/wp\/v2\/product_tag?post=4043"}],"curies":[{"name":"wp","href":"https:\/\/api.w.org\/{rel}","templated":true}]}}