{"id":4047,"date":"2022-01-05T17:36:50","date_gmt":"2022-01-05T14:36:50","guid":{"rendered":"https:\/\/peysanexport.com\/tr\/?post_type=product&#038;p=4047"},"modified":"2023-02-04T18:00:45","modified_gmt":"2023-02-04T15:00:45","slug":"peysan-tulum-cheese-erzincan-with-black-cumin-225-g","status":"publish","type":"product","link":"https:\/\/peysanexport.com\/az\/product\/peysan-tulum-cheese-erzincan-with-black-cumin-225-g\/","title":{"rendered":"Peysan \u00c7\u00f6r\u0259kotlu Motal Pendiri (\u018frzincan) 225 qr"},"content":{"rendered":"<p>X\u00fcsusi \u00fcsullarla istehsal edilmi\u015f, i\u015fl\u0259md\u0259n ke\u00e7mi\u015f Peysan tam ya\u011fl\u0131 motal pendiri<\/p>\n","protected":false},"excerpt":{"rendered":"<p>X\u00fcsusi \u00fcsullarla istehsal edilmi\u015f, i\u015fl\u0259md\u0259n ke\u00e7mi\u015f Peysan tam ya\u011fl\u0131 motal pendiri<\/p>\n","protected":false},"featured_media":4048,"template":"","meta":[],"product_cat":[152],"product_tag":[],"_links":{"self":[{"href":"https:\/\/peysanexport.com\/az\/wp-json\/wp\/v2\/product\/4047"}],"collection":[{"href":"https:\/\/peysanexport.com\/az\/wp-json\/wp\/v2\/product"}],"about":[{"href":"https:\/\/peysanexport.com\/az\/wp-json\/wp\/v2\/types\/product"}],"wp:featuredmedia":[{"embeddable":true,"href":"https:\/\/peysanexport.com\/az\/wp-json\/wp\/v2\/media\/4048"}],"wp:attachment":[{"href":"https:\/\/peysanexport.com\/az\/wp-json\/wp\/v2\/media?parent=4047"}],"wp:term":[{"taxonomy":"product_cat","embeddable":true,"href":"https:\/\/peysanexport.com\/az\/wp-json\/wp\/v2\/product_cat?post=4047"},{"taxonomy":"product_tag","embeddable":true,"href":"https:\/\/peysanexport.com\/az\/wp-json\/wp\/v2\/product_tag?post=4047"}],"curies":[{"name":"wp","href":"https:\/\/api.w.org\/{rel}","templated":true}]}}