{"id":4152,"date":"2022-02-17T14:38:35","date_gmt":"2022-02-17T11:38:35","guid":{"rendered":"https:\/\/peysanexport.com\/tr\/?post_type=product&#038;p=4152"},"modified":"2023-02-04T18:03:12","modified_gmt":"2023-02-04T15:03:12","slug":"peysan-butter-225-g","status":"publish","type":"product","link":"https:\/\/peysanexport.com\/az\/product\/peysan-butter-225-g\/","title":{"rendered":"Peysan K\u0259r\u0259 Ya\u011f\u0131 225 qr"},"content":{"rendered":"<p>Trakya s\u00fcd\u00fcnd\u0259n istehsal edilmi\u015f, Peysan\u0131n m\u0259\u015fhur k\u0259r\u0259 ya\u011f\u0131<\/p>\n","protected":false},"excerpt":{"rendered":"<p>Trakya s\u00fcd\u00fcnd\u0259n istehsal edilmi\u015f, Peysan\u0131n m\u0259\u015fhur k\u0259r\u0259 ya\u011f\u0131<\/p>\n","protected":false},"featured_media":3480,"template":"","meta":[],"product_cat":[154],"product_tag":[],"_links":{"self":[{"href":"https:\/\/peysanexport.com\/az\/wp-json\/wp\/v2\/product\/4152"}],"collection":[{"href":"https:\/\/peysanexport.com\/az\/wp-json\/wp\/v2\/product"}],"about":[{"href":"https:\/\/peysanexport.com\/az\/wp-json\/wp\/v2\/types\/product"}],"wp:featuredmedia":[{"embeddable":true,"href":"https:\/\/peysanexport.com\/az\/wp-json\/wp\/v2\/media\/3480"}],"wp:attachment":[{"href":"https:\/\/peysanexport.com\/az\/wp-json\/wp\/v2\/media?parent=4152"}],"wp:term":[{"taxonomy":"product_cat","embeddable":true,"href":"https:\/\/peysanexport.com\/az\/wp-json\/wp\/v2\/product_cat?post=4152"},{"taxonomy":"product_tag","embeddable":true,"href":"https:\/\/peysanexport.com\/az\/wp-json\/wp\/v2\/product_tag?post=4152"}],"curies":[{"name":"wp","href":"https:\/\/api.w.org\/{rel}","templated":true}]}}