{"id":4153,"date":"2022-02-17T14:42:10","date_gmt":"2022-02-17T11:42:10","guid":{"rendered":"https:\/\/peysanexport.com\/tr\/?post_type=product&#038;p=4153"},"modified":"2023-02-04T18:03:32","modified_gmt":"2023-02-04T15:03:32","slug":"peysan-butter-1000-g","status":"publish","type":"product","link":"https:\/\/peysanexport.com\/az\/product\/peysan-butter-1000-g\/","title":{"rendered":"Peysan K\u0259r\u0259 Ya\u011f\u0131 1000 qr"},"content":{"rendered":"<p>Trakya s\u00fcd\u00fcnd\u0259n istehsal edilmi\u015f, Peysan\u0131n m\u0259\u015fhur k\u0259r\u0259 ya\u011f\u0131<\/p>\n","protected":false},"excerpt":{"rendered":"<p>Produced from Thracian milk, Peysan&#039;s famous butter<\/p>\n","protected":false},"featured_media":3480,"template":"","meta":[],"product_cat":[154],"product_tag":[],"_links":{"self":[{"href":"https:\/\/peysanexport.com\/az\/wp-json\/wp\/v2\/product\/4153"}],"collection":[{"href":"https:\/\/peysanexport.com\/az\/wp-json\/wp\/v2\/product"}],"about":[{"href":"https:\/\/peysanexport.com\/az\/wp-json\/wp\/v2\/types\/product"}],"wp:featuredmedia":[{"embeddable":true,"href":"https:\/\/peysanexport.com\/az\/wp-json\/wp\/v2\/media\/3480"}],"wp:attachment":[{"href":"https:\/\/peysanexport.com\/az\/wp-json\/wp\/v2\/media?parent=4153"}],"wp:term":[{"taxonomy":"product_cat","embeddable":true,"href":"https:\/\/peysanexport.com\/az\/wp-json\/wp\/v2\/product_cat?post=4153"},{"taxonomy":"product_tag","embeddable":true,"href":"https:\/\/peysanexport.com\/az\/wp-json\/wp\/v2\/product_tag?post=4153"}],"curies":[{"name":"wp","href":"https:\/\/api.w.org\/{rel}","templated":true}]}}