{"id":3576,"date":"2021-09-14T14:32:19","date_gmt":"2021-09-14T11:32:19","guid":{"rendered":"https:\/\/peysanexport.com\/?page_id=3576"},"modified":"2023-02-04T14:52:11","modified_gmt":"2023-02-04T11:52:11","slug":"about-us","status":"publish","type":"page","link":"https:\/\/peysanexport.com\/fr\/about-us\/","title":{"rendered":"\u00c0 propos de nous"},"content":{"rendered":"<p>[vc_section full_width=&#8221;stretch_row&#8221; background_color=&#8221;custom&#8221; custom_background_color=&#8221;#f4f4f4&#8243;][vc_row][vc_column][tm_spacer size=&#8221;lg:96&#8243;][\/vc_column][\/vc_row][vc_row][vc_column width=&#8221;1\/4&#8243;][tm_box_large_image style=&#8221;04&#8243; image=&#8221;3325&#8243;][\/vc_column][vc_column width=&#8221;3\/4&#8243;][tm_heading style=&#8221;modern-02&#8243; tag=&#8221;p&#8221; custom_google_font=&#8221;&#8221;]Depuis 1936, notre soci\u00e9t\u00e9, qui a \u00e9t\u00e9 un pionnier dans la production de produits laitiers et notamment de vari\u00e9t\u00e9s de fromage, a voulu faire de la production de fromage une industrie qui contribue s\u00e9rieusement \u00e0 l&#8217;\u00e9conomie nationale en 1963. Elle a fait de s\u00e9rieux investissements dans ce sens et a offert pour la premi\u00e8re fois en Turquie du fromage emball\u00e9 au consommateur turc. Cela a cr\u00e9\u00e9 une nouvelle \u00e8re dans le secteur du lait et des produits laitiers.[\/tm_heading][\/vc_column][\/vc_row][vc_row][vc_column][tm_spacer size=&#8221;lg:96&#8243;][\/vc_column][\/vc_row][vc_row][vc_column width=&#8221;1\/4&#8243;][tm_box_large_image style=&#8221;04&#8243; image=&#8221;3785&#8243;][\/vc_column][vc_column width=&#8221;3\/4&#8243;][tm_heading style=&#8221;modern-02&#8243; tag=&#8221;p&#8221; custom_google_font=&#8221;&#8221;]Notre Groupe a mis en avant la notori\u00e9t\u00e9 de la marque en offrant au consommateur turc les produits emball\u00e9s qu&#8217;il fabrique en adoptant le style de production traditionnel, et en m\u00eame temps, il a assur\u00e9 la cr\u00e9ation d&#8217;une notori\u00e9t\u00e9 forte et fiable de la marque TACIRO\u011eLU &#038; PEYSAN.[\/tm_heading][\/vc_column][\/vc_row][vc_row][vc_column][tm_spacer size=&#8221;lg:96&#8243;][\/vc_column][\/vc_row][vc_row][vc_column width=&#8221;1\/4&#8243;][tm_box_large_image style=&#8221;04&#8243; image=&#8221;3786&#8243;][\/vc_column][vc_column width=&#8221;3\/4&#8243;][tm_heading style=&#8221;modern-02&#8243; tag=&#8221;p&#8221; custom_google_font=&#8221;&#8221;]Conform\u00e9ment aux m\u00eames objectifs, l&#8217;entreprise a cr\u00e9\u00e9 la marque PEYSAN, qui est une production manufactur\u00e9e de qualit\u00e9 standard, en 1979 et a \u00e9tabli Peysan G\u0131da San. A.\u015e. et reste un pionnier sur le march\u00e9 des produits laitiers, a cr\u00e9\u00e9 une nouvelle branche industrielle en Turquie et a contribu\u00e9 \u00e0 l&#8217;\u00e9conomie nationale.[\/tm_heading][\/vc_column][\/vc_row][vc_row][vc_column][tm_spacer size=&#8221;lg:96&#8243;][\/vc_column][\/vc_row][vc_row][vc_column width=&#8221;1\/4&#8243;][tm_box_large_image style=&#8221;04&#8243; image=&#8221;3953&#8243;][\/vc_column][vc_column width=&#8221;3\/4&#8243;][tm_heading style=&#8221;modern-02&#8243; tag=&#8221;p&#8221; custom_google_font=&#8221;&#8221;]En plus de toutes ces productions traditionnelles de fromage, le fromage Jadel, qui est l&#8217;une des vari\u00e9t\u00e9s de fromage pr\u00e9f\u00e9r\u00e9es sur le march\u00e9 du Moyen-Orient, a \u00e9t\u00e9 ajout\u00e9 \u00e0 la gamme de production pour la premi\u00e8re fois en Turquie en 1987 en faisant venir des experts de l&#8217;\u00e9tranger pour effectuer des productions d&#8217;essai. Cependant, \u00e9tant donn\u00e9 que les productions sans marque sont tr\u00e8s courantes, ce produit a \u00e9t\u00e9 imm\u00e9diatement imit\u00e9 et a commenc\u00e9 \u00e0 \u00eatre vendu sans emballage dans les grandes marques sous le nom de fromage tress\u00e9 sur les march\u00e9s.[\/tm_heading][\/vc_column][\/vc_row][vc_row][vc_column][tm_spacer size=&#8221;lg:96&#8243;][\/vc_column][\/vc_row][vc_row][vc_column][tm_heading style=&#8221;modern-02&#8243; tag=&#8221;p&#8221; custom_google_font=&#8221;&#8221;]En 1984, PEYSAN devient la premi\u00e8re entreprise turque \u00e0 importer des produits fran\u00e7ais de la marque LA VACHE QUI RIT en prenant la distribution turque de la soci\u00e9t\u00e9 fran\u00e7aise Fromageries Bel, patrie de ce type de fromage, pour les distribuer dans toute la Turquie \u00e0 travers son propre r\u00e9seau de vente et les proposer aux consommateurs turcs. Par la suite, elle a import\u00e9 du fromage et du beurre de marque PRESIDENT en prenant la distribution de la soci\u00e9t\u00e9 fran\u00e7aise Besnier Lactacis.[\/tm_heading][\/vc_column][\/vc_row][vc_row][vc_column][tm_spacer size=&#8221;lg:96&#8243;][\/vc_column][\/vc_row][vc_row][vc_column width=&#8221;1\/4&#8243;][tm_box_large_image style=&#8221;04&#8243; image=&#8221;3831&#8243;][\/vc_column][vc_column width=&#8221;3\/4&#8243;][tm_heading style=&#8221;modern-02&#8243; tag=&#8221;p&#8221; custom_google_font=&#8221;&#8221;]Gr\u00e2ce \u00e0 ces activit\u00e9s, PEYSAN a attir\u00e9 l&#8217;attention sur la Turquie \u00e0 l&#8217;\u00e9tranger et a continu\u00e9 \u00e0 apporter une valeur ajout\u00e9e \u00e0 l&#8217;\u00e9conomie turque en cr\u00e9ant un march\u00e9. Ainsi, l&#8217;Emmantel, le Gouda, l&#8217;Edam, le Camambert, le Brie Madrigal, le Roquefort (fromage moisi) et d&#8217;autres fromages connus dans le monde comme \u00e9tant des fromages de type europ\u00e9en, ainsi que les fromages frais pasteuris\u00e9s, les vari\u00e9t\u00e9s de fromages en tranches et en triangles et le beurre sous diff\u00e9rentes saveurs et emballages ont trouv\u00e9 leur place sur les tables turques.[\/tm_heading][\/vc_column][\/vc_row][vc_row][vc_column][tm_spacer size=&#8221;lg:96&#8243;][\/vc_column][\/vc_row][vc_row][vc_column width=&#8221;1\/4&#8243;][tm_box_large_image style=&#8221;04&#8243; image=&#8221;3832&#8243;][\/vc_column][vc_column width=&#8221;3\/4&#8243;][tm_heading style=&#8221;modern-02&#8243; tag=&#8221;p&#8221; custom_google_font=&#8221;&#8221;]C&#8217;est la premi\u00e8re entreprise turque \u00e0 produire pour la premi\u00e8re fois du FROMAGE ULTRA FiLTRATION sous le nom de PEYSAN \u00c7iftlik au Danemark, et la premi\u00e8re entreprise turque \u00e0 introduire cette marque en Turquie en important le riz UNCLE BEN&#8217;S.[\/tm_heading][\/vc_column][\/vc_row][vc_row][vc_column][tm_spacer size=&#8221;lg:96&#8243;][\/vc_column][\/vc_row][vc_row][vc_column width=&#8221;1\/4&#8243;][tm_box_large_image style=&#8221;04&#8243; image=&#8221;3789&#8243;][\/vc_column][vc_column width=&#8221;3\/4&#8243;][tm_heading style=&#8221;modern-02&#8243; tag=&#8221;p&#8221; custom_google_font=&#8221;&#8221;]Notre soci\u00e9t\u00e9, qui a \u00e9t\u00e9 \u00e0 l&#8217;origine de toutes les innovations dans le secteur des produits laitiers et des fromages dans notre pays avec les marques TACIRO\u011eLU &#038; PEYSAN et qui a toujours su innover, r\u00e9alise ses productions dans ses installations de production et son laboratoire modernes \u00e9tablis sur une superficie de 30.000 m2 \u00e0 Edirne, o\u00f9 elle a commenc\u00e9 ses activit\u00e9s en 1978, en utilisant du lait de vache, de brebis et de ch\u00e8vre selon la qualit\u00e9 des produits, de mani\u00e8re totalement naturelle et sous la supervision d&#8217;ing\u00e9nieurs et de personnel technique exp\u00e9riment\u00e9s \u00e0 chaque \u00e9tape de la production.[\/tm_heading][\/vc_column][\/vc_row][vc_row][vc_column][tm_spacer size=&#8221;lg:96&#8243;][\/vc_column][\/vc_row][vc_row][vc_column width=&#8221;1\/4&#8243;][tm_box_large_image style=&#8221;04&#8243; image=&#8221;3790&#8243;][\/vc_column][vc_column width=&#8221;3\/4&#8243;][tm_heading style=&#8221;modern-02&#8243; tag=&#8221;p&#8221; custom_google_font=&#8221;&#8221;]Comme notre \u00e9tablissement poss\u00e8de des certificats de s\u00e9curit\u00e9 alimentaire tels que le certificat BRCGS FOOD et HALAL, il est constamment inspect\u00e9 par des soci\u00e9t\u00e9s d&#8217;inspection \u00e9trang\u00e8res et des organismes d&#8217;inspection turcs tels que T\u00fcbitak et TSE.[\/tm_heading][\/vc_column][\/vc_row][vc_row][vc_column][tm_spacer size=&#8221;lg:96&#8243;][\/vc_column][\/vc_row][vc_row][vc_column width=&#8221;1\/4&#8243;][tm_box_large_image style=&#8221;04&#8243; image=&#8221;3791&#8243;][\/vc_column][vc_column width=&#8221;3\/4&#8243;][tm_heading style=&#8221;modern-02&#8243; tag=&#8221;p&#8221; custom_google_font=&#8221;&#8221;]Outre les marques PEYSAN &#038; TAC\u0130RO\u011eLU, notre Groupe dispose de pr\u00e8s de 40 certificats d&#8217;enregistrement de marques et de brevets tels que Sele &#8211; May &#8211; \u015eef &#8211; Ka\u015fkaval &#8211; Ekonom &#8211; Binbo\u011fa &#8211; BTH &#8211; Siyah \u0130nci &#8211; Sar\u0131k\u0131z &#8211; Kral &#8211; Ali Baban\u0131n \u00c7iftli\u011fi, qui ont \u00e9t\u00e9 enregistr\u00e9s depuis 1977, conform\u00e9ment \u00e0 l&#8217;importance qu&#8217;il accorde \u00e0 l&#8217;image de marque. Nos produits, que nous fabriquons avec un go\u00fbt et une qualit\u00e9 traditionnels et dans des conditions d&#8217;hygi\u00e8ne irr\u00e9prochables, sont propos\u00e9s aux consommateurs par le biais de nos r\u00e9seaux de vente et de marketing organis\u00e9s dans tout le pays.[\/tm_heading][\/vc_column][\/vc_row][vc_row][vc_column][tm_spacer size=&#8221;lg:96&#8243;][\/vc_column][\/vc_row][vc_row][vc_column width=&#8221;1\/4&#8243;][tm_box_large_image style=&#8221;04&#8243; image=&#8221;3792&#8243;][\/vc_column][vc_column width=&#8221;3\/4&#8243;][tm_heading style=&#8221;modern-02&#8243; tag=&#8221;p&#8221; custom_google_font=&#8221;&#8221;]Dans le cadre des Projets de Responsabilit\u00e9 Sociale, TACIRO\u011eLU &#038; PEYSAN coop\u00e8re avec les principales universit\u00e9s de Turkiye (Universit\u00e9s Bogazici, \u2013 Istanbul \u2013 \u0130TU \u2013 METU \u2013 Bah\u00e7e\u015fehir) notamment pour que nos \u00e9tudiants universitaires puissent appliquer ce qu&#8217;ils \u00e9tudient et trouver des opportunit\u00e9s d&#8217;emploi.<br \/>\n[\/tm_heading][\/vc_column][\/vc_row][vc_row][vc_column][tm_spacer size=&#8221;lg:96&#8243;][\/vc_column][\/vc_row][vc_row full_width=&#8221;stretch_row&#8221; background_attachment=&#8221;fixed&#8221; overlay_background=&#8221;custom&#8221; overlay_opacity=&#8221;80&#8243; background_image=&#8221;3759&#8243;][vc_column][tm_spacer size=&#8221;lg:96&#8243;][tm_heading style=&#8221;left-line&#8221; tag=&#8221;p&#8221; custom_google_font=&#8221;&#8221; text_color=&#8221;custom&#8221; custom_text_color=&#8221;#ffffff&#8221;]Depuis 1936, les secrets de notre succ\u00e8s pour survivre dans toutes les conditions et rendre les marques PEYSAN &#038; TACIRO\u011eLU fiables :[\/tm_heading][tm_spacer size=&#8221;lg:16&#8243;][tm_heading style=&#8221;highlight-01&#8243; tag=&#8221;div&#8221; custom_google_font=&#8221;&#8221; font_weight=&#8221;700&#8243; text_color=&#8221;custom&#8221; custom_text_color=&#8221;#ffffff&#8221; animation=&#8221;move-left&#8221; font_size=&#8221;lg:24&#8243;]<\/p>\n<ul>\n<li>Nous avons toujours fait notre travail, en toutes circonstances, avec beaucoup d&#8217;amour et de respect.<\/li>\n<li>Nous avons toujours accord\u00e9 une grande importance \u00e0 la sant\u00e9 et \u00e0 l&#8217;hygi\u00e8ne de nos consommateurs.<\/li>\n<li>Conscients de notre responsabilit\u00e9, nous avons toujours \u00e9t\u00e9 ouverts aux innovations technologiques et nous nous sommes renouvel\u00e9s.<\/li>\n<li>Nous respectons l&#8217;homme et la nature.<\/li>\n<li>Nous avons toujours \u00e9cout\u00e9 et examin\u00e9 toutes les suggestions et critiques avec respect.<\/li>\n<\/ul>\n<p>[\/tm_heading][tm_spacer size=&#8221;lg:96&#8243;][\/vc_column][\/vc_row][vc_row][vc_column][tm_spacer size=&#8221;lg:96&#8243;][tm_heading style=&#8221;common&#8221; tag=&#8221;div&#8221; custom_google_font=&#8221;&#8221; text_color=&#8221;primary&#8221; hover_text_color=&#8221;primary&#8221;]Nous poursuivons notre voyage avec le m\u00eame enthousiasme qu&#8217;au premier jour, en suivant et en appliquant toutes les innovations technologiques, en nous d\u00e9veloppant pour offrir de nouvelles vari\u00e9t\u00e9s et saveurs \u00e0 nos consommateurs, en r\u00e9alisant de nouveaux investissements dans ce domaine et en cr\u00e9ant de nouvelles opportunit\u00e9s d&#8217;emploi pour les jeunes.[\/tm_heading][tm_spacer size=&#8221;lg:96&#8243;][vc_zigzag][\/vc_column][\/vc_row][\/vc_section]<\/p>\n","protected":false},"excerpt":{"rendered":"<p>[vc_section full_width=&#8221;stretch_row&#8221; background_color=&#8221;custom&#8221; custom_background_color=&#8221;#f4f4f4&#8243;][vc_row][vc_column][tm_spacer size=&#8221;lg:96&#8243;][\/vc_column][\/vc_row][vc_row][vc_column width=&#8221;1\/4&#8243;][tm_box_large_image style=&#8221;04&#8243; image=&#8221;3325&#8243;][\/vc_column][vc_column width=&#8221;3\/4&#8243;][tm_heading style=&#8221;modern-02&#8243; tag=&#8221;p&#8221; custom_google_font=&#8221;&#8221;]Depuis 1936, notre soci\u00e9t\u00e9, qui a \u00e9t\u00e9 un pionnier dans la production de produits laitiers et notamment de vari\u00e9t\u00e9s de fromage, a voulu faire de la production de fromage une industrie qui contribue s\u00e9rieusement \u00e0 l&#8217;\u00e9conomie nationale en 1963. Elle a fait de s\u00e9rieux investissements dans ce sens et a offert pour la premi\u00e8re fois en Turquie du fromage emball\u00e9 au consommateur turc. Cela a cr\u00e9\u00e9 une nouvelle \u00e8re dans le secteur du lait et des produits laitiers.[\/tm_heading][\/vc_column][\/vc_row][vc_row][vc_column][tm_spacer size=&#8221;lg:96&#8243;][\/vc_column][\/vc_row][vc_row][vc_column width=&#8221;1\/4&#8243;][tm_box_large_image style=&#8221;04&#8243; image=&#8221;3785&#8243;][\/vc_column][vc_column width=&#8221;3\/4&#8243;][tm_heading style=&#8221;modern-02&#8243; tag=&#8221;p&#8221; custom_google_font=&#8221;&#8221;]Notre Groupe a mis en avant la notori\u00e9t\u00e9 de la marque en offrant au consommateur turc les produits emball\u00e9s qu&#8217;il fabrique en adoptant le style de production traditionnel, et en m\u00eame temps, il a assur\u00e9 la cr\u00e9ation d&#8217;une notori\u00e9t\u00e9 forte et fiable de la marque TACIRO\u011eLU &#038; PEYSAN.[\/tm_heading][\/vc_column][\/vc_row][vc_row][vc_column][tm_spacer size=&#8221;lg:96&#8243;][\/vc_column][\/vc_row][vc_row][vc_column width=&#8221;1\/4&#8243;][tm_box_large_image style=&#8221;04&#8243; image=&#8221;3786&#8243;][\/vc_column][vc_column width=&#8221;3\/4&#8243;][tm_heading style=&#8221;modern-02&#8243; tag=&#8221;p&#8221; custom_google_font=&#8221;&#8221;]Conform\u00e9ment aux m\u00eames objectifs, l&#8217;entreprise a cr\u00e9\u00e9 la marque PEYSAN, qui est une production manufactur\u00e9e de qualit\u00e9 standard, en 1979 et a \u00e9tabli Peysan G\u0131da San. A.\u015e. et reste un pionnier sur le march\u00e9 des produits laitiers, a cr\u00e9\u00e9 une nouvelle branche industrielle en Turquie et a contribu\u00e9 \u00e0 l&#8217;\u00e9conomie nationale.[\/tm_heading][\/vc_column][\/vc_row][vc_row][vc_column][tm_spacer size=&#8221;lg:96&#8243;][\/vc_column][\/vc_row][vc_row][vc_column width=&#8221;1\/4&#8243;][tm_box_large_image style=&#8221;04&#8243; image=&#8221;3953&#8243;][\/vc_column][vc_column width=&#8221;3\/4&#8243;][tm_heading style=&#8221;modern-02&#8243; tag=&#8221;p&#8221; custom_google_font=&#8221;&#8221;]En plus de toutes ces productions traditionnelles de fromage, le fromage Jadel, qui est l&#8217;une des vari\u00e9t\u00e9s de fromage pr\u00e9f\u00e9r\u00e9es sur le march\u00e9 du Moyen-Orient, a \u00e9t\u00e9 ajout\u00e9 \u00e0 la gamme de production pour la premi\u00e8re fois en Turquie en 1987 en faisant venir des experts de l&#8217;\u00e9tranger pour effectuer des productions d&#8217;essai. Cependant, \u00e9tant donn\u00e9 que les productions sans marque sont tr\u00e8s courantes, ce produit a \u00e9t\u00e9 imm\u00e9diatement imit\u00e9 et a commenc\u00e9 \u00e0 \u00eatre vendu sans emballage dans les grandes marques sous le nom de fromage tress\u00e9 sur les march\u00e9s.[\/tm_heading][\/vc_column][\/vc_row][vc_row][vc_column][tm_spacer size=&#8221;lg:96&#8243;][\/vc_column][\/vc_row][vc_row][vc_column][tm_heading style=&#8221;modern-02&#8243; tag=&#8221;p&#8221; custom_google_font=&#8221;&#8221;]En 1984, PEYSAN devient la premi\u00e8re entreprise turque \u00e0 importer des produits fran\u00e7ais de la marque LA VACHE QUI RIT en prenant la distribution turque de la soci\u00e9t\u00e9 fran\u00e7aise Fromageries Bel, patrie de ce type de fromage, pour les distribuer dans toute la Turquie \u00e0 travers son propre r\u00e9seau de vente et les proposer aux consommateurs turcs. Par la suite, elle a import\u00e9 du fromage et du beurre de marque PRESIDENT en prenant la distribution de la soci\u00e9t\u00e9 fran\u00e7aise Besnier Lactacis.[\/tm_heading][\/vc_column][\/vc_row][vc_row][vc_column][tm_spacer size=&#8221;lg:96&#8243;][\/vc_column][\/vc_row][vc_row][vc_column width=&#8221;1\/4&#8243;][tm_box_large_image style=&#8221;04&#8243; image=&#8221;3831&#8243;][\/vc_column][vc_column width=&#8221;3\/4&#8243;][tm_heading style=&#8221;modern-02&#8243; tag=&#8221;p&#8221; custom_google_font=&#8221;&#8221;]Gr\u00e2ce \u00e0 ces activit\u00e9s, PEYSAN a attir\u00e9 l&#8217;attention sur la Turquie \u00e0 l&#8217;\u00e9tranger et a continu\u00e9 \u00e0 apporter une valeur ajout\u00e9e \u00e0 l&#8217;\u00e9conomie turque en cr\u00e9ant un march\u00e9. Ainsi, l&#8217;Emmantel, le Gouda, l&#8217;Edam, le Camambert, le Brie Madrigal, le Roquefort (fromage moisi) et d&#8217;autres fromages connus dans le monde comme \u00e9tant des fromages de type europ\u00e9en, ainsi que les fromages frais pasteuris\u00e9s, les vari\u00e9t\u00e9s de fromages en tranches et en triangles et le beurre sous diff\u00e9rentes saveurs et emballages ont trouv\u00e9 leur place sur les tables turques.[\/tm_heading][\/vc_column][\/vc_row][vc_row][vc_column][tm_spacer size=&#8221;lg:96&#8243;][\/vc_column][\/vc_row][vc_row][vc_column width=&#8221;1\/4&#8243;][tm_box_large_image style=&#8221;04&#8243; image=&#8221;3832&#8243;][\/vc_column][vc_column width=&#8221;3\/4&#8243;][tm_heading style=&#8221;modern-02&#8243; tag=&#8221;p&#8221; custom_google_font=&#8221;&#8221;]C&#8217;est la premi\u00e8re entreprise turque \u00e0 produire pour la premi\u00e8re fois du FROMAGE ULTRA FiLTRATION sous le nom de PEYSAN \u00c7iftlik au Danemark, et la premi\u00e8re entreprise turque \u00e0 introduire cette marque en Turquie en important le riz UNCLE BEN&#8217;S.[\/tm_heading][\/vc_column][\/vc_row][vc_row][vc_column][tm_spacer size=&#8221;lg:96&#8243;][\/vc_column][\/vc_row][vc_row][vc_column width=&#8221;1\/4&#8243;][tm_box_large_image style=&#8221;04&#8243; image=&#8221;3789&#8243;][\/vc_column][vc_column width=&#8221;3\/4&#8243;][tm_heading style=&#8221;modern-02&#8243; tag=&#8221;p&#8221; custom_google_font=&#8221;&#8221;]Notre soci\u00e9t\u00e9, qui a \u00e9t\u00e9 \u00e0 l&#8217;origine de toutes les innovations dans le secteur des produits laitiers et des fromages dans notre pays avec les marques TACIRO\u011eLU &#038; PEYSAN et qui a toujours su innover, r\u00e9alise ses productions dans ses installations de production et son laboratoire modernes \u00e9tablis sur une superficie de 30.000 m2 \u00e0 Edirne, o\u00f9 elle a commenc\u00e9 ses activit\u00e9s en 1978, en utilisant du lait de vache, de brebis et de ch\u00e8vre selon la qualit\u00e9 des produits, de mani\u00e8re totalement naturelle et sous la supervision d&#8217;ing\u00e9nieurs et de personnel technique exp\u00e9riment\u00e9s \u00e0 chaque \u00e9tape de la production.[\/tm_heading][\/vc_column][\/vc_row][vc_row][vc_column][tm_spacer size=&#8221;lg:96&#8243;][\/vc_column][\/vc_row][vc_row][vc_column width=&#8221;1\/4&#8243;][tm_box_large_image style=&#8221;04&#8243; image=&#8221;3790&#8243;][\/vc_column][vc_column width=&#8221;3\/4&#8243;][tm_heading style=&#8221;modern-02&#8243; tag=&#8221;p&#8221; custom_google_font=&#8221;&#8221;]Comme notre \u00e9tablissement poss\u00e8de des certificats de s\u00e9curit\u00e9 alimentaire tels que le certificat BRCGS FOOD et HALAL, il est constamment inspect\u00e9 par des soci\u00e9t\u00e9s d&#8217;inspection \u00e9trang\u00e8res et des organismes d&#8217;inspection turcs tels que T\u00fcbitak et TSE.[\/tm_heading][\/vc_column][\/vc_row][vc_row][vc_column][tm_spacer size=&#8221;lg:96&#8243;][\/vc_column][\/vc_row][vc_row][vc_column width=&#8221;1\/4&#8243;][tm_box_large_image style=&#8221;04&#8243; image=&#8221;3791&#8243;][\/vc_column][vc_column width=&#8221;3\/4&#8243;][tm_heading style=&#8221;modern-02&#8243; tag=&#8221;p&#8221; custom_google_font=&#8221;&#8221;]Outre les marques PEYSAN &#038; TAC\u0130RO\u011eLU, notre Groupe dispose de pr\u00e8s de 40 certificats d&#8217;enregistrement de marques et de brevets tels que Sele &#8211; May &#8211; \u015eef &#8211; Ka\u015fkaval &#8211; Ekonom &#8211; Binbo\u011fa &#8211; BTH &#8211; Siyah \u0130nci &#8211; Sar\u0131k\u0131z &#8211; Kral &#8211; Ali Baban\u0131n \u00c7iftli\u011fi, qui ont \u00e9t\u00e9 enregistr\u00e9s depuis 1977, conform\u00e9ment \u00e0 l&#8217;importance qu&#8217;il accorde \u00e0 l&#8217;image de marque. Nos produits, que nous fabriquons avec un go\u00fbt et une qualit\u00e9 traditionnels et dans des conditions d&#8217;hygi\u00e8ne irr\u00e9prochables, sont propos\u00e9s aux consommateurs par le biais de nos r\u00e9seaux de vente et de marketing organis\u00e9s dans tout le pays.[\/tm_heading][\/vc_column][\/vc_row][vc_row][vc_column][tm_spacer size=&#8221;lg:96&#8243;][\/vc_column][\/vc_row][vc_row][vc_column width=&#8221;1\/4&#8243;][tm_box_large_image style=&#8221;04&#8243; image=&#8221;3792&#8243;][\/vc_column][vc_column width=&#8221;3\/4&#8243;][tm_heading style=&#8221;modern-02&#8243; tag=&#8221;p&#8221; custom_google_font=&#8221;&#8221;]Dans le cadre des Projets de Responsabilit\u00e9 Sociale, TACIRO\u011eLU &#038; PEYSAN coop\u00e8re avec les principales universit\u00e9s de Turkiye (Universit\u00e9s Bogazici, \u2013 Istanbul \u2013 \u0130TU \u2013 METU \u2013 Bah\u00e7e\u015fehir) notamment pour que nos \u00e9tudiants universitaires puissent appliquer ce qu&#8217;ils \u00e9tudient et trouver des opportunit\u00e9s d&#8217;emploi. [\/tm_heading][\/vc_column][\/vc_row][vc_row][vc_column][tm_spacer size=&#8221;lg:96&#8243;][\/vc_column][\/vc_row][vc_row full_width=&#8221;stretch_row&#8221; background_attachment=&#8221;fixed&#8221; overlay_background=&#8221;custom&#8221; overlay_opacity=&#8221;80&#8243; background_image=&#8221;3759&#8243;][vc_column][tm_spacer size=&#8221;lg:96&#8243;][tm_heading style=&#8221;left-line&#8221; tag=&#8221;p&#8221; custom_google_font=&#8221;&#8221; text_color=&#8221;custom&#8221; custom_text_color=&#8221;#ffffff&#8221;]Depuis 1936, les secrets de notre succ\u00e8s pour survivre dans toutes les conditions et rendre les marques PEYSAN &#038; TACIRO\u011eLU fiables :[\/tm_heading][tm_spacer size=&#8221;lg:16&#8243;][tm_heading style=&#8221;highlight-01&#8243; tag=&#8221;div&#8221; custom_google_font=&#8221;&#8221; font_weight=&#8221;700&#8243; text_color=&#8221;custom&#8221; custom_text_color=&#8221;#ffffff&#8221; animation=&#8221;move-left&#8221; font_size=&#8221;lg:24&#8243;] Nous avons toujours fait notre travail, en toutes circonstances, avec beaucoup d&#8217;amour et de respect. Nous avons toujours accord\u00e9 une grande importance \u00e0 la sant\u00e9 et \u00e0 l&#8217;hygi\u00e8ne de nos consommateurs. Conscients de notre responsabilit\u00e9, nous avons toujours \u00e9t\u00e9 ouverts aux innovations technologiques et nous nous sommes renouvel\u00e9s. Nous respectons l&#8217;homme et la nature. Nous avons toujours \u00e9cout\u00e9 et examin\u00e9 toutes les suggestions et critiques avec respect. [\/tm_heading][tm_spacer size=&#8221;lg:96&#8243;][\/vc_column][\/vc_row][vc_row][vc_column][tm_spacer size=&#8221;lg:96&#8243;][tm_heading style=&#8221;common&#8221; tag=&#8221;div&#8221; custom_google_font=&#8221;&#8221; text_color=&#8221;primary&#8221; hover_text_color=&#8221;primary&#8221;]Nous poursuivons notre voyage avec le m\u00eame enthousiasme qu&#8217;au premier jour, en suivant et en appliquant toutes les innovations technologiques, en nous d\u00e9veloppant pour offrir de nouvelles vari\u00e9t\u00e9s et saveurs \u00e0 nos consommateurs, en r\u00e9alisant de nouveaux investissements dans ce domaine et en cr\u00e9ant de nouvelles opportunit\u00e9s d&#8217;emploi pour les [&hellip;]<\/p>\n","protected":false},"author":1,"featured_media":0,"parent":0,"menu_order":0,"comment_status":"closed","ping_status":"closed","template":"","meta":[],"_links":{"self":[{"href":"https:\/\/peysanexport.com\/fr\/wp-json\/wp\/v2\/pages\/3576"}],"collection":[{"href":"https:\/\/peysanexport.com\/fr\/wp-json\/wp\/v2\/pages"}],"about":[{"href":"https:\/\/peysanexport.com\/fr\/wp-json\/wp\/v2\/types\/page"}],"author":[{"embeddable":true,"href":"https:\/\/peysanexport.com\/fr\/wp-json\/wp\/v2\/users\/1"}],"replies":[{"embeddable":true,"href":"https:\/\/peysanexport.com\/fr\/wp-json\/wp\/v2\/comments?post=3576"}],"version-history":[{"count":43,"href":"https:\/\/peysanexport.com\/fr\/wp-json\/wp\/v2\/pages\/3576\/revisions"}],"predecessor-version":[{"id":7014,"href":"https:\/\/peysanexport.com\/fr\/wp-json\/wp\/v2\/pages\/3576\/revisions\/7014"}],"wp:attachment":[{"href":"https:\/\/peysanexport.com\/fr\/wp-json\/wp\/v2\/media?parent=3576"}],"curies":[{"name":"wp","href":"https:\/\/api.w.org\/{rel}","templated":true}]}}