{"id":3498,"date":"2021-08-30T12:59:24","date_gmt":"2021-08-30T09:59:24","guid":{"rendered":"https:\/\/peysanexport.com\/?post_type=product&#038;p=3498"},"modified":"2023-02-04T17:42:46","modified_gmt":"2023-02-04T14:42:46","slug":"peysan-full-fat-spreadable-cream-cheese-150-g","status":"publish","type":"product","link":"https:\/\/peysanexport.com\/fr\/product\/peysan-full-fat-spreadable-cream-cheese-150-g\/","title":{"rendered":"Fromage \u00e0 la cr\u00e8me \u00e0 tartiner entier Peysan 150 g"},"content":{"rendered":"<p>Fromage \u00e0 la cr\u00e8me entier Peysan aromatis\u00e9 au lait frais et v\u00e9ritable cr\u00e8me de lait avec l&#8217;exp\u00e9rience Peysan<\/p>\n","protected":false},"excerpt":{"rendered":"<p>Fromage \u00e0 la cr\u00e8me entier Peysan aromatis\u00e9 au lait frais et v\u00e9ritable cr\u00e8me de lait avec l&#039;exp\u00e9rience Peysan<\/p>\n","protected":false},"featured_media":3476,"template":"","meta":[],"product_cat":[153],"product_tag":[],"_links":{"self":[{"href":"https:\/\/peysanexport.com\/fr\/wp-json\/wp\/v2\/product\/3498"}],"collection":[{"href":"https:\/\/peysanexport.com\/fr\/wp-json\/wp\/v2\/product"}],"about":[{"href":"https:\/\/peysanexport.com\/fr\/wp-json\/wp\/v2\/types\/product"}],"wp:featuredmedia":[{"embeddable":true,"href":"https:\/\/peysanexport.com\/fr\/wp-json\/wp\/v2\/media\/3476"}],"wp:attachment":[{"href":"https:\/\/peysanexport.com\/fr\/wp-json\/wp\/v2\/media?parent=3498"}],"wp:term":[{"taxonomy":"product_cat","embeddable":true,"href":"https:\/\/peysanexport.com\/fr\/wp-json\/wp\/v2\/product_cat?post=3498"},{"taxonomy":"product_tag","embeddable":true,"href":"https:\/\/peysanexport.com\/fr\/wp-json\/wp\/v2\/product_tag?post=3498"}],"curies":[{"name":"wp","href":"https:\/\/api.w.org\/{rel}","templated":true}]}}