{"id":3502,"date":"2021-08-30T13:23:42","date_gmt":"2021-08-30T10:23:42","guid":{"rendered":"https:\/\/peysanexport.com\/?post_type=product&#038;p=3502"},"modified":"2023-02-04T17:59:31","modified_gmt":"2023-02-04T14:59:31","slug":"taciroglu-aged-kashar-250-g","status":"publish","type":"product","link":"https:\/\/peysanexport.com\/fr\/product\/taciroglu-aged-kashar-250-g\/","title":{"rendered":"Taciro\u011flu Kashar affin\u00e9 250 g"},"content":{"rendered":"<p>Unique dans la r\u00e9gion de Thrace avec des m\u00e9thodes traditionnelles, fromage kashar affin\u00e9 entier Taciro\u011flu, produit \u00e0 partir de lait de vache, de brebis et de ch\u00e8vre, vieilli pendant 12 mois<\/p>\n","protected":false},"excerpt":{"rendered":"<p>Unique dans la r\u00e9gion de Thrace avec des m\u00e9thodes traditionnelles, fromage kashar affin\u00e9 entier Taciro\u011flu, produit \u00e0 partir de lait de vache, de brebis et de ch\u00e8vre, vieilli pendant 12 mois<\/p>\n","protected":false},"featured_media":3487,"template":"","meta":[],"product_cat":[152],"product_tag":[],"_links":{"self":[{"href":"https:\/\/peysanexport.com\/fr\/wp-json\/wp\/v2\/product\/3502"}],"collection":[{"href":"https:\/\/peysanexport.com\/fr\/wp-json\/wp\/v2\/product"}],"about":[{"href":"https:\/\/peysanexport.com\/fr\/wp-json\/wp\/v2\/types\/product"}],"wp:featuredmedia":[{"embeddable":true,"href":"https:\/\/peysanexport.com\/fr\/wp-json\/wp\/v2\/media\/3487"}],"wp:attachment":[{"href":"https:\/\/peysanexport.com\/fr\/wp-json\/wp\/v2\/media?parent=3502"}],"wp:term":[{"taxonomy":"product_cat","embeddable":true,"href":"https:\/\/peysanexport.com\/fr\/wp-json\/wp\/v2\/product_cat?post=3502"},{"taxonomy":"product_tag","embeddable":true,"href":"https:\/\/peysanexport.com\/fr\/wp-json\/wp\/v2\/product_tag?post=3502"}],"curies":[{"name":"wp","href":"https:\/\/api.w.org\/{rel}","templated":true}]}}