{"id":3505,"date":"2021-08-30T13:36:36","date_gmt":"2021-08-30T10:36:36","guid":{"rendered":"https:\/\/peysanexport.com\/?post_type=product&#038;p=3505"},"modified":"2023-02-04T17:49:12","modified_gmt":"2023-02-04T14:49:12","slug":"peysan-full-fat-spreadable-creamy-cheese-with-pepper-200-g","status":"publish","type":"product","link":"https:\/\/peysanexport.com\/fr\/product\/peysan-full-fat-spreadable-creamy-cheese-with-pepper-200-g\/","title":{"rendered":"Peysan Fromage cr\u00e9meux \u00e0 tartiner entier au poivre 200 g"},"content":{"rendered":"<p>Une d\u00e9licieuse harmonie de fromage frais et de cr\u00e8me pr\u00e9par\u00e9e avec la recette de Peysan pour enrichir vos petits d\u00e9jeuners.<\/p>\n","protected":false},"excerpt":{"rendered":"<p>Une d\u00e9licieuse harmonie de fromage frais et de cr\u00e8me pr\u00e9par\u00e9e avec la recette de Peysan pour enrichir vos petits d\u00e9jeuners.<\/p>\n","protected":false},"featured_media":3458,"template":"","meta":[],"product_cat":[153],"product_tag":[],"_links":{"self":[{"href":"https:\/\/peysanexport.com\/fr\/wp-json\/wp\/v2\/product\/3505"}],"collection":[{"href":"https:\/\/peysanexport.com\/fr\/wp-json\/wp\/v2\/product"}],"about":[{"href":"https:\/\/peysanexport.com\/fr\/wp-json\/wp\/v2\/types\/product"}],"wp:featuredmedia":[{"embeddable":true,"href":"https:\/\/peysanexport.com\/fr\/wp-json\/wp\/v2\/media\/3458"}],"wp:attachment":[{"href":"https:\/\/peysanexport.com\/fr\/wp-json\/wp\/v2\/media?parent=3505"}],"wp:term":[{"taxonomy":"product_cat","embeddable":true,"href":"https:\/\/peysanexport.com\/fr\/wp-json\/wp\/v2\/product_cat?post=3505"},{"taxonomy":"product_tag","embeddable":true,"href":"https:\/\/peysanexport.com\/fr\/wp-json\/wp\/v2\/product_tag?post=3505"}],"curies":[{"name":"wp","href":"https:\/\/api.w.org\/{rel}","templated":true}]}}