{"id":3510,"date":"2021-08-30T13:48:11","date_gmt":"2021-08-30T10:48:11","guid":{"rendered":"https:\/\/peysanexport.com\/?post_type=product&#038;p=3510"},"modified":"2023-02-04T17:59:44","modified_gmt":"2023-02-04T14:59:44","slug":"peysan-aged-kashar-300-g","status":"publish","type":"product","link":"https:\/\/peysanexport.com\/fr\/product\/peysan-aged-kashar-300-g\/","title":{"rendered":"Fromage Affin\u00e9 Kashar de Peysan 300 g"},"content":{"rendered":"<p>Unique dans la r\u00e9gion de Thrace avec des m\u00e9thodes traditionnelles, fromage kashar affin\u00e9 entier Taciro\u011flu, produit \u00e0 partir de lait de vache, de brebis et de ch\u00e8vre, vieilli pendant 6 mois<\/p>\n","protected":false},"excerpt":{"rendered":"<p>Unique dans la r\u00e9gion de Thrace avec des m\u00e9thodes traditionnelles, fromage kashar affin\u00e9 entier Taciro\u011flu, produit \u00e0 partir de lait de vache, de brebis et de ch\u00e8vre, vieilli pendant 6 mois<\/p>\n","protected":false},"featured_media":3461,"template":"","meta":[],"product_cat":[152],"product_tag":[],"_links":{"self":[{"href":"https:\/\/peysanexport.com\/fr\/wp-json\/wp\/v2\/product\/3510"}],"collection":[{"href":"https:\/\/peysanexport.com\/fr\/wp-json\/wp\/v2\/product"}],"about":[{"href":"https:\/\/peysanexport.com\/fr\/wp-json\/wp\/v2\/types\/product"}],"wp:featuredmedia":[{"embeddable":true,"href":"https:\/\/peysanexport.com\/fr\/wp-json\/wp\/v2\/media\/3461"}],"wp:attachment":[{"href":"https:\/\/peysanexport.com\/fr\/wp-json\/wp\/v2\/media?parent=3510"}],"wp:term":[{"taxonomy":"product_cat","embeddable":true,"href":"https:\/\/peysanexport.com\/fr\/wp-json\/wp\/v2\/product_cat?post=3510"},{"taxonomy":"product_tag","embeddable":true,"href":"https:\/\/peysanexport.com\/fr\/wp-json\/wp\/v2\/product_tag?post=3510"}],"curies":[{"name":"wp","href":"https:\/\/api.w.org\/{rel}","templated":true}]}}