{"id":3511,"date":"2021-08-30T13:49:50","date_gmt":"2021-08-30T10:49:50","guid":{"rendered":"https:\/\/peysanexport.com\/?post_type=product&#038;p=3511"},"modified":"2023-02-04T17:58:19","modified_gmt":"2023-02-04T14:58:19","slug":"taciroglu-white-cheese-sheep-450-g","status":"publish","type":"product","link":"https:\/\/peysanexport.com\/fr\/product\/taciroglu-white-cheese-sheep-450-g\/","title":{"rendered":"Bo\u00eete Fromage Blanc Taciro\u011flu (Mouton) 450 g"},"content":{"rendered":"<p>Fromage blanc entier Taciro\u011flu, affin\u00e9 12 mois, produit \u00e0 partir de lait de brebis selon des m\u00e9thodes traditionnelles sp\u00e9cifiques \u00e0 la Turquie<\/p>\n","protected":false},"excerpt":{"rendered":"<p>Fromage blanc entier Taciro\u011flu, affin\u00e9 12 mois, produit \u00e0 partir de lait de brebis selon des m\u00e9thodes traditionnelles sp\u00e9cifiques \u00e0 la Turquie<\/p>\n","protected":false},"featured_media":3486,"template":"","meta":[],"product_cat":[152],"product_tag":[],"_links":{"self":[{"href":"https:\/\/peysanexport.com\/fr\/wp-json\/wp\/v2\/product\/3511"}],"collection":[{"href":"https:\/\/peysanexport.com\/fr\/wp-json\/wp\/v2\/product"}],"about":[{"href":"https:\/\/peysanexport.com\/fr\/wp-json\/wp\/v2\/types\/product"}],"wp:featuredmedia":[{"embeddable":true,"href":"https:\/\/peysanexport.com\/fr\/wp-json\/wp\/v2\/media\/3486"}],"wp:attachment":[{"href":"https:\/\/peysanexport.com\/fr\/wp-json\/wp\/v2\/media?parent=3511"}],"wp:term":[{"taxonomy":"product_cat","embeddable":true,"href":"https:\/\/peysanexport.com\/fr\/wp-json\/wp\/v2\/product_cat?post=3511"},{"taxonomy":"product_tag","embeddable":true,"href":"https:\/\/peysanexport.com\/fr\/wp-json\/wp\/v2\/product_tag?post=3511"}],"curies":[{"name":"wp","href":"https:\/\/api.w.org\/{rel}","templated":true}]}}