{"id":3520,"date":"2021-08-30T14:13:02","date_gmt":"2021-08-30T11:13:02","guid":{"rendered":"https:\/\/peysanexport.com\/?post_type=product&#038;p=3520"},"modified":"2023-02-04T17:36:09","modified_gmt":"2023-02-04T14:36:09","slug":"peysan-shredded-mozzarella-2000-g","status":"publish","type":"product","link":"https:\/\/peysanexport.com\/fr\/product\/peysan-shredded-mozzarella-2000-g\/","title":{"rendered":"Mozzarella r\u00e2p\u00e9e Peysan 2000 g"},"content":{"rendered":"<p>Mozzarella fra\u00eechement r\u00e2p\u00e9e de Peysan, indispensable pour les pizzas, produite par la m\u00e9thode d&#8217;\u00e9bullition \u00e0 l&#8217;eau chaude selon une recette de style italien<\/p>\n","protected":false},"excerpt":{"rendered":"<p>Mozzarella fra\u00eechement r\u00e2p\u00e9e de Peysan, indispensable pour les pizzas, produite par la m\u00e9thode d&#039;\u00e9bullition \u00e0 l&#039;eau chaude selon une recette de style italien<\/p>\n","protected":false},"featured_media":3467,"template":"","meta":[],"product_cat":[151],"product_tag":[],"_links":{"self":[{"href":"https:\/\/peysanexport.com\/fr\/wp-json\/wp\/v2\/product\/3520"}],"collection":[{"href":"https:\/\/peysanexport.com\/fr\/wp-json\/wp\/v2\/product"}],"about":[{"href":"https:\/\/peysanexport.com\/fr\/wp-json\/wp\/v2\/types\/product"}],"wp:featuredmedia":[{"embeddable":true,"href":"https:\/\/peysanexport.com\/fr\/wp-json\/wp\/v2\/media\/3467"}],"wp:attachment":[{"href":"https:\/\/peysanexport.com\/fr\/wp-json\/wp\/v2\/media?parent=3520"}],"wp:term":[{"taxonomy":"product_cat","embeddable":true,"href":"https:\/\/peysanexport.com\/fr\/wp-json\/wp\/v2\/product_cat?post=3520"},{"taxonomy":"product_tag","embeddable":true,"href":"https:\/\/peysanexport.com\/fr\/wp-json\/wp\/v2\/product_tag?post=3520"}],"curies":[{"name":"wp","href":"https:\/\/api.w.org\/{rel}","templated":true}]}}