{"id":3528,"date":"2021-08-30T14:31:32","date_gmt":"2021-08-30T11:31:32","guid":{"rendered":"https:\/\/peysanexport.com\/?post_type=product&#038;p=3528"},"modified":"2023-02-04T18:01:11","modified_gmt":"2023-02-04T15:01:11","slug":"taciroglu-kashkaval-cheese-plain-5000-g","status":"publish","type":"product","link":"https:\/\/peysanexport.com\/fr\/product\/taciroglu-kashkaval-cheese-plain-5000-g\/","title":{"rendered":"Fromage Kashkaval Ordinaire de Taciro\u011flu 5000 g"},"content":{"rendered":"<p>Fromage kashkaval entier Taciro\u011flu, produit \u00e0 partir de lait de vache et de brebis selon des m\u00e9thodes sp\u00e9cifiques aux Balkans, affin\u00e9 pendant 3 mois pour la formation d&#8217;ar\u00f4mes.<\/p>\n","protected":false},"excerpt":{"rendered":"<p>Fromage kashkaval entier Taciro\u011flu, produit \u00e0 partir de lait de vache et de brebis selon des m\u00e9thodes sp\u00e9cifiques aux Balkans, affin\u00e9 pendant 3 mois pour la formation d&#039;ar\u00f4mes.<\/p>\n","protected":false},"featured_media":3490,"template":"","meta":[],"product_cat":[152],"product_tag":[],"_links":{"self":[{"href":"https:\/\/peysanexport.com\/fr\/wp-json\/wp\/v2\/product\/3528"}],"collection":[{"href":"https:\/\/peysanexport.com\/fr\/wp-json\/wp\/v2\/product"}],"about":[{"href":"https:\/\/peysanexport.com\/fr\/wp-json\/wp\/v2\/types\/product"}],"wp:featuredmedia":[{"embeddable":true,"href":"https:\/\/peysanexport.com\/fr\/wp-json\/wp\/v2\/media\/3490"}],"wp:attachment":[{"href":"https:\/\/peysanexport.com\/fr\/wp-json\/wp\/v2\/media?parent=3528"}],"wp:term":[{"taxonomy":"product_cat","embeddable":true,"href":"https:\/\/peysanexport.com\/fr\/wp-json\/wp\/v2\/product_cat?post=3528"},{"taxonomy":"product_tag","embeddable":true,"href":"https:\/\/peysanexport.com\/fr\/wp-json\/wp\/v2\/product_tag?post=3528"}],"curies":[{"name":"wp","href":"https:\/\/api.w.org\/{rel}","templated":true}]}}