{"id":3529,"date":"2021-08-30T14:33:08","date_gmt":"2021-08-30T11:33:08","guid":{"rendered":"https:\/\/peysanexport.com\/?post_type=product&#038;p=3529"},"modified":"2023-02-04T17:54:55","modified_gmt":"2023-02-04T14:54:55","slug":"taciroglu-full-fat-french-type-goat-cheese-plain-200-g","status":"publish","type":"product","link":"https:\/\/peysanexport.com\/fr\/product\/taciroglu-full-fat-french-type-goat-cheese-plain-200-g\/","title":{"rendered":"Fromage de Ch\u00e8vre Entier Ordinaire de Type Fran\u00e7ais de Taciro\u011flu 200 g"},"content":{"rendered":"<p>Fromage de ch\u00e8vre frais entier Taciro\u011flu produit avec des techniques sp\u00e9ciales, repos\u00e9 dans des emballages perm\u00e9ables \u00e0 l&#8217;air et enrob\u00e9 d&#8217;\u00e9pices d\u00e9termin\u00e9es par l&#8217;exp\u00e9rience Taciro\u011flu<\/p>\n","protected":false},"excerpt":{"rendered":"<p>Fromage de ch\u00e8vre frais entier Taciro\u011flu produit avec des techniques sp\u00e9ciales, repos\u00e9 dans des emballages perm\u00e9ables \u00e0 l&#039;air et enrob\u00e9 d&#039;\u00e9pices d\u00e9termin\u00e9es par l&#039;exp\u00e9rience Taciro\u011flu<\/p>\n","protected":false},"featured_media":3488,"template":"","meta":[],"product_cat":[153],"product_tag":[],"_links":{"self":[{"href":"https:\/\/peysanexport.com\/fr\/wp-json\/wp\/v2\/product\/3529"}],"collection":[{"href":"https:\/\/peysanexport.com\/fr\/wp-json\/wp\/v2\/product"}],"about":[{"href":"https:\/\/peysanexport.com\/fr\/wp-json\/wp\/v2\/types\/product"}],"wp:featuredmedia":[{"embeddable":true,"href":"https:\/\/peysanexport.com\/fr\/wp-json\/wp\/v2\/media\/3488"}],"wp:attachment":[{"href":"https:\/\/peysanexport.com\/fr\/wp-json\/wp\/v2\/media?parent=3529"}],"wp:term":[{"taxonomy":"product_cat","embeddable":true,"href":"https:\/\/peysanexport.com\/fr\/wp-json\/wp\/v2\/product_cat?post=3529"},{"taxonomy":"product_tag","embeddable":true,"href":"https:\/\/peysanexport.com\/fr\/wp-json\/wp\/v2\/product_tag?post=3529"}],"curies":[{"name":"wp","href":"https:\/\/api.w.org\/{rel}","templated":true}]}}