{"id":3692,"date":"2021-09-23T17:27:54","date_gmt":"2021-09-23T14:27:54","guid":{"rendered":"https:\/\/peysanexport.com\/?post_type=product&#038;p=3692"},"modified":"2023-02-04T17:57:21","modified_gmt":"2023-02-04T14:57:21","slug":"taciroglu-full-fat-french-type-goat-cheese-with-thyme-200-g","status":"publish","type":"product","link":"https:\/\/peysanexport.com\/fr\/product\/taciroglu-full-fat-french-type-goat-cheese-with-thyme-200-g\/","title":{"rendered":"Fromage de Ch\u00e8vre Fondu aux Thyms de Taciro\u011flu 200 g"},"content":{"rendered":"<p>Fromage de ch\u00e8vre entier Taciro\u011flu produit avec des techniques sp\u00e9ciales, repos\u00e9 dans des emballages perm\u00e9ables \u00e0 l&#8217;air et enrob\u00e9 d&#8217;\u00e9pices d\u00e9termin\u00e9es par l&#8217;exp\u00e9rience Taciro\u011flu.<\/p>\n","protected":false},"excerpt":{"rendered":"<p>Fromage de ch\u00e8vre entier Taciro\u011flu produit avec des techniques sp\u00e9ciales, repos\u00e9 dans des emballages perm\u00e9ables \u00e0 l&#039;air et enrob\u00e9 d&#039;\u00e9pices d\u00e9termin\u00e9es par l&#039;exp\u00e9rience Taciro\u011flu.<\/p>\n","protected":false},"featured_media":3696,"template":"","meta":[],"product_cat":[153],"product_tag":[],"_links":{"self":[{"href":"https:\/\/peysanexport.com\/fr\/wp-json\/wp\/v2\/product\/3692"}],"collection":[{"href":"https:\/\/peysanexport.com\/fr\/wp-json\/wp\/v2\/product"}],"about":[{"href":"https:\/\/peysanexport.com\/fr\/wp-json\/wp\/v2\/types\/product"}],"wp:featuredmedia":[{"embeddable":true,"href":"https:\/\/peysanexport.com\/fr\/wp-json\/wp\/v2\/media\/3696"}],"wp:attachment":[{"href":"https:\/\/peysanexport.com\/fr\/wp-json\/wp\/v2\/media?parent=3692"}],"wp:term":[{"taxonomy":"product_cat","embeddable":true,"href":"https:\/\/peysanexport.com\/fr\/wp-json\/wp\/v2\/product_cat?post=3692"},{"taxonomy":"product_tag","embeddable":true,"href":"https:\/\/peysanexport.com\/fr\/wp-json\/wp\/v2\/product_tag?post=3692"}],"curies":[{"name":"wp","href":"https:\/\/api.w.org\/{rel}","templated":true}]}}