{"id":3697,"date":"2021-09-24T14:06:34","date_gmt":"2021-09-24T11:06:34","guid":{"rendered":"https:\/\/peysanexport.com\/?post_type=product&#038;p=3697"},"modified":"2023-02-04T18:02:21","modified_gmt":"2023-02-04T15:02:21","slug":"peysan-dulce-de-leche-150-g","status":"publish","type":"product","link":"https:\/\/peysanexport.com\/fr\/product\/peysan-dulce-de-leche-150-g\/","title":{"rendered":"Caramel de Lait de Peysan 150 g"},"content":{"rendered":"<p>Caramel de lait de Peysan, \u00e9labor\u00e9 avec l&#8217;exp\u00e9rience du &#8220;Dulce de Leche&#8221;, unique en Argentine<\/p>\n","protected":false},"excerpt":{"rendered":"<p>Caramel de lait de Peysan, \u00e9labor\u00e9 avec l&#039;exp\u00e9rience du &#8220;Dulce de Leche&#8221;, unique en Argentine<\/p>\n","protected":false},"featured_media":3694,"template":"","meta":[],"product_cat":[154],"product_tag":[],"_links":{"self":[{"href":"https:\/\/peysanexport.com\/fr\/wp-json\/wp\/v2\/product\/3697"}],"collection":[{"href":"https:\/\/peysanexport.com\/fr\/wp-json\/wp\/v2\/product"}],"about":[{"href":"https:\/\/peysanexport.com\/fr\/wp-json\/wp\/v2\/types\/product"}],"wp:featuredmedia":[{"embeddable":true,"href":"https:\/\/peysanexport.com\/fr\/wp-json\/wp\/v2\/media\/3694"}],"wp:attachment":[{"href":"https:\/\/peysanexport.com\/fr\/wp-json\/wp\/v2\/media?parent=3697"}],"wp:term":[{"taxonomy":"product_cat","embeddable":true,"href":"https:\/\/peysanexport.com\/fr\/wp-json\/wp\/v2\/product_cat?post=3697"},{"taxonomy":"product_tag","embeddable":true,"href":"https:\/\/peysanexport.com\/fr\/wp-json\/wp\/v2\/product_tag?post=3697"}],"curies":[{"name":"wp","href":"https:\/\/api.w.org\/{rel}","templated":true}]}}