{"id":3698,"date":"2021-09-24T14:07:56","date_gmt":"2021-09-24T11:07:56","guid":{"rendered":"https:\/\/peysanexport.com\/?post_type=product&#038;p=3698"},"modified":"2023-02-04T18:02:36","modified_gmt":"2023-02-04T15:02:36","slug":"peysan-milk-jam-150-g","status":"publish","type":"product","link":"https:\/\/peysanexport.com\/fr\/product\/peysan-milk-jam-150-g\/","title":{"rendered":"Confiture de Lait Peysan 150 g"},"content":{"rendered":"<p>La confiture de lait Peysan, compl\u00e9ment indispensable des petits d\u00e9jeuners et des g\u00e2teaux, \u00e0 base de lait concentr\u00e9 et \u00e9labor\u00e9e avec le savoir-faire Peysan.<\/p>\n","protected":false},"excerpt":{"rendered":"<p>La confiture de lait Peysan, compl\u00e9ment indispensable des petits d\u00e9jeuners et des g\u00e2teaux, \u00e0 base de lait concentr\u00e9 et \u00e9labor\u00e9e avec le savoir-faire Peysan.<\/p>\n","protected":false},"featured_media":3695,"template":"","meta":[],"product_cat":[154],"product_tag":[],"_links":{"self":[{"href":"https:\/\/peysanexport.com\/fr\/wp-json\/wp\/v2\/product\/3698"}],"collection":[{"href":"https:\/\/peysanexport.com\/fr\/wp-json\/wp\/v2\/product"}],"about":[{"href":"https:\/\/peysanexport.com\/fr\/wp-json\/wp\/v2\/types\/product"}],"wp:featuredmedia":[{"embeddable":true,"href":"https:\/\/peysanexport.com\/fr\/wp-json\/wp\/v2\/media\/3695"}],"wp:attachment":[{"href":"https:\/\/peysanexport.com\/fr\/wp-json\/wp\/v2\/media?parent=3698"}],"wp:term":[{"taxonomy":"product_cat","embeddable":true,"href":"https:\/\/peysanexport.com\/fr\/wp-json\/wp\/v2\/product_cat?post=3698"},{"taxonomy":"product_tag","embeddable":true,"href":"https:\/\/peysanexport.com\/fr\/wp-json\/wp\/v2\/product_tag?post=3698"}],"curies":[{"name":"wp","href":"https:\/\/api.w.org\/{rel}","templated":true}]}}