{"id":3719,"date":"2021-09-25T00:51:20","date_gmt":"2021-09-24T21:51:20","guid":{"rendered":"https:\/\/peysanexport.com\/?post_type=product&#038;p=3719"},"modified":"2023-02-04T17:34:58","modified_gmt":"2023-02-04T14:34:58","slug":"peysan-shredded-mozzarella-250-g","status":"publish","type":"product","link":"https:\/\/peysanexport.com\/fr\/product\/peysan-shredded-mozzarella-250-g\/","title":{"rendered":"Mozzarella r\u00e2p\u00e9e Peysan 250 g"},"content":{"rendered":"<p>Mozzarella fra\u00eechement r\u00e2p\u00e9e de Peysan, indispensable pour les pizzas, produite par la m\u00e9thode d&#8217;\u00e9bullition \u00e0 l&#8217;eau chaude selon une recette de style italien<\/p>\n","protected":false},"excerpt":{"rendered":"<p>Mozzarella fra\u00eechement r\u00e2p\u00e9e de Peysan, indispensable pour les pizzas, produite par la m\u00e9thode d&#039;\u00e9bullition \u00e0 l&#039;eau chaude selon une recette de style italien<\/p>\n","protected":false},"featured_media":4105,"template":"","meta":[],"product_cat":[151],"product_tag":[],"_links":{"self":[{"href":"https:\/\/peysanexport.com\/fr\/wp-json\/wp\/v2\/product\/3719"}],"collection":[{"href":"https:\/\/peysanexport.com\/fr\/wp-json\/wp\/v2\/product"}],"about":[{"href":"https:\/\/peysanexport.com\/fr\/wp-json\/wp\/v2\/types\/product"}],"wp:featuredmedia":[{"embeddable":true,"href":"https:\/\/peysanexport.com\/fr\/wp-json\/wp\/v2\/media\/4105"}],"wp:attachment":[{"href":"https:\/\/peysanexport.com\/fr\/wp-json\/wp\/v2\/media?parent=3719"}],"wp:term":[{"taxonomy":"product_cat","embeddable":true,"href":"https:\/\/peysanexport.com\/fr\/wp-json\/wp\/v2\/product_cat?post=3719"},{"taxonomy":"product_tag","embeddable":true,"href":"https:\/\/peysanexport.com\/fr\/wp-json\/wp\/v2\/product_tag?post=3719"}],"curies":[{"name":"wp","href":"https:\/\/api.w.org\/{rel}","templated":true}]}}