{"id":4005,"date":"2021-12-07T15:12:03","date_gmt":"2021-12-07T12:12:03","guid":{"rendered":"https:\/\/peysanexport.com\/tr\/?post_type=product&#038;p=4005"},"modified":"2023-02-04T17:47:52","modified_gmt":"2023-02-04T14:47:52","slug":"peysan-full-fat-spreadable-cream-cheese-2750-g","status":"publish","type":"product","link":"https:\/\/peysanexport.com\/fr\/product\/peysan-full-fat-spreadable-cream-cheese-2750-g\/","title":{"rendered":"Fromage \u00e0 la cr\u00e8me \u00e0 tartiner entier Peysan 2750 g"},"content":{"rendered":"<p>Fromage \u00e0 la cr\u00e8me entier Peysan aromatis\u00e9 au lait frais et v\u00e9ritable cr\u00e8me de lait avec l&#8217;exp\u00e9rience Peysan<\/p>\n","protected":false},"excerpt":{"rendered":"<p>Fromage \u00e0 la cr\u00e8me entier Peysan aromatis\u00e9 au lait frais et v\u00e9ritable cr\u00e8me de lait avec l&#039;exp\u00e9rience Peysan<\/p>\n","protected":false},"featured_media":4006,"template":"","meta":[],"product_cat":[153],"product_tag":[],"_links":{"self":[{"href":"https:\/\/peysanexport.com\/fr\/wp-json\/wp\/v2\/product\/4005"}],"collection":[{"href":"https:\/\/peysanexport.com\/fr\/wp-json\/wp\/v2\/product"}],"about":[{"href":"https:\/\/peysanexport.com\/fr\/wp-json\/wp\/v2\/types\/product"}],"wp:featuredmedia":[{"embeddable":true,"href":"https:\/\/peysanexport.com\/fr\/wp-json\/wp\/v2\/media\/4006"}],"wp:attachment":[{"href":"https:\/\/peysanexport.com\/fr\/wp-json\/wp\/v2\/media?parent=4005"}],"wp:term":[{"taxonomy":"product_cat","embeddable":true,"href":"https:\/\/peysanexport.com\/fr\/wp-json\/wp\/v2\/product_cat?post=4005"},{"taxonomy":"product_tag","embeddable":true,"href":"https:\/\/peysanexport.com\/fr\/wp-json\/wp\/v2\/product_tag?post=4005"}],"curies":[{"name":"wp","href":"https:\/\/api.w.org\/{rel}","templated":true}]}}