{"id":3538,"date":"2021-08-31T14:13:39","date_gmt":"2021-08-31T11:13:39","guid":{"rendered":"https:\/\/peysanexport.com\/?page_id=3538"},"modified":"2023-02-04T16:16:32","modified_gmt":"2023-02-04T13:16:32","slug":"contact","status":"publish","type":"page","link":"https:\/\/peysanexport.com\/tr\/contact\/","title":{"rendered":"\u0130leti\u015fim"},"content":{"rendered":"<p>[vc_row full_width=&#8221;stretch_row&#8221; disable_element=&#8221;yes&#8221; background_attachment=&#8221;fixed&#8221; overlay_background=&#8221;gradient&#8221; overlay_opacity=&#8221;80&#8243; background_image=&#8221;3546&#8243; background_position=&#8221;center&#8221; overlay_gradient_background=&#8221;background: -webkit-gradient(linear, left top, left bottom, color-stop(0%, #7BB92B), color-stop(100%, #ED1B25));background: -moz-linear-gradient(top,#7BB92B 0%,#ED1B25 100%);background: -webkit-linear-gradient(top,#7BB92B 0%,#ED1B25 100%);background: -o-linear-gradient(top,#7BB92B 0%,#ED1B25 100%);background: -ms-linear-gradient(top,#7BB92B 0%,#ED1B25 100%);background: linear-gradient(top,#7BB92B 0%,#ED1B25 100%);&#8221;][vc_column][tm_spacer size=&#8221;sm:150;lg:192&#8243;][tm_heading tag=&#8221;h4&#8243; custom_google_font=&#8221;&#8221; align=&#8221;center&#8221; text_color=&#8221;custom&#8221; custom_text_color=&#8221;#ffffff&#8221; font_size=&#8221;xs:34;sm:44;md:54;lg:64&#8243; line_height=&#8221;1.13&#8243;]\u0130leti\u015fim[\/tm_heading][tm_spacer size=&#8221;lg:21&#8243;][tm_heading tag=&#8221;div&#8221; custom_google_font=&#8221;&#8221; font_weight=&#8221;500&#8243; align=&#8221;center&#8221; text_color=&#8221;custom&#8221; custom_text_color=&#8221;#ffffff&#8221; font_size=&#8221;sm:18;md:21;lg:24&#8243; line_height=&#8221;1.67&#8243; max_width=&#8221;740px&#8221;]Bize Ula\u015f\u0131n[\/tm_heading][tm_spacer size=&#8221;sm:120;lg:165&#8243;][\/vc_column][\/vc_row][vc_row full_width=&#8221;stretch_row&#8221; vidbg_vc_overlay=&#8221;true&#8221; vidbg_vc_overlay_color=&#8221;#000000&#8243; vidbg_vc_overlay_alpha=&#8221;0.5&#8243; vidbg_vc_mp4=&#8221;https:\/\/peysanexport.com\/wp-content\/uploads\/2021\/09\/peysan-tulum-peyniri-h-900.mp4&#8243; vidbg_vc_webm=&#8221;https:\/\/peysanexport.com\/wp-content\/uploads\/2021\/09\/peysan-tulum-peyniri-h-768.webm&#8221; vidbg_vc_poster=&#8221;3766&#8243;][vc_column][tm_spacer size=&#8221;sm:150;lg:192&#8243;][tm_heading tag=&#8221;h4&#8243; custom_google_font=&#8221;&#8221; align=&#8221;center&#8221; text_color=&#8221;custom&#8221; custom_text_color=&#8221;#ffffff&#8221; font_size=&#8221;xs:34;sm:44;md:54;lg:64&#8243; line_height=&#8221;1.13&#8243;]\u0130leti\u015fim[\/tm_heading][tm_spacer size=&#8221;lg:21&#8243;][tm_heading tag=&#8221;div&#8221; custom_google_font=&#8221;&#8221; font_weight=&#8221;500&#8243; align=&#8221;center&#8221; text_color=&#8221;custom&#8221; custom_text_color=&#8221;#ffffff&#8221; font_size=&#8221;sm:18;md:21;lg:24&#8243; line_height=&#8221;1.67&#8243; max_width=&#8221;740px&#8221;]Bize Ula\u015f\u0131n[\/tm_heading][tm_spacer size=&#8221;sm:120;lg:165&#8243;][\/vc_column][\/vc_row][vc_row full_width=&#8221;stretch_row&#8221; background_size=&#8221;auto&#8221; lg_spacing=&#8221;padding_top:120;padding_bottom:120&#8243; background_image=&#8221;470&#8243; background_position=&#8221;center right&#8221; onepage_title=&#8221;Contact&#8221; onepage_anchor=&#8221;section-contact&#8221;][vc_column][vc_row_inner][vc_column_inner width=&#8221;1\/3&#8243;][tm_heading tag=&#8221;h4&#8243; custom_google_font=&#8221;&#8221; text_color=&#8221;secondary&#8221; hover_text_color=&#8221;primary&#8221;]\u0130stanbul Merkez (Sat\u0131\u015f)[\/tm_heading][tm_spacer size=&#8221;lg:32&#8243;][vc_column_text]Kocatepe Mahallesi Ya\u011fiskelesi Caddesi<br \/>\nC 45 Blok No: 15\/A \u2013 15\/B Megacenter 34045 Bayrampa\u015fa[\/vc_column_text][tm_spacer size=&#8221;lg:10&#8243;][vc_column_text]\u0130stanbul, T\u00dcRK\u0130YE[\/vc_column_text][tm_spacer size=&#8221;lg:10&#8243;][vc_column_text]<i class=\"fas fa-phone\"><\/i> <a href=\"tel:+902124370202\">+90 (212) 437 02 02<\/a>[\/vc_column_text][tm_spacer size=&#8221;lg:10&#8243;][vc_column_text]<i class=\"fas fa-envelope\"><\/i> <a href=\"mailto:peysan@peysan.com.tr\">peysan@peysan.com.tr<\/a>[\/vc_column_text][tm_spacer size=&#8221;lg:10&#8243;][vc_column_text]<i class=\"fas fa-globe\"><\/i> <a href=\"https:\/\/peysanexport.com\">peysanexport.com<\/a>[\/vc_column_text][tm_spacer size=&#8221;lg:40&#8243;][tm_popup_map embed=&#8221;https:\/\/www.google.com\/maps\/place\/Taciro\u011flu+-+Peysan+Megacenter\/@41.051389,28.8931922,19z\/data=!4m5!3m4!1s0x0:0xaef513e9a21751a9!8m2!3d41.0511202!4d28.8927887&#8243; text=&#8221;Google Haritalar&#8217;da G\u00f6r\u00fcnt\u00fcle&#8221;][tm_spacer size=&#8221;lg:10&#8243;][\/vc_column_inner][vc_column_inner width=&#8221;1\/3&#8243;][tm_heading tag=&#8221;h4&#8243; custom_google_font=&#8221;&#8221; text_color=&#8221;secondary&#8221; hover_text_color=&#8221;primary&#8221;]Edirne Fabrika (\u00dcretim)[\/tm_heading][tm_spacer size=&#8221;lg:32&#8243;][vc_column_text]\u0130psala Yolu \u00fczeri 2. km No:8<br \/>\n22800 Ke\u015fan[\/vc_column_text][tm_spacer size=&#8221;lg:10&#8243;][tm_spacer size=&#8221;lg:10&#8243;][tm_spacer size=&#8221;lg:10&#8243;][tm_spacer size=&#8221;lg:10&#8243;][vc_column_text]Edirne, T\u00dcRK\u0130YE[\/vc_column_text][tm_spacer size=&#8221;lg:10&#8243;][vc_column_text]<i class=\"fas fa-phone\"><\/i> <a href=\"tel:+902847142381\">+90 (284) 714 23 81<\/a>[\/vc_column_text][tm_spacer size=&#8221;lg:10&#8243;][vc_column_text]<i class=\"fas fa-envelope\"><\/i> <a href=\"mailto:peysan@peysan.com.tr\">peysan@peysan.com.tr<\/a>[\/vc_column_text][tm_spacer size=&#8221;lg:10&#8243;][vc_column_text]<i class=\"fas fa-globe\"><\/i> <a href=\"https:\/\/peysanexport.com\">peysanexport.com<\/a>[\/vc_column_text][tm_spacer size=&#8221;lg:40&#8243;][tm_popup_map embed=&#8221;https:\/\/www.google.com\/maps\/place\/Taciro\u011flu+-+Peysan+Fabrika\/@40.8756292,26.616902,16z\/data=!4m5!3m4!1s0x0:0x30ff5f6bd9ee5423!8m2!3d40.874728!4d26.615248&#8243; text=&#8221;Google Haritalar&#8217;da G\u00f6r\u00fcnt\u00fcle&#8221;][tm_spacer size=&#8221;lg:10&#8243;][\/vc_column_inner][vc_column_inner width=&#8221;1\/3&#8243;][tm_heading tag=&#8221;h4&#8243; custom_google_font=&#8221;&#8221; text_color=&#8221;secondary&#8221; hover_text_color=&#8221;primary&#8221;]Edirne Fabrika 2 (\u00dcretim)[\/tm_heading][tm_spacer size=&#8221;lg:32&#8243;][vc_column_text]\u0130stasyon Mah. Londra Cad. No:29<br \/>\n22800 Ke\u015fan[\/vc_column_text][tm_spacer size=&#8221;lg:10&#8243;][tm_spacer size=&#8221;lg:10&#8243;][tm_spacer size=&#8221;lg:10&#8243;][tm_spacer size=&#8221;lg:10&#8243;][vc_column_text]Edirne, T\u00dcRK\u0130YE[\/vc_column_text][tm_spacer size=&#8221;lg:10&#8243;][vc_column_text]<i class=\"fas fa-phone\"><\/i> <a href=\"tel:+902847142381\">+90 (284) 714 23 81<\/a>[\/vc_column_text][tm_spacer size=&#8221;lg:10&#8243;][vc_column_text]<i class=\"fas fa-envelope\"><\/i> <a href=\"mailto:peysan@peysan.com.tr\">peysan@peysan.com.tr<\/a>[\/vc_column_text][tm_spacer size=&#8221;lg:10&#8243;][vc_column_text]<i class=\"fas fa-globe\"><\/i> <a href=\"https:\/\/peysanexport.com\">peysanexport.com<\/a>[\/vc_column_text][tm_spacer size=&#8221;lg:40&#8243;][tm_popup_map embed=&#8221;https:\/\/www.google.com\/maps\/place\/Taciro\u011flu+-+Peysan+Fabrika+2\/@40.876066,26.6063543,17z\/data=!4m5!3m4!1s0x14b3c71aab611c7d:0xeae4ef8d25727cb8!8m2!3d40.8759162!4d26.6085506&#8243; text=&#8221;Google Haritalar&#8217;da G\u00f6r\u00fcnt\u00fcle&#8221;][tm_spacer size=&#8221;lg:10&#8243;][\/vc_column_inner][\/vc_row_inner][tm_spacer size=&#8221;lg:32&#8243;][vc_row_inner][vc_column_inner width=&#8221;1\/2&#8243;][\/vc_column_inner][vc_column_inner width=&#8221;1\/2&#8243;][\/vc_column_inner][\/vc_row_inner][\/vc_column][\/vc_row][vc_row][vc_column width=&#8221;2\/3&#8243;][tm_spacer size=&#8221;lg:108&#8243;][vc_column_text]Dilerseniz bize a\u015fa\u011f\u0131daki form arac\u0131l\u0131\u011f\u0131yla ula\u015fabilirsiniz.[\/vc_column_text][tm_spacer size=&#8221;lg:28&#8243;][tm_contact_form_7 id=&#8221;3542&#8243; style=&#8221;03&#8243;][\/vc_column][vc_column width=&#8221;1\/3&#8243;][tm_spacer size=&#8221;lg:108&#8243;][tm_heading style=&#8221;modern-03&#8243; custom_google_font=&#8221;&#8221; text_color=&#8221;custom&#8221; custom_text_color=&#8221;#333333&#8243;]E-mail G\u00f6nderin[\/tm_heading][tm_spacer size=&#8221;lg:28&#8243;][tm_button button=&#8221;url:mailto%3Apeysan%40peysan.com.tr|title:peysan%40peysan.com.tr|target:_blank&#8221; icon_align=&#8221;left&#8221; icon_type=&#8221;fontawesome5&#8243; icon_fontawesome5=&#8221;fa fa-envelope&#8221;][tm_spacer size=&#8221;lg:36&#8243;][tm_heading style=&#8221;modern-03&#8243; custom_google_font=&#8221;&#8221; text_color=&#8221;custom&#8221; custom_text_color=&#8221;#333333&#8243;]Aray\u0131n[\/tm_heading][tm_spacer size=&#8221;lg:28&#8243;][tm_button button=&#8221;url:tel%3A%2B902124370202|title:%2B90%20(212)%20437%2002%2002|target:_blank&#8221; icon_align=&#8221;left&#8221; icon_type=&#8221;fontawesome5&#8243; icon_fontawesome5=&#8221;fa fa-phone&#8221;][\/vc_column][\/vc_row][vc_row full_width=&#8221;stretch_row&#8221; background_size=&#8221;auto&#8221; lg_spacing=&#8221;padding_top:120;padding_bottom:120&#8243; background_image=&#8221;470&#8243; background_position=&#8221;center right&#8221; onepage_title=&#8221;Contact&#8221; onepage_anchor=&#8221;section-contact&#8221;][vc_column][tm_spacer size=&#8221;xs:40;lg:60&#8243;][\/vc_column][\/vc_row]<\/p>\n","protected":false},"excerpt":{"rendered":"<p>[vc_row full_width=&#8221;stretch_row&#8221; disable_element=&#8221;yes&#8221; background_attachment=&#8221;fixed&#8221; overlay_background=&#8221;gradient&#8221; overlay_opacity=&#8221;80&#8243; background_image=&#8221;3546&#8243; background_position=&#8221;center&#8221; overlay_gradient_background=&#8221;background: -webkit-gradient(linear, left top, left bottom, color-stop(0%, #7BB92B), color-stop(100%, #ED1B25));background: -moz-linear-gradient(top,#7BB92B 0%,#ED1B25 100%);background: -webkit-linear-gradient(top,#7BB92B 0%,#ED1B25 100%);background: -o-linear-gradient(top,#7BB92B 0%,#ED1B25 100%);background: -ms-linear-gradient(top,#7BB92B 0%,#ED1B25 100%);background: linear-gradient(top,#7BB92B 0%,#ED1B25 100%);&#8221;][vc_column][tm_spacer size=&#8221;sm:150;lg:192&#8243;][tm_heading tag=&#8221;h4&#8243; custom_google_font=&#8221;&#8221; align=&#8221;center&#8221; text_color=&#8221;custom&#8221; custom_text_color=&#8221;#ffffff&#8221; font_size=&#8221;xs:34;sm:44;md:54;lg:64&#8243; line_height=&#8221;1.13&#8243;]\u0130leti\u015fim[\/tm_heading][tm_spacer size=&#8221;lg:21&#8243;][tm_heading tag=&#8221;div&#8221; custom_google_font=&#8221;&#8221; font_weight=&#8221;500&#8243; align=&#8221;center&#8221; text_color=&#8221;custom&#8221; custom_text_color=&#8221;#ffffff&#8221; font_size=&#8221;sm:18;md:21;lg:24&#8243; line_height=&#8221;1.67&#8243; max_width=&#8221;740px&#8221;]Bize Ula\u015f\u0131n[\/tm_heading][tm_spacer size=&#8221;sm:120;lg:165&#8243;][\/vc_column][\/vc_row][vc_row full_width=&#8221;stretch_row&#8221; vidbg_vc_overlay=&#8221;true&#8221; vidbg_vc_overlay_color=&#8221;#000000&#8243; vidbg_vc_overlay_alpha=&#8221;0.5&#8243; vidbg_vc_mp4=&#8221;https:\/\/peysanexport.com\/wp-content\/uploads\/2021\/09\/peysan-tulum-peyniri-h-900.mp4&#8243; vidbg_vc_webm=&#8221;https:\/\/peysanexport.com\/wp-content\/uploads\/2021\/09\/peysan-tulum-peyniri-h-768.webm&#8221; vidbg_vc_poster=&#8221;3766&#8243;][vc_column][tm_spacer size=&#8221;sm:150;lg:192&#8243;][tm_heading tag=&#8221;h4&#8243; custom_google_font=&#8221;&#8221; align=&#8221;center&#8221; text_color=&#8221;custom&#8221; custom_text_color=&#8221;#ffffff&#8221; font_size=&#8221;xs:34;sm:44;md:54;lg:64&#8243; line_height=&#8221;1.13&#8243;]\u0130leti\u015fim[\/tm_heading][tm_spacer size=&#8221;lg:21&#8243;][tm_heading tag=&#8221;div&#8221; custom_google_font=&#8221;&#8221; font_weight=&#8221;500&#8243; align=&#8221;center&#8221; text_color=&#8221;custom&#8221; custom_text_color=&#8221;#ffffff&#8221; font_size=&#8221;sm:18;md:21;lg:24&#8243; line_height=&#8221;1.67&#8243; max_width=&#8221;740px&#8221;]Bize Ula\u015f\u0131n[\/tm_heading][tm_spacer size=&#8221;sm:120;lg:165&#8243;][\/vc_column][\/vc_row][vc_row full_width=&#8221;stretch_row&#8221; background_size=&#8221;auto&#8221; lg_spacing=&#8221;padding_top:120;padding_bottom:120&#8243; background_image=&#8221;470&#8243; background_position=&#8221;center right&#8221; onepage_title=&#8221;Contact&#8221; onepage_anchor=&#8221;section-contact&#8221;][vc_column][vc_row_inner][vc_column_inner width=&#8221;1\/3&#8243;][tm_heading tag=&#8221;h4&#8243; custom_google_font=&#8221;&#8221; text_color=&#8221;secondary&#8221; hover_text_color=&#8221;primary&#8221;]\u0130stanbul Merkez (Sat\u0131\u015f)[\/tm_heading][tm_spacer size=&#8221;lg:32&#8243;][vc_column_text]Kocatepe Mahallesi Ya\u011fiskelesi Caddesi C 45 Blok No: 15\/A \u2013 15\/B Megacenter 34045 Bayrampa\u015fa[\/vc_column_text][tm_spacer size=&#8221;lg:10&#8243;][vc_column_text]\u0130stanbul, T\u00dcRK\u0130YE[\/vc_column_text][tm_spacer size=&#8221;lg:10&#8243;][vc_column_text] +90 (212) 437 02 02[\/vc_column_text][tm_spacer size=&#8221;lg:10&#8243;][vc_column_text] peysan@peysan.com.tr[\/vc_column_text][tm_spacer size=&#8221;lg:10&#8243;][vc_column_text] peysanexport.com[\/vc_column_text][tm_spacer size=&#8221;lg:40&#8243;][tm_popup_map embed=&#8221;https:\/\/www.google.com\/maps\/place\/Taciro\u011flu+-+Peysan+Megacenter\/@41.051389,28.8931922,19z\/data=!4m5!3m4!1s0x0:0xaef513e9a21751a9!8m2!3d41.0511202!4d28.8927887&#8243; text=&#8221;Google Haritalar&#8217;da G\u00f6r\u00fcnt\u00fcle&#8221;][tm_spacer size=&#8221;lg:10&#8243;][\/vc_column_inner][vc_column_inner width=&#8221;1\/3&#8243;][tm_heading tag=&#8221;h4&#8243; custom_google_font=&#8221;&#8221; text_color=&#8221;secondary&#8221; hover_text_color=&#8221;primary&#8221;]Edirne Fabrika (\u00dcretim)[\/tm_heading][tm_spacer size=&#8221;lg:32&#8243;][vc_column_text]\u0130psala Yolu \u00fczeri 2. km No:8 22800 Ke\u015fan[\/vc_column_text][tm_spacer size=&#8221;lg:10&#8243;][tm_spacer size=&#8221;lg:10&#8243;][tm_spacer size=&#8221;lg:10&#8243;][tm_spacer size=&#8221;lg:10&#8243;][vc_column_text]Edirne, T\u00dcRK\u0130YE[\/vc_column_text][tm_spacer size=&#8221;lg:10&#8243;][vc_column_text] +90 (284) 714 23 81[\/vc_column_text][tm_spacer size=&#8221;lg:10&#8243;][vc_column_text] peysan@peysan.com.tr[\/vc_column_text][tm_spacer size=&#8221;lg:10&#8243;][vc_column_text] peysanexport.com[\/vc_column_text][tm_spacer size=&#8221;lg:40&#8243;][tm_popup_map embed=&#8221;https:\/\/www.google.com\/maps\/place\/Taciro\u011flu+-+Peysan+Fabrika\/@40.8756292,26.616902,16z\/data=!4m5!3m4!1s0x0:0x30ff5f6bd9ee5423!8m2!3d40.874728!4d26.615248&#8243; text=&#8221;Google Haritalar&#8217;da G\u00f6r\u00fcnt\u00fcle&#8221;][tm_spacer size=&#8221;lg:10&#8243;][\/vc_column_inner][vc_column_inner width=&#8221;1\/3&#8243;][tm_heading tag=&#8221;h4&#8243; custom_google_font=&#8221;&#8221; text_color=&#8221;secondary&#8221; hover_text_color=&#8221;primary&#8221;]Edirne Fabrika 2 (\u00dcretim)[\/tm_heading][tm_spacer size=&#8221;lg:32&#8243;][vc_column_text]\u0130stasyon Mah. Londra Cad. No:29 22800 Ke\u015fan[\/vc_column_text][tm_spacer size=&#8221;lg:10&#8243;][tm_spacer size=&#8221;lg:10&#8243;][tm_spacer size=&#8221;lg:10&#8243;][tm_spacer size=&#8221;lg:10&#8243;][vc_column_text]Edirne, T\u00dcRK\u0130YE[\/vc_column_text][tm_spacer size=&#8221;lg:10&#8243;][vc_column_text] +90 (284) 714 23 81[\/vc_column_text][tm_spacer size=&#8221;lg:10&#8243;][vc_column_text] peysan@peysan.com.tr[\/vc_column_text][tm_spacer size=&#8221;lg:10&#8243;][vc_column_text] peysanexport.com[\/vc_column_text][tm_spacer size=&#8221;lg:40&#8243;][tm_popup_map embed=&#8221;https:\/\/www.google.com\/maps\/place\/Taciro\u011flu+-+Peysan+Fabrika+2\/@40.876066,26.6063543,17z\/data=!4m5!3m4!1s0x14b3c71aab611c7d:0xeae4ef8d25727cb8!8m2!3d40.8759162!4d26.6085506&#8243; text=&#8221;Google Haritalar&#8217;da G\u00f6r\u00fcnt\u00fcle&#8221;][tm_spacer size=&#8221;lg:10&#8243;][\/vc_column_inner][\/vc_row_inner][tm_spacer size=&#8221;lg:32&#8243;][vc_row_inner][vc_column_inner width=&#8221;1\/2&#8243;][\/vc_column_inner][vc_column_inner width=&#8221;1\/2&#8243;][\/vc_column_inner][\/vc_row_inner][\/vc_column][\/vc_row][vc_row][vc_column width=&#8221;2\/3&#8243;][tm_spacer size=&#8221;lg:108&#8243;][vc_column_text]Dilerseniz bize a\u015fa\u011f\u0131daki form arac\u0131l\u0131\u011f\u0131yla ula\u015fabilirsiniz.[\/vc_column_text][tm_spacer size=&#8221;lg:28&#8243;][tm_contact_form_7 id=&#8221;3542&#8243; style=&#8221;03&#8243;][\/vc_column][vc_column width=&#8221;1\/3&#8243;][tm_spacer size=&#8221;lg:108&#8243;][tm_heading style=&#8221;modern-03&#8243; custom_google_font=&#8221;&#8221; text_color=&#8221;custom&#8221; custom_text_color=&#8221;#333333&#8243;]E-mail G\u00f6nderin[\/tm_heading][tm_spacer size=&#8221;lg:28&#8243;][tm_button button=&#8221;url:mailto%3Apeysan%40peysan.com.tr|title:peysan%40peysan.com.tr|target:_blank&#8221; icon_align=&#8221;left&#8221; icon_type=&#8221;fontawesome5&#8243; icon_fontawesome5=&#8221;fa fa-envelope&#8221;][tm_spacer size=&#8221;lg:36&#8243;][tm_heading style=&#8221;modern-03&#8243; custom_google_font=&#8221;&#8221; text_color=&#8221;custom&#8221; custom_text_color=&#8221;#333333&#8243;]Aray\u0131n[\/tm_heading][tm_spacer size=&#8221;lg:28&#8243;][tm_button button=&#8221;url:tel%3A%2B902124370202|title:%2B90%20(212)%20437%2002%2002|target:_blank&#8221; icon_align=&#8221;left&#8221; icon_type=&#8221;fontawesome5&#8243; icon_fontawesome5=&#8221;fa fa-phone&#8221;][\/vc_column][\/vc_row][vc_row full_width=&#8221;stretch_row&#8221; background_size=&#8221;auto&#8221; lg_spacing=&#8221;padding_top:120;padding_bottom:120&#8243; background_image=&#8221;470&#8243; background_position=&#8221;center right&#8221; onepage_title=&#8221;Contact&#8221; onepage_anchor=&#8221;section-contact&#8221;][vc_column][tm_spacer size=&#8221;xs:40;lg:60&#8243;][\/vc_column][\/vc_row]<\/p>\n","protected":false},"author":1,"featured_media":0,"parent":0,"menu_order":0,"comment_status":"closed","ping_status":"closed","template":"","meta":[],"_links":{"self":[{"href":"https:\/\/peysanexport.com\/tr\/wp-json\/wp\/v2\/pages\/3538"}],"collection":[{"href":"https:\/\/peysanexport.com\/tr\/wp-json\/wp\/v2\/pages"}],"about":[{"href":"https:\/\/peysanexport.com\/tr\/wp-json\/wp\/v2\/types\/page"}],"author":[{"embeddable":true,"href":"https:\/\/peysanexport.com\/tr\/wp-json\/wp\/v2\/users\/1"}],"replies":[{"embeddable":true,"href":"https:\/\/peysanexport.com\/tr\/wp-json\/wp\/v2\/comments?post=3538"}],"version-history":[{"count":34,"href":"https:\/\/peysanexport.com\/tr\/wp-json\/wp\/v2\/pages\/3538\/revisions"}],"predecessor-version":[{"id":3540,"href":"https:\/\/peysanexport.com\/tr\/wp-json\/wp\/v2\/pages\/3538\/revisions\/3540"}],"wp:attachment":[{"href":"https:\/\/peysanexport.com\/tr\/wp-json\/wp\/v2\/media?parent=3538"}],"curies":[{"name":"wp","href":"https:\/\/api.w.org\/{rel}","templated":true}]}}