{"id":3576,"date":"2021-09-14T14:32:19","date_gmt":"2021-09-14T11:32:19","guid":{"rendered":"https:\/\/peysanexport.com\/?page_id=3576"},"modified":"2023-02-04T14:52:11","modified_gmt":"2023-02-04T11:52:11","slug":"about-us","status":"publish","type":"page","link":"https:\/\/peysanexport.com\/tr\/about-us\/","title":{"rendered":"Hakk\u0131m\u0131zda"},"content":{"rendered":"<p>[vc_section full_width=&#8221;stretch_row&#8221; background_color=&#8221;custom&#8221; custom_background_color=&#8221;#f4f4f4&#8243;][vc_row][vc_column][tm_spacer size=&#8221;lg:96&#8243;][\/vc_column][\/vc_row][vc_row][vc_column width=&#8221;1\/4&#8243;][tm_box_large_image style=&#8221;04&#8243; image=&#8221;3325&#8243;][\/vc_column][vc_column width=&#8221;3\/4&#8243;][tm_heading style=&#8221;modern-02&#8243; tag=&#8221;p&#8221; custom_google_font=&#8221;&#8221;]<strong>1936 y\u0131l\u0131ndan bu yana s\u00fct \u00fcr\u00fcnleri ve \u00f6zellikle peynir \u00e7e\u015fitleri \u00fcretiminde \u00f6nder olan firmam\u0131z,<\/strong> 1963 y\u0131l\u0131nda peynir \u00fcretimini \u00fclke ekonomisine ciddi katk\u0131 sa\u011flayan bir sanayi haline getirmeyi ama\u00e7lam\u0131\u015f ve bu yolda ciddi yat\u0131r\u0131mlar yaparak <strong>T\u00fcrkiye\u2019de ilk kez T\u00fcrk t\u00fcketicisine ambalajl\u0131 peyniri sunmu\u015ftur.<\/strong> Bu durum s\u00fct ve s\u00fct \u00fcr\u00fcnleri sekt\u00f6r\u00fcnde yeni bir \u00e7a\u011f yaratm\u0131\u015ft\u0131r.[\/tm_heading][\/vc_column][\/vc_row][vc_row][vc_column][tm_spacer size=&#8221;lg:96&#8243;][\/vc_column][\/vc_row][vc_row][vc_column width=&#8221;1\/4&#8243;][tm_box_large_image style=&#8221;04&#8243; image=&#8221;3785&#8243;][\/vc_column][vc_column width=&#8221;3\/4&#8243;][tm_heading style=&#8221;modern-02&#8243; tag=&#8221;p&#8221; custom_google_font=&#8221;&#8221;]Grubumuz Tradisyonel (Geleneksel) \u00fcretim tarz\u0131n\u0131 benimseyerek \u00fcretti\u011fi ambalajl\u0131 \u00fcr\u00fcnleri T\u00fcrk t\u00fcketicisine sunarak marka bilincini \u00f6n plana \u00e7\u0131karm\u0131\u015f, <strong>ayn\u0131 zamanda da g\u00fc\u00e7l\u00fc ve g\u00fcvenilir<\/strong> <mark>TAC\u0130RO\u011eLU &#038; PEYSAN<\/mark>\u00a0marka bilincinin olu\u015fmas\u0131n\u0131 sa\u011flam\u0131\u015ft\u0131r.[\/tm_heading][\/vc_column][\/vc_row][vc_row][vc_column][tm_spacer size=&#8221;lg:96&#8243;][\/vc_column][\/vc_row][vc_row][vc_column width=&#8221;1\/4&#8243;][tm_box_large_image style=&#8221;04&#8243; image=&#8221;3786&#8243;][\/vc_column][vc_column width=&#8221;3\/4&#8243;][tm_heading style=&#8221;modern-02&#8243; tag=&#8221;p&#8221; custom_google_font=&#8221;&#8221;]Yine ayn\u0131 ama\u00e7lar do\u011frultusunda 1979 y\u0131l\u0131nda standart kalitede fabrikasyon \u00fcretim olan\u00a0<mark>PEYSAN<\/mark>\u00a0markas\u0131n\u0131 yaratarak ve <strong>Peysan G\u0131da San. A.\u015e. Firmas\u0131n\u0131 kurarak<\/strong> s\u00fct \u00fcr\u00fcnleri piyasas\u0131nda \u00f6nc\u00fc olmaya devam etmi\u015f, T\u00fcrkiye\u2019de yeni bir sanayi kolu yaratm\u0131\u015f ve <strong>\u00fclke ekonomisine katk\u0131 sa\u011flam\u0131\u015ft\u0131r.<\/strong>[\/tm_heading][\/vc_column][\/vc_row][vc_row][vc_column][tm_spacer size=&#8221;lg:96&#8243;][\/vc_column][\/vc_row][vc_row][vc_column width=&#8221;1\/4&#8243;][tm_box_large_image style=&#8221;04&#8243; image=&#8221;3953&#8243;][\/vc_column][vc_column width=&#8221;3\/4&#8243;][tm_heading style=&#8221;modern-02&#8243; tag=&#8221;p&#8221; custom_google_font=&#8221;&#8221;]B\u00fct\u00fcn bu tradisyonel peynir \u00fcretiminin yan\u0131 s\u0131ra <strong>T\u00fcrkiye\u2019de ilk kez 1987 y\u0131l\u0131nda<\/strong> yurt d\u0131\u015f\u0131ndan uzmanlar getirterek deneme \u00fcretimlerini ger\u00e7ekle\u015ftirdi\u011fi, Ortado\u011fu pazar\u0131nda be\u011fenilen peynir \u00e7e\u015fitlerinden olan\u00a0<strong>Jadel\u00a0peynirini<\/strong> \u00fcretim gam\u0131na eklemi\u015ftir. Ancak hen\u00fcz markas\u0131z \u00fcretimlerin \u00e7ok yayg\u0131n olmas\u0131 nedeni ile bu \u00fcr\u00fcn hemen taklit edilmi\u015f ve pazarlarda \u00f6rg\u00fc peyniri ad\u0131 alt\u0131nda b\u00fcy\u00fck markalarda ambalajs\u0131z olarak sat\u0131lmaya ba\u015flanm\u0131\u015ft\u0131r.[\/tm_heading][\/vc_column][\/vc_row][vc_row][vc_column][tm_spacer size=&#8221;lg:96&#8243;][\/vc_column][\/vc_row][vc_row][vc_column][tm_heading style=&#8221;modern-02&#8243; tag=&#8221;p&#8221; custom_google_font=&#8221;&#8221;]<mark>PEYSAN,<\/mark> 1984 y\u0131l\u0131nda bu tip peynirlerin anavatan\u0131 olan Frans\u0131z Fromageries Bel firmas\u0131n\u0131n T\u00fcrkiye distrib\u00fct\u00f6rl\u00fc\u011f\u00fcn\u00fc alarak <strong>Frans\u0131zlar\u0131n\u00a0LA VACHE QU\u0130 R\u0130T (G\u00dcLEN \u0130NEK)<\/strong>\u00a0markal\u0131 \u00fcr\u00fcnlerini ithal etmi\u015f, kendi sat\u0131\u015f a\u011f\u0131 ile t\u00fcm T\u00fcrkiye\u2019ye da\u011f\u0131t\u0131m\u0131n\u0131 yaparak T\u00fcrk t\u00fcketicisinin be\u011fenisine sunmu\u015f <strong>ilk T\u00fcrk firmas\u0131d\u0131r.<\/strong> Devam\u0131nda Frans\u0131z Besnier Lactacis firmas\u0131n\u0131n da distiribit\u00f6rl\u00fc\u011f\u00fcn\u00fc alarak\u00a0<strong>PRESIDENT<\/strong>\u00a0markal\u0131 peynir ve tereya\u011flar\u0131n\u0131 ithal etmi\u015ftir.[\/tm_heading][\/vc_column][\/vc_row][vc_row][vc_column][tm_spacer size=&#8221;lg:96&#8243;][\/vc_column][\/vc_row][vc_row][vc_column width=&#8221;1\/4&#8243;][tm_box_large_image style=&#8221;04&#8243; image=&#8221;3831&#8243;][\/vc_column][vc_column width=&#8221;3\/4&#8243;][tm_heading style=&#8221;modern-02&#8243; tag=&#8221;p&#8221; custom_google_font=&#8221;&#8221;]<mark>PEYSAN,<\/mark> bu faaliyetleri ile yurtd\u0131\u015f\u0131nda T\u00fcrkiye\u2019ye dikkat \u00e7ekmi\u015f ve bir pazar olu\u015fmas\u0131na sebep olarak T\u00fcrk ekonomisine katma de\u011fer sa\u011flamaya devam etmi\u015ftir. Buna ba\u011fl\u0131 olarak da, d\u00fcnyada Avrupa tipi peynirler olarak bilinen <strong>Emmantel, Gouda, Edam, Camambert, Brie Madrigal, Rokfor (K\u00fcfl\u00fc Peynir)<\/strong> gibi peynirler ile <strong>taze past\u00f6rize peynirlere, dilimli ve \u00fc\u00e7gen peynir \u00e7e\u015fitlerine ve \u00e7e\u015fitli tat ve ambalajlardaki tereya\u011flar\u0131na T\u00fcrk sofralar\u0131nda yer a\u00e7m\u0131\u015ft\u0131r.<\/strong>[\/tm_heading][\/vc_column][\/vc_row][vc_row][vc_column][tm_spacer size=&#8221;lg:96&#8243;][\/vc_column][\/vc_row][vc_row][vc_column width=&#8221;1\/4&#8243;][tm_box_large_image style=&#8221;04&#8243; image=&#8221;3832&#8243;][\/vc_column][vc_column width=&#8221;3\/4&#8243;][tm_heading style=&#8221;modern-02&#8243; tag=&#8221;p&#8221; custom_google_font=&#8221;&#8221;]<strong>\u0130lk defa Danimarka\u2019da,<\/strong> <mark>PEYSAN \u00c7iftlik<\/mark>\u00a0ad\u0131 alt\u0131nda\u00a0ULTRA F\u0130L\u0130TRASYON PEYN\u0130R\u00a0\u00fcrettiren, ve yine\u00a0<strong>UNCLE BEN\u2019S<\/strong>\u00a0pirin\u00e7lerinin ithalat\u0131n\u0131 yaparak bu markay\u0131 <strong>T\u00fcrkiye\u2019ye lanse eden ilk T\u00fcrk firmas\u0131d\u0131r.<\/strong>[\/tm_heading][\/vc_column][\/vc_row][vc_row][vc_column][tm_spacer size=&#8221;lg:96&#8243;][\/vc_column][\/vc_row][vc_row][vc_column width=&#8221;1\/4&#8243;][tm_box_large_image style=&#8221;04&#8243; image=&#8221;3789&#8243;][\/vc_column][vc_column width=&#8221;3\/4&#8243;][tm_heading style=&#8221;modern-02&#8243; tag=&#8221;p&#8221; custom_google_font=&#8221;&#8221;]\u00dclkemizdeki s\u00fct \u00fcr\u00fcnleri ve peynir sekt\u00f6r\u00fcnde\u00a0<mark>TAC\u0130RO\u011eLU &#038; PEYSAN<\/mark>\u00a0markalar\u0131 ile t\u00fcm yeniliklere <strong>\u00f6nc\u00fc olmu\u015f ve hep ilkleri yapmay\u0131 ba\u015farm\u0131\u015f firmam\u0131z;<\/strong> \u00fcretimlerini, 1978 y\u0131l\u0131nda faaliyete ald\u0131\u011f\u0131, Edirne\u2019deki 30.000 m2\u2019lik alan \u00fczerinde kurulu modern \u00fcretim tesislerinde ve laboratuvar\u0131nda, \u00fcr\u00fcnlerin niteli\u011fine g\u00f6re \u0130nek, Koyun ve Ke\u00e7i s\u00fctleri kullan\u0131larak tamamen naturel olarak ve \u00fcretiminin her a\u015famas\u0131 deneyimli m\u00fchendisler ve teknik personellerin denetiminde ger\u00e7ekle\u015ftirmektedir.[\/tm_heading][\/vc_column][\/vc_row][vc_row][vc_column][tm_spacer size=&#8221;lg:96&#8243;][\/vc_column][\/vc_row][vc_row][vc_column width=&#8221;1\/4&#8243;][tm_box_large_image style=&#8221;04&#8243; image=&#8221;3790&#8243;][\/vc_column][vc_column width=&#8221;3\/4&#8243;][tm_heading style=&#8221;modern-02&#8243; tag=&#8221;p&#8221; custom_google_font=&#8221;&#8221;]Tesisimiz,\u00a0<strong>BRCGS FOOD<\/strong>\u00a0gibi g\u0131da g\u00fcvenli\u011fi belgelerine ve\u00a0<strong>HELAL\u00a0g\u0131da<\/strong> belgesine sahip olmas\u0131 nedeni ile s\u00fcrekli olarak yurtd\u0131\u015f\u0131 denetim firmalar\u0131 ve T\u00fcbitak, TSE gibi T\u00fcrk denetim kurulu\u015flar\u0131 taraf\u0131ndan denetlenmektedir.[\/tm_heading][\/vc_column][\/vc_row][vc_row][vc_column][tm_spacer size=&#8221;lg:96&#8243;][\/vc_column][\/vc_row][vc_row][vc_column width=&#8221;1\/4&#8243;][tm_box_large_image style=&#8221;04&#8243; image=&#8221;3791&#8243;][\/vc_column][vc_column width=&#8221;3\/4&#8243;][tm_heading style=&#8221;modern-02&#8243; tag=&#8221;p&#8221; custom_google_font=&#8221;&#8221;]Grubumuz,\u00a0<mark>PEYSAN &#038; TAC\u0130RO\u011eLU<\/mark>\u00a0markalar\u0131n\u0131n yan\u0131 s\u0131ra, markala\u015fmaya verdi\u011fi \u00f6nem do\u011frultusunda 1977 y\u0131l\u0131ndan ba\u015flamak \u00fczere tescilini yapt\u0131rd\u0131\u011f\u0131,\u00a0<strong>Sele &#8211; May\u0131s &#8211; \u015eef &#8211; Ka\u015fkaval &#8211; Ekonom &#8211; Binbo\u011fa &#8211; BTH &#8211; Siyah \u0130nci &#8211; Sar\u0131k\u0131z &#8211; Kral &#8211; Ali Baban\u0131n \u00c7iftli\u011fi<\/strong>\u00a0gibi\u00a0<strong>40&#8217;a yak\u0131n marka<\/strong>\u00a0tescil belgesine ve patentlere sahiptir. Geleneksel lezzeti, kalitesi ile ve tamamen hijyenik ko\u015fullarda \u00fcretti\u011fimiz \u00fcr\u00fcnlerimiz, \u00fclke genelinde \u00f6rg\u00fctlenmi\u015f sat\u0131\u015f ve pazarlama a\u011flar\u0131m\u0131z ile t\u00fcketicinin be\u011fenisine sunulmaktad\u0131r.[\/tm_heading][\/vc_column][\/vc_row][vc_row][vc_column][tm_spacer size=&#8221;lg:96&#8243;][\/vc_column][\/vc_row][vc_row][vc_column width=&#8221;1\/4&#8243;][tm_box_large_image style=&#8221;04&#8243; image=&#8221;3792&#8243;][\/vc_column][vc_column width=&#8221;3\/4&#8243;][tm_heading style=&#8221;modern-02&#8243; tag=&#8221;p&#8221; custom_google_font=&#8221;&#8221;]<mark>TAC\u0130RO\u011eLU &#038; PEYSAN,<\/mark>\u00a0Sosyal Sorumluluk Projeleri\u00a0kapsam\u0131nda \u00f6zellikle \u00fcniversiteli gen\u00e7lerimize okurken, okuduklar\u0131n\u0131 uygulayabilme ve i\u015f olana\u011f\u0131 bulma konusunda T\u00fcrkiye\u2019nin say\u0131l\u0131 <strong>\u00fcniversiteleri ile<\/strong>\u00a0(Bo\u011fazi\u00e7i &#8211; \u0130stanbul &#8211; Bah\u00e7e\u015fehir &#8211; \u0130T\u00dc &#8211; ODT\u00dc &#8211; Bah\u00e7e\u015fehir \u00dcniversiteleri)\u00a0<strong>i\u015f birli\u011fi yapmaktad\u0131r.<\/strong>[\/tm_heading][\/vc_column][\/vc_row][vc_row][vc_column][tm_spacer size=&#8221;lg:96&#8243;][\/vc_column][\/vc_row][vc_row full_width=&#8221;stretch_row&#8221; background_attachment=&#8221;fixed&#8221; overlay_background=&#8221;custom&#8221; overlay_opacity=&#8221;80&#8243; background_image=&#8221;3759&#8243;][vc_column][tm_spacer size=&#8221;lg:96&#8243;][tm_heading style=&#8221;left-line&#8221; tag=&#8221;p&#8221; custom_google_font=&#8221;&#8221; text_color=&#8221;custom&#8221; custom_text_color=&#8221;#ffffff&#8221;]1936 y\u0131l\u0131ndan bu yana her ko\u015fulda ayakta kalmay\u0131, <mark>PEYSAN &#038; TAC\u0130RO\u011eLU<\/mark> markalar\u0131n\u0131 g\u00fcvenilir k\u0131lmay\u0131 ba\u015farmam\u0131z\u0131n s\u0131rlar\u0131 ise:[\/tm_heading][tm_spacer size=&#8221;lg:16&#8243;][tm_heading style=&#8221;highlight-01&#8243; tag=&#8221;div&#8221; custom_google_font=&#8221;&#8221; font_weight=&#8221;700&#8243; text_color=&#8221;custom&#8221; custom_text_color=&#8221;#ffffff&#8221; animation=&#8221;move-left&#8221; font_size=&#8221;lg:24&#8243;]<\/p>\n<ul>\n<li>\u0130\u015fimizi her zaman, her \u015fartta \u00e7ok severek ve sayg\u0131 duyarak yapt\u0131k.<\/li>\n<li>T\u00fcketicilerimizin sa\u011fl\u0131\u011f\u0131na ve hijyenine her zaman \u00e7ok \u00f6nem verdik.<\/li>\n<li>Sorumlulu\u011fumuzun bilincinde olarak her zaman teknolojik yeniliklere a\u00e7\u0131k olduk ve kendimizi yeniledik.<\/li>\n<li>\u0130nsana ve do\u011faya sayg\u0131l\u0131y\u0131z.<\/li>\n<li>T\u00fcm \u00f6neri ve ele\u015ftirileri her zaman sayg\u0131 ile dinledik ve inceledik.<\/li>\n<\/ul>\n<p>[\/tm_heading][tm_spacer size=&#8221;lg:96&#8243;][\/vc_column][\/vc_row][vc_row][vc_column][tm_spacer size=&#8221;lg:96&#8243;][tm_heading style=&#8221;common&#8221; tag=&#8221;div&#8221; custom_google_font=&#8221;&#8221; text_color=&#8221;primary&#8221; hover_text_color=&#8221;primary&#8221;]Yolumuza ilk g\u00fcnk\u00fc heyecan\u0131m\u0131z ile, t\u00fcm teknolojik yenilikleri takip ederek, uygulayarak, t\u00fcketicilerimize yeni \u00e7e\u015fitler ve tatlar sunmak i\u00e7in kendimizi geli\u015ftirerek ve bu konuda yeni yat\u0131r\u0131mlar yap\u0131p gen\u00e7lere yeni istihdam alanlar\u0131 yaratarak devam ediyoruz.[\/tm_heading][tm_spacer size=&#8221;lg:96&#8243;][vc_zigzag][\/vc_column][\/vc_row][\/vc_section]<\/p>\n","protected":false},"excerpt":{"rendered":"<p>[vc_section full_width=&#8221;stretch_row&#8221; background_color=&#8221;custom&#8221; custom_background_color=&#8221;#f4f4f4&#8243;][vc_row][vc_column][tm_spacer size=&#8221;lg:96&#8243;][\/vc_column][\/vc_row][vc_row][vc_column width=&#8221;1\/4&#8243;][tm_box_large_image style=&#8221;04&#8243; image=&#8221;3325&#8243;][\/vc_column][vc_column width=&#8221;3\/4&#8243;][tm_heading style=&#8221;modern-02&#8243; tag=&#8221;p&#8221; custom_google_font=&#8221;&#8221;]1936 y\u0131l\u0131ndan bu yana s\u00fct \u00fcr\u00fcnleri ve \u00f6zellikle peynir \u00e7e\u015fitleri \u00fcretiminde \u00f6nder olan firmam\u0131z, 1963 y\u0131l\u0131nda peynir \u00fcretimini \u00fclke ekonomisine ciddi katk\u0131 sa\u011flayan bir sanayi haline getirmeyi ama\u00e7lam\u0131\u015f ve bu yolda ciddi yat\u0131r\u0131mlar yaparak T\u00fcrkiye\u2019de ilk kez T\u00fcrk t\u00fcketicisine ambalajl\u0131 peyniri sunmu\u015ftur. Bu durum s\u00fct ve s\u00fct \u00fcr\u00fcnleri sekt\u00f6r\u00fcnde yeni bir \u00e7a\u011f yaratm\u0131\u015ft\u0131r.[\/tm_heading][\/vc_column][\/vc_row][vc_row][vc_column][tm_spacer size=&#8221;lg:96&#8243;][\/vc_column][\/vc_row][vc_row][vc_column width=&#8221;1\/4&#8243;][tm_box_large_image style=&#8221;04&#8243; image=&#8221;3785&#8243;][\/vc_column][vc_column width=&#8221;3\/4&#8243;][tm_heading style=&#8221;modern-02&#8243; tag=&#8221;p&#8221; custom_google_font=&#8221;&#8221;]Grubumuz Tradisyonel (Geleneksel) \u00fcretim tarz\u0131n\u0131 benimseyerek \u00fcretti\u011fi ambalajl\u0131 \u00fcr\u00fcnleri T\u00fcrk t\u00fcketicisine sunarak marka bilincini \u00f6n plana \u00e7\u0131karm\u0131\u015f, ayn\u0131 zamanda da g\u00fc\u00e7l\u00fc ve g\u00fcvenilir TAC\u0130RO\u011eLU &#038; PEYSAN\u00a0marka bilincinin olu\u015fmas\u0131n\u0131 sa\u011flam\u0131\u015ft\u0131r.[\/tm_heading][\/vc_column][\/vc_row][vc_row][vc_column][tm_spacer size=&#8221;lg:96&#8243;][\/vc_column][\/vc_row][vc_row][vc_column width=&#8221;1\/4&#8243;][tm_box_large_image style=&#8221;04&#8243; image=&#8221;3786&#8243;][\/vc_column][vc_column width=&#8221;3\/4&#8243;][tm_heading style=&#8221;modern-02&#8243; tag=&#8221;p&#8221; custom_google_font=&#8221;&#8221;]Yine ayn\u0131 ama\u00e7lar do\u011frultusunda 1979 y\u0131l\u0131nda standart kalitede fabrikasyon \u00fcretim olan\u00a0PEYSAN\u00a0markas\u0131n\u0131 yaratarak ve Peysan G\u0131da San. A.\u015e. Firmas\u0131n\u0131 kurarak s\u00fct \u00fcr\u00fcnleri piyasas\u0131nda \u00f6nc\u00fc olmaya devam etmi\u015f, T\u00fcrkiye\u2019de yeni bir sanayi kolu yaratm\u0131\u015f ve \u00fclke ekonomisine katk\u0131 sa\u011flam\u0131\u015ft\u0131r.[\/tm_heading][\/vc_column][\/vc_row][vc_row][vc_column][tm_spacer size=&#8221;lg:96&#8243;][\/vc_column][\/vc_row][vc_row][vc_column width=&#8221;1\/4&#8243;][tm_box_large_image style=&#8221;04&#8243; image=&#8221;3953&#8243;][\/vc_column][vc_column width=&#8221;3\/4&#8243;][tm_heading style=&#8221;modern-02&#8243; tag=&#8221;p&#8221; custom_google_font=&#8221;&#8221;]B\u00fct\u00fcn bu tradisyonel peynir \u00fcretiminin yan\u0131 s\u0131ra T\u00fcrkiye\u2019de ilk kez 1987 y\u0131l\u0131nda yurt d\u0131\u015f\u0131ndan uzmanlar getirterek deneme \u00fcretimlerini ger\u00e7ekle\u015ftirdi\u011fi, Ortado\u011fu pazar\u0131nda be\u011fenilen peynir \u00e7e\u015fitlerinden olan\u00a0Jadel\u00a0peynirini \u00fcretim gam\u0131na eklemi\u015ftir. Ancak hen\u00fcz markas\u0131z \u00fcretimlerin \u00e7ok yayg\u0131n olmas\u0131 nedeni ile bu \u00fcr\u00fcn hemen taklit edilmi\u015f ve pazarlarda \u00f6rg\u00fc peyniri ad\u0131 alt\u0131nda b\u00fcy\u00fck markalarda ambalajs\u0131z olarak sat\u0131lmaya ba\u015flanm\u0131\u015ft\u0131r.[\/tm_heading][\/vc_column][\/vc_row][vc_row][vc_column][tm_spacer size=&#8221;lg:96&#8243;][\/vc_column][\/vc_row][vc_row][vc_column][tm_heading style=&#8221;modern-02&#8243; tag=&#8221;p&#8221; custom_google_font=&#8221;&#8221;]PEYSAN, 1984 y\u0131l\u0131nda bu tip peynirlerin anavatan\u0131 olan Frans\u0131z Fromageries Bel firmas\u0131n\u0131n T\u00fcrkiye distrib\u00fct\u00f6rl\u00fc\u011f\u00fcn\u00fc alarak Frans\u0131zlar\u0131n\u00a0LA VACHE QU\u0130 R\u0130T (G\u00dcLEN \u0130NEK)\u00a0markal\u0131 \u00fcr\u00fcnlerini ithal etmi\u015f, kendi sat\u0131\u015f a\u011f\u0131 ile t\u00fcm T\u00fcrkiye\u2019ye da\u011f\u0131t\u0131m\u0131n\u0131 yaparak T\u00fcrk t\u00fcketicisinin be\u011fenisine sunmu\u015f ilk T\u00fcrk firmas\u0131d\u0131r. Devam\u0131nda Frans\u0131z Besnier Lactacis firmas\u0131n\u0131n da distiribit\u00f6rl\u00fc\u011f\u00fcn\u00fc alarak\u00a0PRESIDENT\u00a0markal\u0131 peynir ve tereya\u011flar\u0131n\u0131 ithal etmi\u015ftir.[\/tm_heading][\/vc_column][\/vc_row][vc_row][vc_column][tm_spacer size=&#8221;lg:96&#8243;][\/vc_column][\/vc_row][vc_row][vc_column width=&#8221;1\/4&#8243;][tm_box_large_image style=&#8221;04&#8243; image=&#8221;3831&#8243;][\/vc_column][vc_column width=&#8221;3\/4&#8243;][tm_heading style=&#8221;modern-02&#8243; tag=&#8221;p&#8221; custom_google_font=&#8221;&#8221;]PEYSAN, bu faaliyetleri ile yurtd\u0131\u015f\u0131nda T\u00fcrkiye\u2019ye dikkat \u00e7ekmi\u015f ve bir pazar olu\u015fmas\u0131na sebep olarak T\u00fcrk ekonomisine katma de\u011fer sa\u011flamaya devam etmi\u015ftir. Buna ba\u011fl\u0131 olarak da, d\u00fcnyada Avrupa tipi peynirler olarak bilinen Emmantel, Gouda, Edam, Camambert, Brie Madrigal, Rokfor (K\u00fcfl\u00fc Peynir) gibi peynirler ile taze past\u00f6rize peynirlere, dilimli ve \u00fc\u00e7gen peynir \u00e7e\u015fitlerine ve \u00e7e\u015fitli tat ve ambalajlardaki tereya\u011flar\u0131na T\u00fcrk sofralar\u0131nda yer a\u00e7m\u0131\u015ft\u0131r.[\/tm_heading][\/vc_column][\/vc_row][vc_row][vc_column][tm_spacer size=&#8221;lg:96&#8243;][\/vc_column][\/vc_row][vc_row][vc_column width=&#8221;1\/4&#8243;][tm_box_large_image style=&#8221;04&#8243; image=&#8221;3832&#8243;][\/vc_column][vc_column width=&#8221;3\/4&#8243;][tm_heading style=&#8221;modern-02&#8243; tag=&#8221;p&#8221; custom_google_font=&#8221;&#8221;]\u0130lk defa Danimarka\u2019da, PEYSAN \u00c7iftlik\u00a0ad\u0131 alt\u0131nda\u00a0ULTRA F\u0130L\u0130TRASYON PEYN\u0130R\u00a0\u00fcrettiren, ve yine\u00a0UNCLE BEN\u2019S\u00a0pirin\u00e7lerinin ithalat\u0131n\u0131 yaparak bu markay\u0131 T\u00fcrkiye\u2019ye lanse eden ilk T\u00fcrk firmas\u0131d\u0131r.[\/tm_heading][\/vc_column][\/vc_row][vc_row][vc_column][tm_spacer size=&#8221;lg:96&#8243;][\/vc_column][\/vc_row][vc_row][vc_column width=&#8221;1\/4&#8243;][tm_box_large_image style=&#8221;04&#8243; image=&#8221;3789&#8243;][\/vc_column][vc_column width=&#8221;3\/4&#8243;][tm_heading style=&#8221;modern-02&#8243; tag=&#8221;p&#8221; custom_google_font=&#8221;&#8221;]\u00dclkemizdeki s\u00fct \u00fcr\u00fcnleri ve peynir sekt\u00f6r\u00fcnde\u00a0TAC\u0130RO\u011eLU &#038; PEYSAN\u00a0markalar\u0131 ile t\u00fcm yeniliklere \u00f6nc\u00fc olmu\u015f ve hep ilkleri yapmay\u0131 ba\u015farm\u0131\u015f firmam\u0131z; \u00fcretimlerini, 1978 y\u0131l\u0131nda faaliyete ald\u0131\u011f\u0131, Edirne\u2019deki 30.000 m2\u2019lik alan \u00fczerinde kurulu modern \u00fcretim tesislerinde ve laboratuvar\u0131nda, \u00fcr\u00fcnlerin niteli\u011fine g\u00f6re \u0130nek, Koyun ve Ke\u00e7i s\u00fctleri kullan\u0131larak tamamen naturel olarak ve \u00fcretiminin her a\u015famas\u0131 deneyimli m\u00fchendisler ve teknik personellerin denetiminde ger\u00e7ekle\u015ftirmektedir.[\/tm_heading][\/vc_column][\/vc_row][vc_row][vc_column][tm_spacer size=&#8221;lg:96&#8243;][\/vc_column][\/vc_row][vc_row][vc_column width=&#8221;1\/4&#8243;][tm_box_large_image style=&#8221;04&#8243; image=&#8221;3790&#8243;][\/vc_column][vc_column width=&#8221;3\/4&#8243;][tm_heading style=&#8221;modern-02&#8243; tag=&#8221;p&#8221; custom_google_font=&#8221;&#8221;]Tesisimiz,\u00a0BRCGS FOOD\u00a0gibi g\u0131da g\u00fcvenli\u011fi belgelerine ve\u00a0HELAL\u00a0g\u0131da belgesine sahip olmas\u0131 nedeni ile s\u00fcrekli olarak yurtd\u0131\u015f\u0131 denetim firmalar\u0131 ve T\u00fcbitak, TSE gibi T\u00fcrk denetim kurulu\u015flar\u0131 taraf\u0131ndan denetlenmektedir.[\/tm_heading][\/vc_column][\/vc_row][vc_row][vc_column][tm_spacer size=&#8221;lg:96&#8243;][\/vc_column][\/vc_row][vc_row][vc_column width=&#8221;1\/4&#8243;][tm_box_large_image style=&#8221;04&#8243; image=&#8221;3791&#8243;][\/vc_column][vc_column width=&#8221;3\/4&#8243;][tm_heading style=&#8221;modern-02&#8243; tag=&#8221;p&#8221; custom_google_font=&#8221;&#8221;]Grubumuz,\u00a0PEYSAN &#038; TAC\u0130RO\u011eLU\u00a0markalar\u0131n\u0131n yan\u0131 s\u0131ra, markala\u015fmaya verdi\u011fi \u00f6nem do\u011frultusunda 1977 y\u0131l\u0131ndan ba\u015flamak \u00fczere tescilini yapt\u0131rd\u0131\u011f\u0131,\u00a0Sele &#8211; May\u0131s &#8211; \u015eef &#8211; Ka\u015fkaval &#8211; Ekonom &#8211; Binbo\u011fa &#8211; BTH &#8211; Siyah \u0130nci &#8211; Sar\u0131k\u0131z &#8211; Kral &#8211; Ali Baban\u0131n \u00c7iftli\u011fi\u00a0gibi\u00a040&#8217;a yak\u0131n marka\u00a0tescil belgesine ve patentlere sahiptir. Geleneksel lezzeti, kalitesi ile ve tamamen hijyenik ko\u015fullarda \u00fcretti\u011fimiz \u00fcr\u00fcnlerimiz, \u00fclke genelinde \u00f6rg\u00fctlenmi\u015f sat\u0131\u015f ve pazarlama a\u011flar\u0131m\u0131z ile t\u00fcketicinin be\u011fenisine sunulmaktad\u0131r.[\/tm_heading][\/vc_column][\/vc_row][vc_row][vc_column][tm_spacer size=&#8221;lg:96&#8243;][\/vc_column][\/vc_row][vc_row][vc_column width=&#8221;1\/4&#8243;][tm_box_large_image style=&#8221;04&#8243; image=&#8221;3792&#8243;][\/vc_column][vc_column width=&#8221;3\/4&#8243;][tm_heading style=&#8221;modern-02&#8243; tag=&#8221;p&#8221; custom_google_font=&#8221;&#8221;]TAC\u0130RO\u011eLU &#038; PEYSAN,\u00a0Sosyal Sorumluluk Projeleri\u00a0kapsam\u0131nda \u00f6zellikle \u00fcniversiteli gen\u00e7lerimize okurken, okuduklar\u0131n\u0131 uygulayabilme ve i\u015f olana\u011f\u0131 bulma konusunda T\u00fcrkiye\u2019nin say\u0131l\u0131 \u00fcniversiteleri ile\u00a0(Bo\u011fazi\u00e7i &#8211; \u0130stanbul &#8211; Bah\u00e7e\u015fehir &#8211; \u0130T\u00dc &#8211; ODT\u00dc &#8211; Bah\u00e7e\u015fehir \u00dcniversiteleri)\u00a0i\u015f birli\u011fi yapmaktad\u0131r.[\/tm_heading][\/vc_column][\/vc_row][vc_row][vc_column][tm_spacer size=&#8221;lg:96&#8243;][\/vc_column][\/vc_row][vc_row full_width=&#8221;stretch_row&#8221; background_attachment=&#8221;fixed&#8221; overlay_background=&#8221;custom&#8221; overlay_opacity=&#8221;80&#8243; background_image=&#8221;3759&#8243;][vc_column][tm_spacer size=&#8221;lg:96&#8243;][tm_heading style=&#8221;left-line&#8221; tag=&#8221;p&#8221; custom_google_font=&#8221;&#8221; text_color=&#8221;custom&#8221; custom_text_color=&#8221;#ffffff&#8221;]1936 y\u0131l\u0131ndan bu yana her ko\u015fulda ayakta kalmay\u0131, PEYSAN &#038; TAC\u0130RO\u011eLU markalar\u0131n\u0131 g\u00fcvenilir k\u0131lmay\u0131 ba\u015farmam\u0131z\u0131n s\u0131rlar\u0131 ise:[\/tm_heading][tm_spacer size=&#8221;lg:16&#8243;][tm_heading style=&#8221;highlight-01&#8243; tag=&#8221;div&#8221; custom_google_font=&#8221;&#8221; font_weight=&#8221;700&#8243; text_color=&#8221;custom&#8221; custom_text_color=&#8221;#ffffff&#8221; animation=&#8221;move-left&#8221; font_size=&#8221;lg:24&#8243;] \u0130\u015fimizi her zaman, her \u015fartta \u00e7ok severek ve sayg\u0131 duyarak yapt\u0131k. T\u00fcketicilerimizin sa\u011fl\u0131\u011f\u0131na ve hijyenine her zaman \u00e7ok \u00f6nem verdik. Sorumlulu\u011fumuzun bilincinde olarak her zaman teknolojik yeniliklere a\u00e7\u0131k olduk ve kendimizi yeniledik. \u0130nsana ve do\u011faya sayg\u0131l\u0131y\u0131z. T\u00fcm \u00f6neri ve ele\u015ftirileri her zaman sayg\u0131 ile dinledik ve inceledik. [\/tm_heading][tm_spacer size=&#8221;lg:96&#8243;][\/vc_column][\/vc_row][vc_row][vc_column][tm_spacer size=&#8221;lg:96&#8243;][tm_heading style=&#8221;common&#8221; tag=&#8221;div&#8221; custom_google_font=&#8221;&#8221; text_color=&#8221;primary&#8221; hover_text_color=&#8221;primary&#8221;]Yolumuza ilk g\u00fcnk\u00fc heyecan\u0131m\u0131z ile, t\u00fcm teknolojik yenilikleri takip ederek, uygulayarak, t\u00fcketicilerimize yeni \u00e7e\u015fitler ve tatlar sunmak i\u00e7in kendimizi geli\u015ftirerek ve bu konuda yeni yat\u0131r\u0131mlar yap\u0131p gen\u00e7lere yeni istihdam alanlar\u0131 yaratarak devam ediyoruz.[\/tm_heading][tm_spacer size=&#8221;lg:96&#8243;][vc_zigzag][\/vc_column][\/vc_row][\/vc_section]<\/p>\n","protected":false},"author":1,"featured_media":0,"parent":0,"menu_order":0,"comment_status":"closed","ping_status":"closed","template":"","meta":[],"_links":{"self":[{"href":"https:\/\/peysanexport.com\/tr\/wp-json\/wp\/v2\/pages\/3576"}],"collection":[{"href":"https:\/\/peysanexport.com\/tr\/wp-json\/wp\/v2\/pages"}],"about":[{"href":"https:\/\/peysanexport.com\/tr\/wp-json\/wp\/v2\/types\/page"}],"author":[{"embeddable":true,"href":"https:\/\/peysanexport.com\/tr\/wp-json\/wp\/v2\/users\/1"}],"replies":[{"embeddable":true,"href":"https:\/\/peysanexport.com\/tr\/wp-json\/wp\/v2\/comments?post=3576"}],"version-history":[{"count":43,"href":"https:\/\/peysanexport.com\/tr\/wp-json\/wp\/v2\/pages\/3576\/revisions"}],"predecessor-version":[{"id":7014,"href":"https:\/\/peysanexport.com\/tr\/wp-json\/wp\/v2\/pages\/3576\/revisions\/7014"}],"wp:attachment":[{"href":"https:\/\/peysanexport.com\/tr\/wp-json\/wp\/v2\/media?parent=3576"}],"curies":[{"name":"wp","href":"https:\/\/api.w.org\/{rel}","templated":true}]}}