{"id":3501,"date":"2021-08-30T13:12:19","date_gmt":"2021-08-30T10:12:19","guid":{"rendered":"https:\/\/peysanexport.com\/?post_type=product&#038;p=3501"},"modified":"2023-02-04T17:37:39","modified_gmt":"2023-02-04T14:37:39","slug":"taciroglu-full-fat-fresh-kashar-cheese-400-g","status":"publish","type":"product","link":"https:\/\/peysanexport.com\/tr\/product\/taciroglu-full-fat-fresh-kashar-cheese-400-g\/","title":{"rendered":"Taciro\u011flu Tam Ya\u011fl\u0131 Taze Ka\u015far Peyniri 400 g"},"content":{"rendered":"<p>S\u0131cak sulu ha\u015flama metoduyla \u00fcretilmi\u015f Taciro\u011flu tam ya\u011fl\u0131 taze ka\u015far peyniri<\/p>\n","protected":false},"excerpt":{"rendered":"<p>S\u0131cak sulu ha\u015flama metoduyla \u00fcretilmi\u015f Taciro\u011flu tam ya\u011fl\u0131 taze ka\u015far peyniri<\/p>\n","protected":false},"featured_media":3491,"template":"","meta":[],"product_cat":[151],"product_tag":[],"_links":{"self":[{"href":"https:\/\/peysanexport.com\/tr\/wp-json\/wp\/v2\/product\/3501"}],"collection":[{"href":"https:\/\/peysanexport.com\/tr\/wp-json\/wp\/v2\/product"}],"about":[{"href":"https:\/\/peysanexport.com\/tr\/wp-json\/wp\/v2\/types\/product"}],"wp:featuredmedia":[{"embeddable":true,"href":"https:\/\/peysanexport.com\/tr\/wp-json\/wp\/v2\/media\/3491"}],"wp:attachment":[{"href":"https:\/\/peysanexport.com\/tr\/wp-json\/wp\/v2\/media?parent=3501"}],"wp:term":[{"taxonomy":"product_cat","embeddable":true,"href":"https:\/\/peysanexport.com\/tr\/wp-json\/wp\/v2\/product_cat?post=3501"},{"taxonomy":"product_tag","embeddable":true,"href":"https:\/\/peysanexport.com\/tr\/wp-json\/wp\/v2\/product_tag?post=3501"}],"curies":[{"name":"wp","href":"https:\/\/api.w.org\/{rel}","templated":true}]}}