{"id":3503,"date":"2021-08-30T13:28:59","date_gmt":"2021-08-30T10:28:59","guid":{"rendered":"https:\/\/peysanexport.com\/?post_type=product&#038;p=3503"},"modified":"2023-02-04T17:57:42","modified_gmt":"2023-02-04T14:57:42","slug":"taciroglu-white-cheese-cow-450-g","status":"publish","type":"product","link":"https:\/\/peysanexport.com\/tr\/product\/taciroglu-white-cheese-cow-450-g\/","title":{"rendered":"Taciro\u011flu Beyaz Peynir Kutu (\u0130nek) 450 g"},"content":{"rendered":"<p>T\u00fcrkiye\u2019ye \u00f6zg\u00fc geleneksel y\u00f6ntemler ile inek s\u00fct\u00fcnden \u00fcretilmi\u015f, 12 ay olgunla\u015ft\u0131r\u0131lm\u0131\u015f, Taciro\u011flu tam ya\u011fl\u0131 beyaz peynir<\/p>\n","protected":false},"excerpt":{"rendered":"<p>T\u00fcrkiye\u2019ye \u00f6zg\u00fc geleneksel y\u00f6ntemler ile inek s\u00fct\u00fcnden \u00fcretilmi\u015f, 12 ay olgunla\u015ft\u0131r\u0131lm\u0131\u015f, Taciro\u011flu tam ya\u011fl\u0131 beyaz peynir<\/p>\n","protected":false},"featured_media":3484,"template":"","meta":[],"product_cat":[152],"product_tag":[],"_links":{"self":[{"href":"https:\/\/peysanexport.com\/tr\/wp-json\/wp\/v2\/product\/3503"}],"collection":[{"href":"https:\/\/peysanexport.com\/tr\/wp-json\/wp\/v2\/product"}],"about":[{"href":"https:\/\/peysanexport.com\/tr\/wp-json\/wp\/v2\/types\/product"}],"wp:featuredmedia":[{"embeddable":true,"href":"https:\/\/peysanexport.com\/tr\/wp-json\/wp\/v2\/media\/3484"}],"wp:attachment":[{"href":"https:\/\/peysanexport.com\/tr\/wp-json\/wp\/v2\/media?parent=3503"}],"wp:term":[{"taxonomy":"product_cat","embeddable":true,"href":"https:\/\/peysanexport.com\/tr\/wp-json\/wp\/v2\/product_cat?post=3503"},{"taxonomy":"product_tag","embeddable":true,"href":"https:\/\/peysanexport.com\/tr\/wp-json\/wp\/v2\/product_tag?post=3503"}],"curies":[{"name":"wp","href":"https:\/\/api.w.org\/{rel}","templated":true}]}}