{"id":3508,"date":"2021-08-30T13:46:04","date_gmt":"2021-08-30T10:46:04","guid":{"rendered":"https:\/\/peysanexport.com\/?post_type=product&#038;p=3508"},"modified":"2023-02-04T17:51:33","modified_gmt":"2023-02-04T14:51:33","slug":"peysan-triangle-tulumi-cheese-with-black-cumin-300-g","status":"publish","type":"product","link":"https:\/\/peysanexport.com\/tr\/product\/peysan-triangle-tulumi-cheese-with-black-cumin-300-g\/","title":{"rendered":"Peysan \u00dc\u00e7gen Tulum Peyniri \u00c7\u00f6rekotlu 300 g"},"content":{"rendered":"<p>\u00d6zel tekniklerle \u00fcretilmi\u015f, \u00e7\u00f6rekotu ile zenginle\u015ftirilmi\u015f, i\u015flenmi\u015f Peysan tam ya\u011fl\u0131 tulum peyniri<\/p>\n","protected":false},"excerpt":{"rendered":"<p>\u00d6zel tekniklerle \u00fcretilmi\u015f, \u00e7\u00f6rekotu ile zenginle\u015ftirilmi\u015f, i\u015flenmi\u015f Peysan tam ya\u011fl\u0131 tulum peyniri<\/p>\n","protected":false},"featured_media":3459,"template":"","meta":[],"product_cat":[153],"product_tag":[],"_links":{"self":[{"href":"https:\/\/peysanexport.com\/tr\/wp-json\/wp\/v2\/product\/3508"}],"collection":[{"href":"https:\/\/peysanexport.com\/tr\/wp-json\/wp\/v2\/product"}],"about":[{"href":"https:\/\/peysanexport.com\/tr\/wp-json\/wp\/v2\/types\/product"}],"wp:featuredmedia":[{"embeddable":true,"href":"https:\/\/peysanexport.com\/tr\/wp-json\/wp\/v2\/media\/3459"}],"wp:attachment":[{"href":"https:\/\/peysanexport.com\/tr\/wp-json\/wp\/v2\/media?parent=3508"}],"wp:term":[{"taxonomy":"product_cat","embeddable":true,"href":"https:\/\/peysanexport.com\/tr\/wp-json\/wp\/v2\/product_cat?post=3508"},{"taxonomy":"product_tag","embeddable":true,"href":"https:\/\/peysanexport.com\/tr\/wp-json\/wp\/v2\/product_tag?post=3508"}],"curies":[{"name":"wp","href":"https:\/\/api.w.org\/{rel}","templated":true}]}}