{"id":3509,"date":"2021-08-30T13:47:00","date_gmt":"2021-08-30T10:47:00","guid":{"rendered":"https:\/\/peysanexport.com\/?post_type=product&#038;p=3509"},"modified":"2023-02-04T17:54:38","modified_gmt":"2023-02-04T14:54:38","slug":"peysan-triangle-tulumi-cheese-with-dill-300-g","status":"publish","type":"product","link":"https:\/\/peysanexport.com\/tr\/product\/peysan-triangle-tulumi-cheese-with-dill-300-g\/","title":{"rendered":"Peysan \u00dc\u00e7gen Tulum Peyniri Dereotlu 300 g"},"content":{"rendered":"<p>\u00d6zel tekniklerle \u00fcretilmi\u015f, dereotu ile zenginle\u015ftirilmi\u015f, i\u015flenmi\u015f Peysan tam ya\u011fl\u0131 tulum peyniri<\/p>\n","protected":false},"excerpt":{"rendered":"<p>\u00d6zel tekniklerle \u00fcretilmi\u015f, dereotu ile zenginle\u015ftirilmi\u015f, i\u015flenmi\u015f Peysan tam ya\u011fl\u0131 tulum peyniri<\/p>\n","protected":false},"featured_media":3460,"template":"","meta":[],"product_cat":[153],"product_tag":[],"_links":{"self":[{"href":"https:\/\/peysanexport.com\/tr\/wp-json\/wp\/v2\/product\/3509"}],"collection":[{"href":"https:\/\/peysanexport.com\/tr\/wp-json\/wp\/v2\/product"}],"about":[{"href":"https:\/\/peysanexport.com\/tr\/wp-json\/wp\/v2\/types\/product"}],"wp:featuredmedia":[{"embeddable":true,"href":"https:\/\/peysanexport.com\/tr\/wp-json\/wp\/v2\/media\/3460"}],"wp:attachment":[{"href":"https:\/\/peysanexport.com\/tr\/wp-json\/wp\/v2\/media?parent=3509"}],"wp:term":[{"taxonomy":"product_cat","embeddable":true,"href":"https:\/\/peysanexport.com\/tr\/wp-json\/wp\/v2\/product_cat?post=3509"},{"taxonomy":"product_tag","embeddable":true,"href":"https:\/\/peysanexport.com\/tr\/wp-json\/wp\/v2\/product_tag?post=3509"}],"curies":[{"name":"wp","href":"https:\/\/api.w.org\/{rel}","templated":true}]}}