{"id":3513,"date":"2021-08-30T14:00:10","date_gmt":"2021-08-30T11:00:10","guid":{"rendered":"https:\/\/peysanexport.com\/?post_type=product&#038;p=3513"},"modified":"2023-02-04T17:41:21","modified_gmt":"2023-02-04T14:41:21","slug":"peysan-full-fat-fresh-cottage-cheese-460-g","status":"publish","type":"product","link":"https:\/\/peysanexport.com\/tr\/product\/peysan-full-fat-fresh-cottage-cheese-460-g\/","title":{"rendered":"Peysan Tam Ya\u011fl\u0131 Taze S\u00fczme Peynir 460 g"},"content":{"rendered":"<p>Peysan tecr\u00fcbesi ile \u00fcretilmi\u015f, ambalaj\u0131 i\u00e7erisinde mayalanan tam ya\u011fl\u0131 taze beyaz peynir<\/p>\n","protected":false},"excerpt":{"rendered":"<p>Peysan tecr\u00fcbesi ile \u00fcretilmi\u015f, ambalaj\u0131 i\u00e7erisinde mayalanan tam ya\u011fl\u0131 taze beyaz peynir<\/p>\n","protected":false},"featured_media":3514,"template":"","meta":[],"product_cat":[151],"product_tag":[],"_links":{"self":[{"href":"https:\/\/peysanexport.com\/tr\/wp-json\/wp\/v2\/product\/3513"}],"collection":[{"href":"https:\/\/peysanexport.com\/tr\/wp-json\/wp\/v2\/product"}],"about":[{"href":"https:\/\/peysanexport.com\/tr\/wp-json\/wp\/v2\/types\/product"}],"wp:featuredmedia":[{"embeddable":true,"href":"https:\/\/peysanexport.com\/tr\/wp-json\/wp\/v2\/media\/3514"}],"wp:attachment":[{"href":"https:\/\/peysanexport.com\/tr\/wp-json\/wp\/v2\/media?parent=3513"}],"wp:term":[{"taxonomy":"product_cat","embeddable":true,"href":"https:\/\/peysanexport.com\/tr\/wp-json\/wp\/v2\/product_cat?post=3513"},{"taxonomy":"product_tag","embeddable":true,"href":"https:\/\/peysanexport.com\/tr\/wp-json\/wp\/v2\/product_tag?post=3513"}],"curies":[{"name":"wp","href":"https:\/\/api.w.org\/{rel}","templated":true}]}}