{"id":3518,"date":"2021-08-30T14:08:15","date_gmt":"2021-08-30T11:08:15","guid":{"rendered":"https:\/\/peysanexport.com\/?post_type=product&#038;p=3518"},"modified":"2023-02-04T17:37:04","modified_gmt":"2023-02-04T14:37:04","slug":"peysan-block-mozzarella-1650-g","status":"publish","type":"product","link":"https:\/\/peysanexport.com\/tr\/product\/peysan-block-mozzarella-1650-g\/","title":{"rendered":"Peysan Blok Mozzarella 1650 g"},"content":{"rendered":"<p>\u0130talyan tarz\u0131 re\u00e7ete ile s\u0131cak sulu ha\u015flama metoduyla \u00fcretilmi\u015f, pizzalar\u0131n vazge\u00e7ilmezi, Peysan&#8217;\u0131n taze Mozzarella peyniri<\/p>\n","protected":false},"excerpt":{"rendered":"<p>\u0130talyan tarz\u0131 re\u00e7ete ile s\u0131cak sulu ha\u015flama metoduyla \u00fcretilmi\u015f, pizzalar\u0131n vazge\u00e7ilmezi, Peysan&#039;\u0131n taze Mozzarella peyniri<\/p>\n","protected":false},"featured_media":3466,"template":"","meta":[],"product_cat":[151],"product_tag":[],"_links":{"self":[{"href":"https:\/\/peysanexport.com\/tr\/wp-json\/wp\/v2\/product\/3518"}],"collection":[{"href":"https:\/\/peysanexport.com\/tr\/wp-json\/wp\/v2\/product"}],"about":[{"href":"https:\/\/peysanexport.com\/tr\/wp-json\/wp\/v2\/types\/product"}],"wp:featuredmedia":[{"embeddable":true,"href":"https:\/\/peysanexport.com\/tr\/wp-json\/wp\/v2\/media\/3466"}],"wp:attachment":[{"href":"https:\/\/peysanexport.com\/tr\/wp-json\/wp\/v2\/media?parent=3518"}],"wp:term":[{"taxonomy":"product_cat","embeddable":true,"href":"https:\/\/peysanexport.com\/tr\/wp-json\/wp\/v2\/product_cat?post=3518"},{"taxonomy":"product_tag","embeddable":true,"href":"https:\/\/peysanexport.com\/tr\/wp-json\/wp\/v2\/product_tag?post=3518"}],"curies":[{"name":"wp","href":"https:\/\/api.w.org\/{rel}","templated":true}]}}