{"id":3528,"date":"2021-08-30T14:31:32","date_gmt":"2021-08-30T11:31:32","guid":{"rendered":"https:\/\/peysanexport.com\/?post_type=product&#038;p=3528"},"modified":"2023-02-04T18:01:11","modified_gmt":"2023-02-04T15:01:11","slug":"taciroglu-kashkaval-cheese-plain-5000-g","status":"publish","type":"product","link":"https:\/\/peysanexport.com\/tr\/product\/taciroglu-kashkaval-cheese-plain-5000-g\/","title":{"rendered":"Taciro\u011flu Ka\u015fkaval Peyniri Sade 5000 g"},"content":{"rendered":"<p>Balkanlara \u00f6zg\u00fc y\u00f6ntemler ile inek ve koyun s\u00fct\u00fcnden \u00fcretilmi\u015f, aroma olu\u015fumu i\u00e7in 3 ay dinlendirilmi\u015f, Taciro\u011flu tam ya\u011fl\u0131 ka\u015fkaval peyniri<\/p>\n","protected":false},"excerpt":{"rendered":"<p>Balkanlara \u00f6zg\u00fc y\u00f6ntemler ile inek ve koyun s\u00fct\u00fcnden \u00fcretilmi\u015f, aroma olu\u015fumu i\u00e7in 3 ay dinlendirilmi\u015f, Taciro\u011flu tam ya\u011fl\u0131 ka\u015fkaval peyniri<\/p>\n","protected":false},"featured_media":3490,"template":"","meta":[],"product_cat":[152],"product_tag":[],"_links":{"self":[{"href":"https:\/\/peysanexport.com\/tr\/wp-json\/wp\/v2\/product\/3528"}],"collection":[{"href":"https:\/\/peysanexport.com\/tr\/wp-json\/wp\/v2\/product"}],"about":[{"href":"https:\/\/peysanexport.com\/tr\/wp-json\/wp\/v2\/types\/product"}],"wp:featuredmedia":[{"embeddable":true,"href":"https:\/\/peysanexport.com\/tr\/wp-json\/wp\/v2\/media\/3490"}],"wp:attachment":[{"href":"https:\/\/peysanexport.com\/tr\/wp-json\/wp\/v2\/media?parent=3528"}],"wp:term":[{"taxonomy":"product_cat","embeddable":true,"href":"https:\/\/peysanexport.com\/tr\/wp-json\/wp\/v2\/product_cat?post=3528"},{"taxonomy":"product_tag","embeddable":true,"href":"https:\/\/peysanexport.com\/tr\/wp-json\/wp\/v2\/product_tag?post=3528"}],"curies":[{"name":"wp","href":"https:\/\/api.w.org\/{rel}","templated":true}]}}