{"id":3533,"date":"2021-08-30T14:41:13","date_gmt":"2021-08-30T11:41:13","guid":{"rendered":"https:\/\/peysanexport.com\/?post_type=product&#038;p=3533"},"modified":"2023-02-04T18:00:04","modified_gmt":"2023-02-04T15:00:04","slug":"taciroglu-full-fat-tulum-cheese-250-g","status":"publish","type":"product","link":"https:\/\/peysanexport.com\/tr\/product\/taciroglu-full-fat-tulum-cheese-250-g\/","title":{"rendered":"Taciro\u011flu Tam Ya\u011fl\u0131 Tulum Peyniri 250 g"},"content":{"rendered":"<p>Mevsimin ko\u015fullar\u0131na g\u00f6re inek, koyun ve ke\u00e7i s\u00fct\u00fcnden geleneksel y\u00f6ntemer ile \u00fcretilen ve \u00f6zel ambalaj\u0131nda 9 ay dinlendikten sonra Taciro\u011flu\u2019nun yenilik\u00e7i ba\u011f\u0131rsak ambalaj\u0131nda sunulan tam ya\u011fl\u0131 tulum peyniri<\/p>\n","protected":false},"excerpt":{"rendered":"<p>Mevsimin ko\u015fullar\u0131na g\u00f6re inek, koyun ve ke\u00e7i s\u00fct\u00fcnden geleneksel y\u00f6ntemer ile \u00fcretilen ve \u00f6zel ambalaj\u0131nda 9 ay dinlendikten sonra Taciro\u011flu\u2019nun yenilik\u00e7i ba\u011f\u0131rsak ambalaj\u0131nda sunulan tam ya\u011fl\u0131 tulum peyniri<\/p>\n","protected":false},"featured_media":3492,"template":"","meta":[],"product_cat":[152],"product_tag":[],"_links":{"self":[{"href":"https:\/\/peysanexport.com\/tr\/wp-json\/wp\/v2\/product\/3533"}],"collection":[{"href":"https:\/\/peysanexport.com\/tr\/wp-json\/wp\/v2\/product"}],"about":[{"href":"https:\/\/peysanexport.com\/tr\/wp-json\/wp\/v2\/types\/product"}],"wp:featuredmedia":[{"embeddable":true,"href":"https:\/\/peysanexport.com\/tr\/wp-json\/wp\/v2\/media\/3492"}],"wp:attachment":[{"href":"https:\/\/peysanexport.com\/tr\/wp-json\/wp\/v2\/media?parent=3533"}],"wp:term":[{"taxonomy":"product_cat","embeddable":true,"href":"https:\/\/peysanexport.com\/tr\/wp-json\/wp\/v2\/product_cat?post=3533"},{"taxonomy":"product_tag","embeddable":true,"href":"https:\/\/peysanexport.com\/tr\/wp-json\/wp\/v2\/product_tag?post=3533"}],"curies":[{"name":"wp","href":"https:\/\/api.w.org\/{rel}","templated":true}]}}