{"id":3700,"date":"2021-09-24T16:36:50","date_gmt":"2021-09-24T13:36:50","guid":{"rendered":"https:\/\/peysanexport.com\/?post_type=product&#038;p=3700"},"modified":"2023-02-04T18:02:53","modified_gmt":"2023-02-04T15:02:53","slug":"peysan-milk-1000-ml","status":"publish","type":"product","link":"https:\/\/peysanexport.com\/tr\/product\/peysan-milk-1000-ml\/","title":{"rendered":"Peysan Latte S\u00fct 1000 ml"},"content":{"rendered":"<p>%3,5 ya\u011fl\u0131 Peysan kalitesinde UHT S\u00fct<\/p>\n","protected":false},"excerpt":{"rendered":"<p>%3,5 ya\u011fl\u0131 Peysan kalitesinde UHT S\u00fct<\/p>\n","protected":false},"featured_media":3701,"template":"","meta":[],"product_cat":[154],"product_tag":[],"_links":{"self":[{"href":"https:\/\/peysanexport.com\/tr\/wp-json\/wp\/v2\/product\/3700"}],"collection":[{"href":"https:\/\/peysanexport.com\/tr\/wp-json\/wp\/v2\/product"}],"about":[{"href":"https:\/\/peysanexport.com\/tr\/wp-json\/wp\/v2\/types\/product"}],"wp:featuredmedia":[{"embeddable":true,"href":"https:\/\/peysanexport.com\/tr\/wp-json\/wp\/v2\/media\/3701"}],"wp:attachment":[{"href":"https:\/\/peysanexport.com\/tr\/wp-json\/wp\/v2\/media?parent=3700"}],"wp:term":[{"taxonomy":"product_cat","embeddable":true,"href":"https:\/\/peysanexport.com\/tr\/wp-json\/wp\/v2\/product_cat?post=3700"},{"taxonomy":"product_tag","embeddable":true,"href":"https:\/\/peysanexport.com\/tr\/wp-json\/wp\/v2\/product_tag?post=3700"}],"curies":[{"name":"wp","href":"https:\/\/api.w.org\/{rel}","templated":true}]}}