{"id":3710,"date":"2021-09-24T17:23:02","date_gmt":"2021-09-24T14:23:02","guid":{"rendered":"https:\/\/peysanexport.com\/?post_type=product&#038;p=3710"},"modified":"2023-02-04T17:42:27","modified_gmt":"2023-02-04T14:42:27","slug":"peysan-full-fat-feta-cheese-17-kg","status":"publish","type":"product","link":"https:\/\/peysanexport.com\/tr\/product\/peysan-full-fat-feta-cheese-17-kg\/","title":{"rendered":"Peysan K\u00fclt\u00fcrl\u00fc Beyaz Peynir 17 kg"},"content":{"rendered":"<p>T\u00fcrkiye\u2019ye \u00f6zg\u00fc geleneksel y\u00f6ntemler ile inek s\u00fct\u00fcnden \u00fcretilmi\u015f, 6 ay olgunla\u015ft\u0131r\u0131lm\u0131\u015f, Peysan tam ya\u011fl\u0131 beyaz peynir<\/p>\n","protected":false},"excerpt":{"rendered":"<p>T\u00fcrkiye\u2019ye \u00f6zg\u00fc geleneksel y\u00f6ntemler ile inek s\u00fct\u00fcnden \u00fcretilmi\u015f, 6 ay olgunla\u015ft\u0131r\u0131lm\u0131\u015f, Peysan tam ya\u011fl\u0131 beyaz peynir<\/p>\n","protected":false},"featured_media":4169,"template":"","meta":[],"product_cat":[151],"product_tag":[],"_links":{"self":[{"href":"https:\/\/peysanexport.com\/tr\/wp-json\/wp\/v2\/product\/3710"}],"collection":[{"href":"https:\/\/peysanexport.com\/tr\/wp-json\/wp\/v2\/product"}],"about":[{"href":"https:\/\/peysanexport.com\/tr\/wp-json\/wp\/v2\/types\/product"}],"wp:featuredmedia":[{"embeddable":true,"href":"https:\/\/peysanexport.com\/tr\/wp-json\/wp\/v2\/media\/4169"}],"wp:attachment":[{"href":"https:\/\/peysanexport.com\/tr\/wp-json\/wp\/v2\/media?parent=3710"}],"wp:term":[{"taxonomy":"product_cat","embeddable":true,"href":"https:\/\/peysanexport.com\/tr\/wp-json\/wp\/v2\/product_cat?post=3710"},{"taxonomy":"product_tag","embeddable":true,"href":"https:\/\/peysanexport.com\/tr\/wp-json\/wp\/v2\/product_tag?post=3710"}],"curies":[{"name":"wp","href":"https:\/\/api.w.org\/{rel}","templated":true}]}}