{"id":4045,"date":"2022-01-05T17:34:16","date_gmt":"2022-01-05T14:34:16","guid":{"rendered":"https:\/\/peysanexport.com\/tr\/?post_type=product&#038;p=4045"},"modified":"2023-02-04T18:00:29","modified_gmt":"2023-02-04T15:00:29","slug":"peysan-tulum-cheese-erzincan-225-g","status":"publish","type":"product","link":"https:\/\/peysanexport.com\/tr\/product\/peysan-tulum-cheese-erzincan-225-g\/","title":{"rendered":"Peysan Tulum Peyniri (Erzincan) 225 g"},"content":{"rendered":"<p>\u00d6zel tekniklerle \u00fcretilmi\u015f, i\u015flenmi\u015f Peysan tam ya\u011fl\u0131 tulum peyniri<\/p>\n","protected":false},"excerpt":{"rendered":"<p>\u00d6zel tekniklerle \u00fcretilmi\u015f, i\u015flenmi\u015f Peysan tam ya\u011fl\u0131 tulum peyniri<\/p>\n","protected":false},"featured_media":4046,"template":"","meta":[],"product_cat":[152],"product_tag":[],"_links":{"self":[{"href":"https:\/\/peysanexport.com\/tr\/wp-json\/wp\/v2\/product\/4045"}],"collection":[{"href":"https:\/\/peysanexport.com\/tr\/wp-json\/wp\/v2\/product"}],"about":[{"href":"https:\/\/peysanexport.com\/tr\/wp-json\/wp\/v2\/types\/product"}],"wp:featuredmedia":[{"embeddable":true,"href":"https:\/\/peysanexport.com\/tr\/wp-json\/wp\/v2\/media\/4046"}],"wp:attachment":[{"href":"https:\/\/peysanexport.com\/tr\/wp-json\/wp\/v2\/media?parent=4045"}],"wp:term":[{"taxonomy":"product_cat","embeddable":true,"href":"https:\/\/peysanexport.com\/tr\/wp-json\/wp\/v2\/product_cat?post=4045"},{"taxonomy":"product_tag","embeddable":true,"href":"https:\/\/peysanexport.com\/tr\/wp-json\/wp\/v2\/product_tag?post=4045"}],"curies":[{"name":"wp","href":"https:\/\/api.w.org\/{rel}","templated":true}]}}