{"id":4150,"date":"2022-02-17T14:31:48","date_gmt":"2022-02-17T11:31:48","guid":{"rendered":"https:\/\/peysanexport.com\/tr\/?post_type=product&#038;p=4150"},"modified":"2023-02-04T18:02:00","modified_gmt":"2023-02-04T15:02:00","slug":"peysan-cheese-halva-150-g","status":"publish","type":"product","link":"https:\/\/peysanexport.com\/tr\/product\/peysan-cheese-halva-150-g\/","title":{"rendered":"Peysan Peynir Helvas\u0131 150 g"},"content":{"rendered":"<p>Trakya s\u00fct\u00fcnden \u00fcretilmi\u015f, Peysan&#8217;\u0131n \u00fcnl\u00fc peynir helvas\u0131<\/p>\n","protected":false},"excerpt":{"rendered":"<p>Trakya s\u00fct\u00fcnden \u00fcretilmi\u015f, Peysan&#039;\u0131n \u00fcnl\u00fc peynir helvas\u0131<\/p>\n","protected":false},"featured_media":3468,"template":"","meta":[],"product_cat":[154],"product_tag":[],"_links":{"self":[{"href":"https:\/\/peysanexport.com\/tr\/wp-json\/wp\/v2\/product\/4150"}],"collection":[{"href":"https:\/\/peysanexport.com\/tr\/wp-json\/wp\/v2\/product"}],"about":[{"href":"https:\/\/peysanexport.com\/tr\/wp-json\/wp\/v2\/types\/product"}],"wp:featuredmedia":[{"embeddable":true,"href":"https:\/\/peysanexport.com\/tr\/wp-json\/wp\/v2\/media\/3468"}],"wp:attachment":[{"href":"https:\/\/peysanexport.com\/tr\/wp-json\/wp\/v2\/media?parent=4150"}],"wp:term":[{"taxonomy":"product_cat","embeddable":true,"href":"https:\/\/peysanexport.com\/tr\/wp-json\/wp\/v2\/product_cat?post=4150"},{"taxonomy":"product_tag","embeddable":true,"href":"https:\/\/peysanexport.com\/tr\/wp-json\/wp\/v2\/product_tag?post=4150"}],"curies":[{"name":"wp","href":"https:\/\/api.w.org\/{rel}","templated":true}]}}