{"id":4152,"date":"2022-02-17T14:38:35","date_gmt":"2022-02-17T11:38:35","guid":{"rendered":"https:\/\/peysanexport.com\/tr\/?post_type=product&#038;p=4152"},"modified":"2023-02-04T18:03:12","modified_gmt":"2023-02-04T15:03:12","slug":"peysan-butter-225-g","status":"publish","type":"product","link":"https:\/\/peysanexport.com\/tr\/product\/peysan-butter-225-g\/","title":{"rendered":"Peysan Tereya\u011f\u0131 225 g"},"content":{"rendered":"<p>Trakya s\u00fct\u00fcnden \u00fcretilmi\u015f, Peysan&#8217;\u0131n \u00fcnl\u00fc tereya\u011f\u0131<\/p>\n","protected":false},"excerpt":{"rendered":"<p>Trakya s\u00fct\u00fcnden \u00fcretilmi\u015f, Peysan&#039;\u0131n \u00fcnl\u00fc tereya\u011f\u0131<\/p>\n","protected":false},"featured_media":3480,"template":"","meta":[],"product_cat":[154],"product_tag":[],"_links":{"self":[{"href":"https:\/\/peysanexport.com\/tr\/wp-json\/wp\/v2\/product\/4152"}],"collection":[{"href":"https:\/\/peysanexport.com\/tr\/wp-json\/wp\/v2\/product"}],"about":[{"href":"https:\/\/peysanexport.com\/tr\/wp-json\/wp\/v2\/types\/product"}],"wp:featuredmedia":[{"embeddable":true,"href":"https:\/\/peysanexport.com\/tr\/wp-json\/wp\/v2\/media\/3480"}],"wp:attachment":[{"href":"https:\/\/peysanexport.com\/tr\/wp-json\/wp\/v2\/media?parent=4152"}],"wp:term":[{"taxonomy":"product_cat","embeddable":true,"href":"https:\/\/peysanexport.com\/tr\/wp-json\/wp\/v2\/product_cat?post=4152"},{"taxonomy":"product_tag","embeddable":true,"href":"https:\/\/peysanexport.com\/tr\/wp-json\/wp\/v2\/product_tag?post=4152"}],"curies":[{"name":"wp","href":"https:\/\/api.w.org\/{rel}","templated":true}]}}