{"id":4153,"date":"2022-02-17T14:42:10","date_gmt":"2022-02-17T11:42:10","guid":{"rendered":"https:\/\/peysanexport.com\/tr\/?post_type=product&#038;p=4153"},"modified":"2023-02-04T18:03:32","modified_gmt":"2023-02-04T15:03:32","slug":"peysan-butter-1000-g","status":"publish","type":"product","link":"https:\/\/peysanexport.com\/tr\/product\/peysan-butter-1000-g\/","title":{"rendered":"Peysan Tereya\u011f\u0131 1000 g"},"content":{"rendered":"<p>Trakya s\u00fct\u00fcnden \u00fcretilmi\u015f, Peysan&#8217;\u0131n \u00fcnl\u00fc tereya\u011f\u0131<\/p>\n","protected":false},"excerpt":{"rendered":"<p>Trakya s\u00fct\u00fcnden \u00fcretilmi\u015f, Peysan&#039;\u0131n \u00fcnl\u00fc tereya\u011f\u0131<\/p>\n","protected":false},"featured_media":3480,"template":"","meta":[],"product_cat":[154],"product_tag":[],"_links":{"self":[{"href":"https:\/\/peysanexport.com\/tr\/wp-json\/wp\/v2\/product\/4153"}],"collection":[{"href":"https:\/\/peysanexport.com\/tr\/wp-json\/wp\/v2\/product"}],"about":[{"href":"https:\/\/peysanexport.com\/tr\/wp-json\/wp\/v2\/types\/product"}],"wp:featuredmedia":[{"embeddable":true,"href":"https:\/\/peysanexport.com\/tr\/wp-json\/wp\/v2\/media\/3480"}],"wp:attachment":[{"href":"https:\/\/peysanexport.com\/tr\/wp-json\/wp\/v2\/media?parent=4153"}],"wp:term":[{"taxonomy":"product_cat","embeddable":true,"href":"https:\/\/peysanexport.com\/tr\/wp-json\/wp\/v2\/product_cat?post=4153"},{"taxonomy":"product_tag","embeddable":true,"href":"https:\/\/peysanexport.com\/tr\/wp-json\/wp\/v2\/product_tag?post=4153"}],"curies":[{"name":"wp","href":"https:\/\/api.w.org\/{rel}","templated":true}]}}